{"id":10950,"date":"2026-04-02T17:14:06","date_gmt":"2026-04-02T21:14:06","guid":{"rendered":"https:\/\/www.paysagesrossignol.com\/programme-de-fidelite\/"},"modified":"2026-05-11T11:18:46","modified_gmt":"2026-05-11T15:18:46","slug":"loyalty-program","status":"publish","type":"page","link":"https:\/\/www.paysagesrossignol.com\/en\/loyalty-program\/","title":{"rendered":"Loyalty Program"},"content":{"rendered":"\t\t<div data-elementor-type=\"wp-page\" data-elementor-id=\"10950\" class=\"elementor elementor-10950 elementor-56\" data-elementor-post-type=\"page\">\n\t\t\t\t<div class=\"elementor-element elementor-element-b41362a e-flex e-con-boxed e-con e-parent\" data-id=\"b41362a\" data-element_type=\"container\" data-e-type=\"container\" data-settings=\"{&quot;background_background&quot;:&quot;classic&quot;}\">\n\t\t\t\t\t<div class=\"e-con-inner\">\n\t\t\t\t<div class=\"elementor-element elementor-element-e7fdc5e elementor-widget__width-inherit elementor-widget elementor-widget-heading\" data-id=\"e7fdc5e\" data-element_type=\"widget\" data-e-type=\"widget\" data-widget_type=\"heading.default\">\n\t\t\t\t\t<h1 class=\"elementor-heading-title elementor-size-default\">Loyalty Program<\/h1>\t\t\t\t<\/div>\n\t\t\t\t<div class=\"elementor-element elementor-element-8f0448a elementor-widget__width-inherit elementor-widget elementor-widget-heading\" data-id=\"8f0448a\" data-element_type=\"widget\" data-e-type=\"widget\" data-widget_type=\"heading.default\">\n\t\t\t\t\t<h2 class=\"elementor-heading-title elementor-size-default\"> Rossignol<\/h2>\t\t\t\t<\/div>\n\t\t\t\t\t<\/div>\n\t\t\t\t<\/div>\n\t\t<div class=\"elementor-element elementor-element-7444867 e-flex e-con-boxed e-con e-parent\" data-id=\"7444867\" data-element_type=\"container\" data-e-type=\"container\">\n\t\t\t\t\t<div class=\"e-con-inner\">\n\t\t\t\t<div class=\"elementor-element elementor-element-999a74c elementor-widget elementor-widget-shortcode\" data-id=\"999a74c\" data-element_type=\"widget\" data-e-type=\"widget\" data-widget_type=\"shortcode.default\">\n\t\t\t\t\t\t\t<div class=\"elementor-shortcode\"><ul class=\"rossignol_breadcrumb\"><li class=\"line_60 item-home\"><a class=\"bread-link bread-home class_60\" href=\"https:\/\/www.paysagesrossignol.com\/en\/\" title=\"Home\">Home<\/a><\/li><li class=\"line_61 separator\"> <svg xmlns=\"http:\/\/www.w3.org\/2000\/svg\" width=\"5.62\" height=\"10.24\" viewBox=\"0 0 5.62 10.24\"><path id=\"Icon_akar-arrow-down\" data-name=\"Icon akar-arrow-down\" d=\"M11.913,17.04,7.5,12.627l4.413,4.413,4.413-4.413\" transform=\"translate(-11.92 17.033) rotate(-90)\" fill=\"none\" stroke=\"#023a16\" stroke-linecap=\"round\" stroke-linejoin=\"round\" stroke-width=\"1\"\/><\/svg> <\/li><\/ul><\/div>\n\t\t\t\t\t\t<\/div>\n\t\t\t\t\t<\/div>\n\t\t\t\t<\/div>\n\t\t<div class=\"elementor-element elementor-element-ed00b98 e-flex e-con-boxed e-con e-parent\" data-id=\"ed00b98\" data-element_type=\"container\" data-e-type=\"container\">\n\t\t\t\t\t<div class=\"e-con-inner\">\n\t\t<div class=\"elementor-element elementor-element-d9a575c e-con-full e-flex elementor-invisible e-con e-child\" data-id=\"d9a575c\" data-element_type=\"container\" data-e-type=\"container\" data-settings=\"{&quot;animation&quot;:&quot;fadeInRight&quot;}\">\n\t\t<div class=\"elementor-element elementor-element-f23b4ba e-con-full e-flex e-con e-child\" data-id=\"f23b4ba\" data-element_type=\"container\" data-e-type=\"container\">\n\t\t\t\t<div class=\"elementor-element elementor-element-55e5d57 elementor-widget elementor-widget-heading\" data-id=\"55e5d57\" data-element_type=\"widget\" data-e-type=\"widget\" data-widget_type=\"heading.default\">\n\t\t\t\t\t<p class=\"elementor-heading-title elementor-size-default\">Rossignol,<\/p>\t\t\t\t<\/div>\n\t\t\t\t<div class=\"elementor-element elementor-element-e654d31 elementor-widget elementor-widget-heading\" data-id=\"e654d31\" data-element_type=\"widget\" data-e-type=\"widget\" data-widget_type=\"heading.default\">\n\t\t\t\t\t<h2 class=\"elementor-heading-title elementor-size-default\">Loyalty Program<\/h2>\t\t\t\t<\/div>\n\t\t\t\t<\/div>\n\t\t\t\t<div class=\"elementor-element elementor-element-ef415cc elementor-widget elementor-widget-heading\" data-id=\"ef415cc\" data-element_type=\"widget\" data-e-type=\"widget\" data-widget_type=\"heading.default\">\n\t\t\t\t\t<h2 class=\"elementor-heading-title elementor-size-default\">Freebees is a free rewards program that allows you to earn Rossignol dollars (on in-store purchases only).<\/h2>\t\t\t\t<\/div>\n\t\t\t\t<div class=\"elementor-element elementor-element-a050641 elementor-widget elementor-widget-heading\" data-id=\"a050641\" data-element_type=\"widget\" data-e-type=\"widget\" data-widget_type=\"heading.default\">\n\t\t\t\t\t<h3 class=\"elementor-heading-title elementor-size-default\">Ask for your card during your next visit!<\/h3>\t\t\t\t<\/div>\n\t\t\t\t<div class=\"elementor-element elementor-element-713455a elementor-icon-list--layout-traditional elementor-list-item-link-full_width elementor-widget elementor-widget-icon-list\" data-id=\"713455a\" data-element_type=\"widget\" data-e-type=\"widget\" data-widget_type=\"icon-list.default\">\n\t\t\t\t\t\t\t<ul class=\"elementor-icon-list-items\">\n\t\t\t\t\t\t\t<li class=\"elementor-icon-list-item\">\n\t\t\t\t\t\t\t\t\t\t\t<span class=\"elementor-icon-list-icon\">\n\t\t\t\t\t\t\t<svg xmlns=\"http:\/\/www.w3.org\/2000\/svg\" class=\"check\" viewBox=\"0 0 17.7844 15.1496\"><path d=\"M7.2176,14.49c-.397,0-.7788-.1572-1.0605-.4395L1.2356,9.1286c-.5859-.5859-.5859-1.5356,0-2.1211.5859-.5859,1.5352-.5859,2.1211,0l3.7603,3.7603L14.2679,2.1863c.5303-.6357,1.4751-.7231,2.1128-.1919.6362.5303.7222,1.4761.1919,2.1128l-8.2026,9.8433c-.27.3237-.6636.519-1.0845.5381-.0225.001-.0454.0015-.0679.0015Z\"><\/path><\/svg>\t\t\t\t\t\t<\/span>\n\t\t\t\t\t\t\t\t\t\t<span class=\"elementor-icon-list-text\">Joining the Freebees program means supporting businesses you love, like Rossignol, while earning rewards!<\/span>\n\t\t\t\t\t\t\t\t\t<\/li>\n\t\t\t\t\t\t\t\t<li class=\"elementor-icon-list-item\">\n\t\t\t\t\t\t\t\t\t\t\t<span class=\"elementor-icon-list-icon\">\n\t\t\t\t\t\t\t<svg xmlns=\"http:\/\/www.w3.org\/2000\/svg\" class=\"check\" viewBox=\"0 0 17.7844 15.1496\"><path d=\"M7.2176,14.49c-.397,0-.7788-.1572-1.0605-.4395L1.2356,9.1286c-.5859-.5859-.5859-1.5356,0-2.1211.5859-.5859,1.5352-.5859,2.1211,0l3.7603,3.7603L14.2679,2.1863c.5303-.6357,1.4751-.7231,2.1128-.1919.6362.5303.7222,1.4761.1919,2.1128l-8.2026,9.8433c-.27.3237-.6636.519-1.0845.5381-.0225.001-.0454.0015-.0679.0015Z\"><\/path><\/svg>\t\t\t\t\t\t<\/span>\n\t\t\t\t\t\t\t\t\t\t<span class=\"elementor-icon-list-text\">Create your account now to earn rewards at Rossignol Garden Centre and many other participating merchants.<\/span>\n\t\t\t\t\t\t\t\t\t<\/li>\n\t\t\t\t\t\t<\/ul>\n\t\t\t\t\t\t<\/div>\n\t\t\t\t<\/div>\n\t\t<div class=\"elementor-element elementor-element-3a821c1 e-con-full e-flex elementor-invisible e-con e-child\" data-id=\"3a821c1\" data-element_type=\"container\" data-e-type=\"container\" data-settings=\"{&quot;animation&quot;:&quot;fadeInLeft&quot;}\">\n\t\t<div class=\"elementor-element elementor-element-dee4b03 e-grid e-con-full e-con e-child\" data-id=\"dee4b03\" data-element_type=\"container\" data-e-type=\"container\">\n\t\t<div class=\"elementor-element elementor-element-1cab2c4 e-con-full e-flex e-con e-child\" data-id=\"1cab2c4\" data-element_type=\"container\" data-e-type=\"container\">\n\t\t\t\t<div class=\"elementor-element elementor-element-b21782b elementor-widget elementor-widget-image\" data-id=\"b21782b\" data-element_type=\"widget\" data-e-type=\"widget\" data-widget_type=\"image.default\">\n\t\t\t\t\t\t\t\t\t\t\t\t\t\t\t<img fetchpriority=\"high\" decoding=\"async\" width=\"700\" height=\"984\" src=\"https:\/\/www.paysagesrossignol.com\/wp-content\/uploads\/2026\/04\/fidelite-image-1.jpg\" class=\"attachment-full size-full wp-image-1484\" alt=\"Conseill\u00e8re avec une cliente tenant un pot de fleur rose\" srcset=\"https:\/\/www.paysagesrossignol.com\/wp-content\/uploads\/2026\/04\/fidelite-image-1.jpg 700w, https:\/\/www.paysagesrossignol.com\/wp-content\/uploads\/2026\/04\/fidelite-image-1-213x300.jpg 213w, https:\/\/www.paysagesrossignol.com\/wp-content\/uploads\/2026\/04\/fidelite-image-1-600x843.jpg 600w\" sizes=\"(max-width: 700px) 100vw, 700px\" \/>\t\t\t\t\t\t\t\t\t\t\t\t\t\t\t<\/div>\n\t\t\t\t<\/div>\n\t\t<div class=\"elementor-element elementor-element-c791ad5 e-con-full e-flex e-con e-child\" data-id=\"c791ad5\" data-element_type=\"container\" data-e-type=\"container\">\n\t\t\t\t<div class=\"elementor-element elementor-element-7c27a76 elementor-widget elementor-widget-image\" data-id=\"7c27a76\" data-element_type=\"widget\" data-e-type=\"widget\" data-widget_type=\"image.default\">\n\t\t\t\t\t\t\t\t\t\t\t\t\t\t\t<img decoding=\"async\" width=\"700\" height=\"459\" src=\"https:\/\/www.paysagesrossignol.com\/wp-content\/uploads\/2026\/04\/fidelite-image-2.jpg\" class=\"attachment-full size-full wp-image-1486\" alt=\"Caissi\u00e8re avec remettant une carte de fid\u00e9lit\u00e9 \u00e0 une cliente\" srcset=\"https:\/\/www.paysagesrossignol.com\/wp-content\/uploads\/2026\/04\/fidelite-image-2.jpg 700w, https:\/\/www.paysagesrossignol.com\/wp-content\/uploads\/2026\/04\/fidelite-image-2-300x197.jpg 300w, https:\/\/www.paysagesrossignol.com\/wp-content\/uploads\/2026\/04\/fidelite-image-2-600x393.jpg 600w\" sizes=\"(max-width: 700px) 100vw, 700px\" \/>\t\t\t\t\t\t\t\t\t\t\t\t\t\t\t<\/div>\n\t\t\t\t<\/div>\n\t\t<div class=\"elementor-element elementor-element-ad2ffbf e-con-full e-flex e-con e-child\" data-id=\"ad2ffbf\" data-element_type=\"container\" data-e-type=\"container\">\n\t\t<div class=\"elementor-element elementor-element-7eb8c1d e-con-full e-flex e-con e-child\" data-id=\"7eb8c1d\" data-element_type=\"container\" data-e-type=\"container\" data-settings=\"{&quot;background_background&quot;:&quot;classic&quot;}\">\n\t\t\t\t<div class=\"elementor-element elementor-element-7f74405 elementor-widget elementor-widget-image\" data-id=\"7f74405\" data-element_type=\"widget\" data-e-type=\"widget\" data-widget_type=\"image.default\">\n\t\t\t\t\t\t\t\t\t\t\t\t\t\t\t<img decoding=\"async\" width=\"50\" height=\"50\" src=\"https:\/\/www.paysagesrossignol.com\/wp-content\/uploads\/2026\/04\/inscription.svg\" class=\"attachment-large size-large wp-image-177\" alt=\"icone curseur\" \/>\t\t\t\t\t\t\t\t\t\t\t\t\t\t\t<\/div>\n\t\t\t\t<div class=\"elementor-element elementor-element-8d6cb90 elementor-widget elementor-widget-heading\" data-id=\"8d6cb90\" data-element_type=\"widget\" data-e-type=\"widget\" data-widget_type=\"heading.default\">\n\t\t\t\t\t<h2 class=\"elementor-heading-title elementor-size-default\">Registration is simple and free! Create your Freebees account here: <\/h2>\t\t\t\t<\/div>\n\t\t<a class=\"elementor-element elementor-element-ee7f13d e-con-full en_savoir_plus_btn fidelite_btn elementor-hidden-tablet_extra elementor-hidden-tablet elementor-hidden-mobile_extra elementor-hidden-mobile e-flex e-con e-child\" data-id=\"ee7f13d\" data-element_type=\"container\" data-e-type=\"container\" data-settings=\"{&quot;background_background&quot;:&quot;classic&quot;}\" href=\"https:\/\/www.freebeespoints.com\/Member\/SignUp?id=2312&#038;PreviousPage=\" target=\"_blank\" rel=\"nofollow\">\n\t\t\t\t<div class=\"elementor-element elementor-element-48a05f6 fidelite_text elementor-widget elementor-widget-heading\" data-id=\"48a05f6\" data-element_type=\"widget\" data-e-type=\"widget\" data-widget_type=\"heading.default\">\n\t\t\t\t\t<div class=\"elementor-heading-title elementor-size-default\">Create Your Account<\/div>\t\t\t\t<\/div>\n\t\t\t\t<div class=\"elementor-element elementor-element-ad54fab elementor-widget__width-initial elementor-widget elementor-widget-html\" data-id=\"ad54fab\" data-element_type=\"widget\" data-e-type=\"widget\" data-widget_type=\"html.default\">\n\t\t\t\t\t<svg class=\"arrow-right\" xmlns=\"http:\/\/www.w3.org\/2000\/svg\" version=\"1.1\" viewBox=\"0 0 32 32\">\n  <path class=\"circle\" d=\"M15.8708.5c1.0177,0,2.0257.0994,3.0239.2979.9982.1985,1.9674.4924,2.9077.8821.9403.3894,1.8335.8669,2.6797,1.4324.8462.5654,1.6292,1.208,2.3488,1.9275.7197.7197,1.3622,1.5027,1.9276,2.3489.5654.8462,1.0429,1.7395,1.4324,2.6797.3895.9404.6835,1.9097.882,2.9077.1986.9983.2978,2.0061.2978,3.0239s-.0993,2.0256-.2978,3.0239c-.1985.998-.4926,1.9673-.882,2.9077-.3895.9402-.8669,1.8335-1.4324,2.6797-.5654.8462-1.208,1.6292-1.9276,2.3489-.7197.7195-1.5026,1.3621-2.3488,1.9275-.8462.5654-1.7395,1.043-2.6797,1.4324-.9403.3896-1.9095.6836-2.9077.8821-.9982.1985-2.0061.2979-3.0239.2979s-2.0257-.0994-3.0239-.2979c-.9982-.1985-1.9674-.4924-2.9077-.8821-.9403-.3894-1.8335-.8669-2.6797-1.4324s-1.6292-1.208-2.3488-1.9275c-.7197-.7197-1.3622-1.5027-1.9276-2.3489-.5654-.8462-1.0429-1.7395-1.4323-2.6797-.3895-.9404-.6835-1.9097-.882-2.9077-.1985-.9983-.2978-2.0061-.2978-3.0239s.0993-2.0256.2978-3.0239c.1986-.998.4926-1.9673.882-2.9077.3895-.9402.8669-1.8335,1.4323-2.6797.5654-.8462,1.208-1.6292,1.9276-2.3489.7197-.7195,1.5026-1.3621,2.3488-1.9275s1.7395-1.043,2.6797-1.4324c.9403-.3896,1.9095-.6836,2.9077-.8821.9982-.1985,2.0061-.2979,3.0239-.2979Z\"\/>\n  <path class=\"icon\" d=\"M16.7717,9.6924c.1279,0,.2559.0488.3535.1465l6.3081,6.3081c.0493.0493.0859.106.1104.167.021.0518.0332.1079.0356.1665.0005.0132.0005.0269,0,.04-.0024.0586-.0146.1147-.0356.1665-.0244.061-.061.1177-.1104.167l-6.3081,6.3081c-.1953.1953-.5117.1953-.707,0s-.1953-.5117,0-.707l5.4546-5.4546h-13.2114c-.2764,0-.5-.2236-.5-.5s.2236-.5.5-.5h13.2114l-5.4546-5.4546c-.1953-.1953-.1953-.5117,0-.707.0977-.0977.2256-.1465.3535-.1465Z\"\/>\n<\/svg>\t\t\t\t<\/div>\n\t\t\t\t<\/a>\n\t\t\t\t<\/div>\n\t\t\t\t<\/div>\n\t\t\t\t<\/div>\n\t\t\t\t<\/div>\n\t\t\t\t\t<\/div>\n\t\t\t\t<\/div>\n\t\t\t\t<\/div>\n\t\t","protected":false},"excerpt":{"rendered":"<p>Loyalty Program Rossignol Rossignol, Loyalty Program Freebees is a free rewards program that allows you to earn Rossignol dollars (on in-store purchases only). Ask for your card during your next visit! Joining the Freebees program means supporting businesses you love, like Rossignol, while earning rewards! Create your account now to earn rewards at Rossignol Garden [&hellip;]<\/p>\n","protected":false},"author":1,"featured_media":0,"parent":0,"menu_order":3,"comment_status":"closed","ping_status":"closed","template":"","meta":{"_acf_changed":false,"_seopress_robots_primary_cat":"","_seopress_titles_title":"Loyalty Program Rossignol","_seopress_titles_desc":"Loyalty Program. Rossignol offers the Freebees rewards program, allowing you to earn Rossignol dollars and enjoy free rewards.","_seopress_robots_index":"","_seopress_analysis_target_kw":"Loyalty Program Rossignol","footnotes":""},"class_list":["post-10950","page","type-page","status-publish","hentry"],"acf":[],"_links":{"self":[{"href":"https:\/\/www.paysagesrossignol.com\/en\/wp-json\/wp\/v2\/pages\/10950","targetHints":{"allow":["GET"]}}],"collection":[{"href":"https:\/\/www.paysagesrossignol.com\/en\/wp-json\/wp\/v2\/pages"}],"about":[{"href":"https:\/\/www.paysagesrossignol.com\/en\/wp-json\/wp\/v2\/types\/page"}],"author":[{"embeddable":true,"href":"https:\/\/www.paysagesrossignol.com\/en\/wp-json\/wp\/v2\/users\/1"}],"replies":[{"embeddable":true,"href":"https:\/\/www.paysagesrossignol.com\/en\/wp-json\/wp\/v2\/comments?post=10950"}],"version-history":[{"count":0,"href":"https:\/\/www.paysagesrossignol.com\/en\/wp-json\/wp\/v2\/pages\/10950\/revisions"}],"wp:attachment":[{"href":"https:\/\/www.paysagesrossignol.com\/en\/wp-json\/wp\/v2\/media?parent=10950"}],"curies":[{"name":"wp","href":"https:\/\/api.w.org\/{rel}","templated":true}]}}