{"id":1741,"date":"2019-04-11T01:13:43","date_gmt":"2019-04-11T01:13:43","guid":{"rendered":"http:\/\/www.paysagesrossignol.com\/contact\/"},"modified":"2026-03-30T10:23:46","modified_gmt":"2026-03-30T14:23:46","slug":"contact","status":"publish","type":"page","link":"https:\/\/www.paysagesrossignol.com\/en\/contact\/","title":{"rendered":"Contact"},"content":{"rendered":"<!--themify_builder_content-->\n<div id=\"themify_builder_content-1741\" data-postid=\"1741\" class=\"themify_builder_content themify_builder_content-1741 themify_builder tf_clear\">\n    \t\t\t<!-- module_row -->\n\t<div  data-lazy=\"1\" class=\"module_row themify_builder_row tb_0646852 tb_first tf_w tf_clearfix\">\n\t    <div class=\"builder_row_cover tf_abs\"><\/div>\t\t\t<div class=\"row_inner col_align_top tb_col_count_1 tf_box tf_rel\">\n\t\t            <div  data-lazy=\"1\" class=\"module_column tb-column col-full tb_47d078f first\">\n                                                        <div class=\"tb-column-inner tf_box tf_w\">\n                        <!-- module text -->\n<div  class=\"module module-text tb_b6548d3  repeat \" data-lazy=\"1\">\n        <div  class=\"tb_text_wrap\">\n    <h1>Do you need\u00a0to reach us?<\/h1>    <\/div>\n<\/div>\n<!-- \/module text -->                    <\/div>\n                            <\/div>\n            \t    <\/div>\n\t    <!-- \/row_inner -->\n\t<\/div>\n\t<!-- \/module_row -->\n\t\t\t\t<!-- module_row -->\n\t<div  data-lazy=\"1\" class=\"module_row themify_builder_row tb_400467f tf_w tf_clearfix\">\n\t    \t\t\t<div class=\"row_inner col_align_top tb_col_count_1 tf_box tf_rel\">\n\t\t            <div  data-lazy=\"1\" class=\"module_column tb-column col-full tb_3f74a06 first\">\n                                                        <div class=\"tb-column-inner tf_box tf_w\">\n                        <!-- module text -->\n<div  class=\"module module-text tb_5c4cedb  repeat \" data-lazy=\"1\">\n        <div  class=\"tb_text_wrap\">\n    <p>Have questions? <br \/><span style=\\\"color: #525252;\\\"> Contact us!<\/span><\/p>    <\/div>\n<\/div>\n<!-- \/module text --><!-- module text -->\n<div  class=\"module module-text tb_721595b  repeat \" data-lazy=\"1\">\n        <div  class=\"tb_text_wrap\">\n    <p>Questions, comments, a quote for your planting project? <br \/>The Rossignol team is always there for you!<\/p>    <\/div>\n<\/div>\n<!-- \/module text -->                    <\/div>\n                            <\/div>\n            \t    <\/div>\n\t    <!-- \/row_inner -->\n\t<\/div>\n\t<!-- \/module_row -->\n\t\t\t\t<!-- module_row -->\n\t<div  data-lazy=\"1\" class=\"module_row themify_builder_row tb_1qk1680 tf_w tf_clearfix\">\n\t    \t\t\t<div class=\"row_inner col_align_middle tb_col_count_2 tf_box tf_rel\">\n\t\t            <div  data-lazy=\"1\" class=\"module_column tb-column col3-1 tb_thb4681 first\">\n                                                        <div class=\"tb-column-inner tf_box tf_w\">\n                        <!-- module image -->\n<div  class=\"module module-image tb_mb9v681   image-left tf_mw\" data-lazy=\"1\">\n        <div class=\"image-wrap tf_rel tf_mw\">\n\t\t    <a href=\"tel:18779837737\"\n\t       \t       >\n\t\t   \t\t<img loading=\"lazy\" decoding=\"async\" src=\"https:\/\/www.paysagesrossignol.com\/wp-content\/uploads\/2019\/04\/telephone-icon-120x197.png\" width=\"120\" height=\"197\" class=\"wp-post-image wp-image-1845\" title=\"telephone icon\" alt=\"telephone icon\" srcset=\"https:\/\/www.paysagesrossignol.com\/wp-content\/uploads\/2019\/04\/telephone-icon-120x197.png 120w, https:\/\/www.paysagesrossignol.com\/wp-content\/uploads\/2019\/04\/telephone-icon.png 134w\" sizes=\"(max-width: 120px) 100vw, 120px\" \/>\t    <\/a>\n\t\n\t\t<\/div>\n\t<!-- \/image-wrap -->\n    \n    \t<\/div>\n<!-- \/module image -->                    <\/div>\n                            <\/div>\n                        <div  data-lazy=\"1\" class=\"module_column tb-column col3-2 tb_ui7f681 last\">\n                                                        <div class=\"tb-column-inner tf_box tf_w\">\n                        <!-- module text -->\n<div  class=\"module module-text tb_q3hf681 customHomeLine repeat \" data-lazy=\"1\">\n        <div  class=\"tb_text_wrap\">\n    <p>Phone<\/p>    <\/div>\n<\/div>\n<!-- \/module text -->\t<div  data-lazy=\"1\" class=\"module_subrow themify_builder_sub_row tb_0ad89f8 tf_w tf_clearfix\">\n\t    \t\t\t<div class=\"subrow_inner col_align_top tb_col_count_2 tf_box tf_w\">\n\t\t            <div  data-lazy=\"1\" class=\"module_column sub_column tb_5c265b5 first\">\n                                                        <div class=\"tb-column-inner tf_box tf_w\">\n                        <!-- module text -->\n<div  class=\"module module-text tb_15pc682  repeat \" data-lazy=\"1\">\n        <div  class=\"tb_text_wrap\">\n    <p><a href=\\\"tel:8199834900\\\">819 983-4900<\/a><\/p>    <\/div>\n<\/div>\n<!-- \/module text -->                    <\/div>\n                            <\/div>\n                        <div  data-lazy=\"1\" class=\"module_column sub_column tb_ffd11b5 last\">\n                                                        <div class=\"tb-column-inner tf_box tf_w\">\n                        <!-- module text -->\n<div  class=\"module module-text tb_qiz6682  repeat \" data-lazy=\"1\">\n        <div  class=\"tb_text_wrap\">\n    <p><a href=\\\"tel:18779837737\\\">1 877 983-7737<\/a><\/p>    <\/div>\n<\/div>\n<!-- \/module text -->                    <\/div>\n                            <\/div>\n            \t    <\/div>\n\t<\/div><!-- \/themify_builder_sub_row -->\n\t                    <\/div>\n                            <\/div>\n            \t    <\/div>\n\t    <!-- \/row_inner -->\n\t<\/div>\n\t<!-- \/module_row -->\n\t\t\t\t<!-- module_row -->\n\t<div  data-lazy=\"1\" class=\"module_row themify_builder_row tb_qitr679 tf_w tf_clearfix\">\n\t    \t\t\t<div class=\"row_inner col_align_middle tb_col_count_2 tf_box tf_rel\">\n\t\t            <div  data-lazy=\"1\" class=\"module_column tb-column col3-1 tb_v0ai679 first\">\n                                                        <div class=\"tb-column-inner tf_box tf_w\">\n                        <!-- module image -->\n<div  class=\"module module-image tb_d7150a6   image-left tf_mw\" data-lazy=\"1\">\n        <div class=\"image-wrap tf_rel tf_mw\">\n\t\t    <a href=\"https:\/\/goo.gl\/maps\/25FmWiBkoqQ2\"\n\t        rel=\"noopener\" target=\"_blank\"\t       >\n\t\t   \t\t<img loading=\"lazy\" decoding=\"async\" src=\"https:\/\/www.paysagesrossignol.com\/wp-content\/uploads\/2019\/04\/addresse-icon-150x210.png\" width=\"150\" height=\"210\" class=\"wp-post-image wp-image-1844\" title=\"addresse icon\" alt=\"addresse icon\" srcset=\"https:\/\/www.paysagesrossignol.com\/wp-content\/uploads\/2019\/04\/addresse-icon-150x210.png 150w, https:\/\/www.paysagesrossignol.com\/wp-content\/uploads\/2019\/04\/addresse-icon.png 174w\" sizes=\"(max-width: 150px) 100vw, 150px\" \/>\t    <\/a>\n\t\n\t\t<\/div>\n\t<!-- \/image-wrap -->\n    \n    \t<\/div>\n<!-- \/module image -->                    <\/div>\n                            <\/div>\n                        <div  data-lazy=\"1\" class=\"module_column tb-column col3-2 tb_a78aa8e last\">\n                                                        <div class=\"tb-column-inner tf_box tf_w\">\n                        <!-- module text -->\n<div  class=\"module module-text tb_87dbedd customHomeLine repeat \" data-lazy=\"1\">\n        <div  class=\"tb_text_wrap\">\n    <p>Address<\/p>    <\/div>\n<\/div>\n<!-- \/module text --><!-- module text -->\n<div  class=\"module module-text tb_u8n5680  repeat \" data-lazy=\"1\">\n        <div  class=\"tb_text_wrap\">\n    <p>Saint-Andr\u00e9-Avellin<br><a href=\"https:\/\/www.google.com\/maps\/place\/Paysages+Rossignol\/@45.72755,-75.0280457,17z\/data=!4m14!1m7!3m6!1s0x4cce51ae50a4afdf:0x488788627e3978af!2sPaysages+Rossignol!8m2!3d45.7276137!4d-75.0254708!16s%2Fg%2F1tdxq23v!3m5!1s0x4cce51ae50a4afdf:0x488788627e3978af!8m2!3d45.7276137!4d-75.0254708!16s%2Fg%2F1tdxq23v?entry=ttu\">453 Ste-Julie est, St-Andr\u00e9-Avellin, Qc, J0V 1W0<\/a><\/p>\n<p>Gatineau<br><a href=\"https:\/\/www.google.com\/maps\/place\/477+Bd+des+Affaires,+Gatineau,+QC+J8R+3J8\/@45.5153527,-75.6448013,17z\/data=!3m1!4b1!4m6!3m5!1s0x4cce1a341efdaf4b:0xa625b258bdb288c7!8m2!3d45.515349!4d-75.642221!16s%2Fg%2F11scgsbqt9\">477, boulevard des Affaires, Gatineau Qc, J8R 3J8<\/a><\/p>    <\/div>\n<\/div>\n<!-- \/module text -->                    <\/div>\n                            <\/div>\n            \t    <\/div>\n\t    <!-- \/row_inner -->\n\t<\/div>\n\t<!-- \/module_row -->\n\t\t\t\t<!-- module_row -->\n\t<div  data-lazy=\"1\" class=\"module_row themify_builder_row tb_3crd682 tf_w tf_clearfix\">\n\t    \t\t\t<div class=\"row_inner col_align_middle tb_col_count_2 tf_box tf_rel\">\n\t\t            <div  data-lazy=\"1\" class=\"module_column tb-column col3-1 tb_pyws682 first\">\n                                                        <div class=\"tb-column-inner tf_box tf_w\">\n                        <!-- module image -->\n<div  class=\"module module-image tb_o5pv683   image-left tf_mw\" data-lazy=\"1\">\n        <div class=\"image-wrap tf_rel tf_mw\">\n\t\t    <img loading=\"lazy\" decoding=\"async\" src=\"https:\/\/www.paysagesrossignol.com\/wp-content\/uploads\/2019\/04\/heures-ouvert-icon-150x150.png\" width=\"150\" height=\"150\" class=\"wp-post-image wp-image-1847\" title=\"heures ouvert icon\" alt=\"heures ouvert icon\" srcset=\"https:\/\/www.paysagesrossignol.com\/wp-content\/uploads\/2019\/04\/heures-ouvert-icon-150x150.png 150w, https:\/\/www.paysagesrossignol.com\/wp-content\/uploads\/2019\/04\/heures-ouvert-icon-100x100.png 100w, https:\/\/www.paysagesrossignol.com\/wp-content\/uploads\/2019\/04\/heures-ouvert-icon.png 187w\" sizes=\"(max-width: 150px) 100vw, 150px\" \/>\t\n\t\t<\/div>\n\t<!-- \/image-wrap -->\n    \n    \t<\/div>\n<!-- \/module image -->                    <\/div>\n                            <\/div>\n                        <div  data-lazy=\"1\" class=\"module_column tb-column col3-2 tb_abyt683 last\">\n                                                        <div class=\"tb-column-inner tf_box tf_w\">\n                        <!-- module text -->\n<div  class=\"module module-text tb_stxa683 customHomeLine repeat \" data-lazy=\"1\">\n        <div  class=\"tb_text_wrap\">\n    <p>Business hours<br \/>Saint-Andr\u00e9-Avellin<\/p>    <\/div>\n<\/div>\n<!-- \/module text --><!-- module text -->\n<div  class=\"module module-text tb_ren2683  repeat \" data-lazy=\"1\">\n        <div  class=\"tb_text_wrap\">\n    <p>Monday to Friday : 9:00 to 5:00<\/p>\n<p>Saturday : 9:00 to 4:00<\/p>\n<p>Sunday : 10:00 to 4:00<\/p>    <\/div>\n<\/div>\n<!-- \/module text -->                    <\/div>\n                            <\/div>\n            \t    <\/div>\n\t    <!-- \/row_inner -->\n\t<\/div>\n\t<!-- \/module_row -->\n\t\t\t\t<!-- module_row -->\n\t<div  data-lazy=\"1\" class=\"module_row themify_builder_row tb_1olu94 tf_w tf_clearfix\">\n\t    \t\t\t<div class=\"row_inner col_align_middle tb_col_count_2 tf_box tf_rel\">\n\t\t            <div  data-lazy=\"1\" class=\"module_column tb-column col3-1 tb_jnuw94 first\">\n                                                        <div class=\"tb-column-inner tf_box tf_w\">\n                        <!-- module image -->\n<div  class=\"module module-image tb_cz7x94   image-left tf_mw\" data-lazy=\"1\">\n        <div class=\"image-wrap tf_rel tf_mw\">\n\t\t    <img loading=\"lazy\" decoding=\"async\" src=\"https:\/\/www.paysagesrossignol.com\/wp-content\/uploads\/2019\/04\/heures-ouvert-icon-150x150.png\" width=\"150\" height=\"150\" class=\"wp-post-image wp-image-1847\" title=\"heures ouvert icon\" alt=\"heures ouvert icon\" srcset=\"https:\/\/www.paysagesrossignol.com\/wp-content\/uploads\/2019\/04\/heures-ouvert-icon-150x150.png 150w, https:\/\/www.paysagesrossignol.com\/wp-content\/uploads\/2019\/04\/heures-ouvert-icon-100x100.png 100w, https:\/\/www.paysagesrossignol.com\/wp-content\/uploads\/2019\/04\/heures-ouvert-icon.png 187w\" sizes=\"(max-width: 150px) 100vw, 150px\" \/>\t\n\t\t<\/div>\n\t<!-- \/image-wrap -->\n    \n    \t<\/div>\n<!-- \/module image -->                    <\/div>\n                            <\/div>\n                        <div  data-lazy=\"1\" class=\"module_column tb-column col3-2 tb_8twv95 last\">\n                                                        <div class=\"tb-column-inner tf_box tf_w\">\n                        <!-- module text -->\n<div  class=\"module module-text tb_8vwu95 customHomeLine repeat \" data-lazy=\"1\">\n        <div  class=\"tb_text_wrap\">\n    <p>Business hours<br \/>Gatineau<\/p>    <\/div>\n<\/div>\n<!-- \/module text --><!-- module text -->\n<div  class=\"module module-text tb_l2b495  repeat \" data-lazy=\"1\">\n        <div  class=\"tb_text_wrap\">\n    <p>Monday to Friday : 9:00 to 5:00<\/p>\n<p>Saturday : 9:00 to 4:00<\/p>\n<p>Sunday : 10:00 to 4:00<\/p>    <\/div>\n<\/div>\n<!-- \/module text -->                    <\/div>\n                            <\/div>\n            \t    <\/div>\n\t    <!-- \/row_inner -->\n\t<\/div>\n\t<!-- \/module_row -->\n\t\t\t\t<!-- module_row -->\n\t<div  data-css_id=\"167694f\" data-lazy=\"1\" class=\"module_row themify_builder_row fullwidth tb_167694f tf_w tf_clearfix\">\n\t    \t\t\t<div class=\"row_inner col_align_top gutter-none tb_col_count_2 tf_box tf_rel\">\n\t\t            <div  data-lazy=\"1\" class=\"module_column tb-column col4-2 tb_98d2f07 first\">\n                                                        <div class=\"tb-column-inner tf_box tf_w\">\n                        <!-- module image -->\n<div  class=\"module module-image tb_3723707   image-top tf_mw\" data-lazy=\"1\">\n        <div class=\"image-wrap tf_rel tf_mw\">\n\t\t    <img loading=\"lazy\" decoding=\"async\" src=\"https:\/\/www.paysagesrossignol.com\/wp-content\/uploads\/2019\/04\/email-icon-100x125.png\" width=\"100\" height=\"125\" class=\"wp-post-image wp-image-1849\" title=\"email icon\" alt=\"email icon\" srcset=\"https:\/\/www.paysagesrossignol.com\/wp-content\/uploads\/2019\/04\/email-icon-100x125.png 100w, https:\/\/www.paysagesrossignol.com\/wp-content\/uploads\/2019\/04\/email-icon.png 197w\" sizes=\"(max-width: 100px) 100vw, 100px\" \/>\t\n\t\t<\/div>\n\t<!-- \/image-wrap -->\n    \n    \t<\/div>\n<!-- \/module image --><!-- module text -->\n<div  class=\"module module-text tb_stoa683 customHomeLine repeat \" data-lazy=\"1\">\n        <div  class=\"tb_text_wrap\">\n    <p>Send us\u00a0\u00a0<br>a message<\/p>    <\/div>\n<\/div>\n<!-- \/module text --><!-- module plain text -->\n<div  class=\"module module-plain-text tb_a25834d blackForm\" data-lazy=\"1\">\n        <div class=\"tb_text_wrap\">\n\t\n<div class=\"wpcf7 no-js\" id=\"wpcf7-f1112-o1\" lang=\"en-US\" dir=\"ltr\">\n<div class=\"screen-reader-response\"><p role=\"status\" aria-live=\"polite\" aria-atomic=\"true\"><\/p> <ul><\/ul><\/div>\n<form action=\"\/en\/wp-json\/wp\/v2\/pages\/1741#wpcf7-f1112-o1\" method=\"post\" class=\"wpcf7-form init\" aria-label=\"Contact form\" novalidate=\"novalidate\" data-status=\"init\">\n<div style=\"display: none;\">\n<input type=\"hidden\" name=\"_wpcf7\" value=\"1112\" \/>\n<input type=\"hidden\" name=\"_wpcf7_version\" value=\"5.9.3\" \/>\n<input type=\"hidden\" name=\"_wpcf7_locale\" value=\"en_US\" \/>\n<input type=\"hidden\" name=\"_wpcf7_unit_tag\" value=\"wpcf7-f1112-o1\" \/>\n<input type=\"hidden\" name=\"_wpcf7_container_post\" value=\"0\" \/>\n<input type=\"hidden\" name=\"_wpcf7_posted_data_hash\" value=\"\" \/>\n<\/div>\n<div class=\"left-col\">\n\t<p><label><br \/>\n<span class=\"wpcf7-form-control-wrap\" data-name=\"text-387\"><input size=\"40\" class=\"wpcf7-form-control wpcf7-text wpcf7-validates-as-required\" aria-required=\"true\" aria-invalid=\"false\" placeholder=\"First name\" value=\"\" type=\"text\" name=\"text-387\" \/><\/span><br \/>\n<\/label>\n\t<\/p>\n\t<p><label><br \/>\n<span class=\"wpcf7-form-control-wrap\" data-name=\"your-name\"><input size=\"40\" class=\"wpcf7-form-control wpcf7-text wpcf7-validates-as-required\" aria-required=\"true\" aria-invalid=\"false\" placeholder=\"Last name\" value=\"\" type=\"text\" name=\"your-name\" \/><\/span><br \/>\n<\/label>\n\t<\/p>\n\t<p><label><br \/>\n<span class=\"wpcf7-form-control-wrap\" data-name=\"your-email\"><input size=\"40\" class=\"wpcf7-form-control wpcf7-email wpcf7-validates-as-required wpcf7-text wpcf7-validates-as-email\" aria-required=\"true\" aria-invalid=\"false\" placeholder=\"Email address\" value=\"\" type=\"email\" name=\"your-email\" \/><\/span><br \/>\n<\/label>\n\t<\/p>\n<\/div>\n<div class=\"right-col\">\n\t<p><label><br \/>\n<span class=\"wpcf7-form-control-wrap\" data-name=\"text-630\"><input size=\"40\" class=\"wpcf7-form-control wpcf7-text\" aria-invalid=\"false\" placeholder=\"Phone number\" value=\"\" type=\"text\" name=\"text-630\" \/><\/span><br \/>\n<\/label>\n\t<\/p>\n\t<p><label><br \/>\n<span class=\"wpcf7-form-control-wrap\" data-name=\"your-message\"><textarea cols=\"40\" rows=\"10\" class=\"wpcf7-form-control wpcf7-textarea wpcf7-validates-as-required\" aria-required=\"true\" aria-invalid=\"false\" placeholder=\"Message\" name=\"your-message\"><\/textarea><\/span><br \/>\n<\/label>\n\t<\/p>\n\t<p><input class=\"wpcf7-form-control wpcf7-submit has-spinner\" type=\"submit\" value=\"Send\" \/>\n\t<\/p>\n<\/div><div class=\"inv-recaptcha-holder\"><\/div><div class=\"wpcf7-response-output\" aria-hidden=\"true\"><\/div>\n<\/form>\n<\/div>\n    <\/div>\n<\/div>\n<!-- \/module plain text -->                    <\/div>\n                            <\/div>\n                        <div  data-lazy=\"1\" class=\"module_column tb-column col4-2 tb_d9b9667 last\">\n                                                        <div class=\"tb-column-inner tf_box tf_w\">\n                        <!-- module image -->\n<div  class=\"module module-image tb_abaf8dd   image-top auto_fullwidth tf_mw\" data-lazy=\"1\" data-parallax-element-speed=\"5\" data-lax-translate-y=\"vh 1,0 -320\" data-lax=\"true\">\n        <div class=\"image-wrap tf_rel tf_mw\">\n\t\t    <img loading=\"lazy\" decoding=\"async\" width=\"877\" height=\"706\" src=\"https:\/\/www.paysagesrossignol.com\/wp-content\/uploads\/2019\/04\/contact-bg-2.jpg\" class=\"wp-post-image wp-image-1848\" title=\"contact bg 2\" alt=\"contact bg 2\" srcset=\"https:\/\/www.paysagesrossignol.com\/wp-content\/uploads\/2019\/04\/contact-bg-2.jpg 877w, https:\/\/www.paysagesrossignol.com\/wp-content\/uploads\/2019\/04\/contact-bg-2-600x483.jpg 600w, https:\/\/www.paysagesrossignol.com\/wp-content\/uploads\/2019\/04\/contact-bg-2-300x242.jpg 300w, https:\/\/www.paysagesrossignol.com\/wp-content\/uploads\/2019\/04\/contact-bg-2-768x618.jpg 768w\" sizes=\"(max-width: 877px) 100vw, 877px\" \/>\t\n\t\t<\/div>\n\t<!-- \/image-wrap -->\n    \n    \t<\/div>\n<!-- \/module image -->                    <\/div>\n                            <\/div>\n            \t    <\/div>\n\t    <!-- \/row_inner -->\n\t<\/div>\n\t<!-- \/module_row -->\n\t<\/div>\n<!--\/themify_builder_content-->","protected":false},"excerpt":{"rendered":"<p>Do you need\u00a0to reach us? Have questions? Contact us! Questions, comments, a quote for your planting project? The Rossignol team is always there for you! Phone 819 983-4900 1 877 983-7737 Address Saint-Andr\u00e9-Avellin453 Ste-Julie est, St-Andr\u00e9-Avellin, Qc, J0V 1W0 Gatineau477, boulevard des Affaires, Gatineau Qc, J8R 3J8 Business hoursSaint-Andr\u00e9-Avellin Monday to Friday : 9:00 to [&hellip;]<\/p>\n","protected":false},"author":1,"featured_media":0,"parent":0,"menu_order":0,"comment_status":"closed","ping_status":"closed","template":"","meta":{"footnotes":""},"acf":[],"_links":{"self":[{"href":"https:\/\/www.paysagesrossignol.com\/en\/wp-json\/wp\/v2\/pages\/1741"}],"collection":[{"href":"https:\/\/www.paysagesrossignol.com\/en\/wp-json\/wp\/v2\/pages"}],"about":[{"href":"https:\/\/www.paysagesrossignol.com\/en\/wp-json\/wp\/v2\/types\/page"}],"author":[{"embeddable":true,"href":"https:\/\/www.paysagesrossignol.com\/en\/wp-json\/wp\/v2\/users\/1"}],"replies":[{"embeddable":true,"href":"https:\/\/www.paysagesrossignol.com\/en\/wp-json\/wp\/v2\/comments?post=1741"}],"version-history":[{"count":161,"href":"https:\/\/www.paysagesrossignol.com\/en\/wp-json\/wp\/v2\/pages\/1741\/revisions"}],"predecessor-version":[{"id":29755,"href":"https:\/\/www.paysagesrossignol.com\/en\/wp-json\/wp\/v2\/pages\/1741\/revisions\/29755"}],"wp:attachment":[{"href":"https:\/\/www.paysagesrossignol.com\/en\/wp-json\/wp\/v2\/media?parent=1741"}],"curies":[{"name":"wp","href":"https:\/\/api.w.org\/{rel}","templated":true}]}}