{"id":10024,"date":"2026-03-11T04:00:55","date_gmt":"2026-03-11T08:00:55","guid":{"rendered":"https:\/\/www.paysagesrossignol.com\/product\/pommetier-rinki\/"},"modified":"2026-05-04T11:17:29","modified_gmt":"2026-05-04T15:17:29","slug":"pommetier-rinki","status":"publish","type":"product","link":"https:\/\/www.paysagesrossignol.com\/en\/product\/pommetier-rinki\/","title":{"rendered":"Pommetier Rinki"},"content":{"rendered":"<h1>Voir disponibilit\u00e9 en magasin<\/h1>\n<h3>Nom latin\u00a0 : Malus Rinki<\/h3>\n<p>Petit arbre ornemental appr\u00e9ci\u00e9 pour sa floraison printani\u00e8re abondante et sa bonne r\u00e9sistance aux maladies. &#8216;Rinki&#8217; offre un port compact et une belle pr\u00e9sence d\u00e9corative, id\u00e9al pour les petits terrains et les am\u00e9nagements urbains, avec un int\u00e9r\u00eat visuel sur plusieurs saisons.<\/p>\n<p data-section-id=\"fo4qqk\" data-start=\"455\" data-end=\"478\">Caract\u00e9ristiques<\/p>\n<ul data-start=\"480\" data-end=\"720\">\n<li data-section-id=\"1bhp5df\" data-start=\"480\" data-end=\"505\">Hauteur : 4 \u00e0 6 m<\/li>\n<li data-section-id=\"zllsua\" data-start=\"506\" data-end=\"531\">Largeur : 3 \u00e0 5 m<\/li>\n<li data-section-id=\"1fqa3rr\" data-start=\"532\" data-end=\"560\">Croissance : Moyenne<\/li>\n<li data-section-id=\"1rtnc6\" data-start=\"562\" data-end=\"589\">Exposition : Soleil<\/li>\n<li data-section-id=\"q81925\" data-start=\"590\" data-end=\"626\">Sol : Adaptable, pr\u00e9f\u00e8re un sol bien drain\u00e9<\/li>\n<li data-section-id=\"13iiokc\" data-start=\"627\" data-end=\"645\">Zone : 4<\/li>\n<li data-section-id=\"irk0qz\" data-start=\"647\" data-end=\"677\">Feuillage : Vert, dense<\/li>\n<li data-section-id=\"1jfjilk\" data-start=\"678\" data-end=\"720\">Couleur automnale : Jaune \u00e0 orang\u00e9<\/li>\n<\/ul>\n","protected":false},"excerpt":{"rendered":"<p>Voir disponibilit\u00e9 en magasin Nom latin\u00a0 : Malus Rinki Petit arbre ornemental appr\u00e9ci\u00e9 pour sa floraison printani\u00e8re abondante et sa bonne r\u00e9sistance aux maladies. &#8216;Rinki&#8217; offre un port compact et une belle pr\u00e9sence d\u00e9corative, id\u00e9al pour les petits terrains et les am\u00e9nagements urbains, avec un int\u00e9r\u00eat visuel sur plusieurs saisons. Caract\u00e9ristiques Hauteur : 4 \u00e0 [&hellip;]<\/p>\n","protected":false},"featured_media":10025,"comment_status":"closed","ping_status":"open","template":"","meta":{"_acf_changed":false,"_seopress_robots_primary_cat":"","_seopress_titles_title":"","_seopress_titles_desc":"","_seopress_robots_index":"","_seopress_analysis_target_kw":""},"product_brand":[],"product_cat":[44,43],"product_tag":[],"class_list":{"0":"post-10024","1":"product","2":"type-product","3":"status-publish","4":"has-post-thumbnail","6":"product_cat-arbres","7":"product_cat-vegetaux","8":"pa_format-150-cm","9":"pa_format-175-cm","10":"pa_format-200-cm","11":"pa_format-225-cm","12":"pa_format-25-mm","13":"pa_format-250-cm","14":"pa_format-30-mm","15":"pa_format-35-mm","16":"pa_format-40-mm","17":"pa_format-45-mm","18":"pa_format-50-mm","19":"pa_format-55-mm","20":"pa_format-60-mm","22":"first","23":"instock","24":"taxable","25":"shipping-taxable","26":"purchasable","27":"product-type-variable"},"acf":[],"_links":{"self":[{"href":"https:\/\/www.paysagesrossignol.com\/en\/wp-json\/wp\/v2\/product\/10024","targetHints":{"allow":["GET"]}}],"collection":[{"href":"https:\/\/www.paysagesrossignol.com\/en\/wp-json\/wp\/v2\/product"}],"about":[{"href":"https:\/\/www.paysagesrossignol.com\/en\/wp-json\/wp\/v2\/types\/product"}],"replies":[{"embeddable":true,"href":"https:\/\/www.paysagesrossignol.com\/en\/wp-json\/wp\/v2\/comments?post=10024"}],"wp:featuredmedia":[{"embeddable":true,"href":"https:\/\/www.paysagesrossignol.com\/en\/wp-json\/wp\/v2\/media\/10025"}],"wp:attachment":[{"href":"https:\/\/www.paysagesrossignol.com\/en\/wp-json\/wp\/v2\/media?parent=10024"}],"wp:term":[{"taxonomy":"product_brand","embeddable":true,"href":"https:\/\/www.paysagesrossignol.com\/en\/wp-json\/wp\/v2\/product_brand?post=10024"},{"taxonomy":"product_cat","embeddable":true,"href":"https:\/\/www.paysagesrossignol.com\/en\/wp-json\/wp\/v2\/product_cat?post=10024"},{"taxonomy":"product_tag","embeddable":true,"href":"https:\/\/www.paysagesrossignol.com\/en\/wp-json\/wp\/v2\/product_tag?post=10024"}],"curies":[{"name":"wp","href":"https:\/\/api.w.org\/{rel}","templated":true}]}}