{"id":10058,"date":"2026-03-11T04:00:40","date_gmt":"2026-03-11T08:00:40","guid":{"rendered":"https:\/\/www.paysagesrossignol.com\/product\/physocarpe-darts-gold-2\/"},"modified":"2026-05-04T11:17:32","modified_gmt":"2026-05-04T15:17:32","slug":"physocarpe-darts-gold-2","status":"publish","type":"product","link":"https:\/\/www.paysagesrossignol.com\/en\/product\/physocarpe-darts-gold-2\/","title":{"rendered":"Physocarpe \u00e0 feuille d&#8217;obier Dart&#8217;s Gold"},"content":{"rendered":"<h1>Voir disponibilit\u00e9 en magasin<\/h1>\n<h3>Nom latin : Physocarpus opulifolius Dart&#8217;s Gold<\/h3>\n<p>Arbuste d\u00e9coratif tr\u00e8s appr\u00e9ci\u00e9 pour son <strong data-start=\"249\" data-end=\"276\">feuillage dor\u00e9 lumineux<\/strong> et son <strong data-start=\"284\" data-end=\"311\">port arrondi et compact<\/strong>. Il produit de <strong data-start=\"327\" data-end=\"378\">petites fleurs blanches en grappes au printemps<\/strong> et de <strong data-start=\"385\" data-end=\"421\">fruits d\u00e9coratifs brun rouge\u00e2tre<\/strong>. Tr\u00e8s tol\u00e9rant aux <strong data-start=\"441\" data-end=\"491\">conditions urbaines, sols vari\u00e9s et s\u00e9cheresse<\/strong>, il est parfait pour les <strong data-start=\"517\" data-end=\"572\">massifs, haies color\u00e9es et am\u00e9nagements ornementaux<\/strong>.<\/p>\n<h3 data-section-id=\"fo4qqk\" data-start=\"580\" data-end=\"603\">Caract\u00e9ristiques<\/h3>\n<ul data-start=\"605\" data-end=\"882\">\n<li data-section-id=\"1dv4w3a\" data-start=\"605\" data-end=\"634\"><strong data-start=\"607\" data-end=\"620\">Hauteur :<\/strong> 1,5 \u00e0 2,5 m<\/li>\n<li data-section-id=\"1nu1u4m\" data-start=\"635\" data-end=\"664\"><strong data-start=\"637\" data-end=\"650\">Largeur :<\/strong> 1,5 \u00e0 2,5 m<\/li>\n<li data-section-id=\"1fqa3rr\" data-start=\"665\" data-end=\"693\"><strong data-start=\"667\" data-end=\"683\">Croissance :<\/strong> Moyenne<\/li>\n<li data-section-id=\"17dp8qg\" data-start=\"695\" data-end=\"733\"><strong data-start=\"697\" data-end=\"713\">Exposition :<\/strong> Soleil \u00e0 mi-ombre<\/li>\n<li data-section-id=\"55val7\" data-start=\"734\" data-end=\"788\"><strong data-start=\"736\" data-end=\"745\">Sol :<\/strong> Bien drain\u00e9, tol\u00e8re sols secs et urbains<\/li>\n<li data-section-id=\"13nbwbf\" data-start=\"789\" data-end=\"807\"><strong data-start=\"791\" data-end=\"801\">Zone :<\/strong> 3\u20137<\/li>\n<li data-section-id=\"1k6p1l7\" data-start=\"809\" data-end=\"839\"><strong data-start=\"811\" data-end=\"826\">Feuillage :<\/strong> Jaune dor\u00e9<\/li>\n<li data-section-id=\"1jfjilk\" data-start=\"840\" data-end=\"882\"><strong data-start=\"842\" data-end=\"865\">Couleur automnale :<\/strong> Jaune \u00e0 orang\u00e9<\/li>\n<\/ul>\n","protected":false},"excerpt":{"rendered":"<p>Voir disponibilit\u00e9 en magasin Nom latin : Physocarpus opulifolius Dart&#8217;s Gold Arbuste d\u00e9coratif tr\u00e8s appr\u00e9ci\u00e9 pour son feuillage dor\u00e9 lumineux et son port arrondi et compact. Il produit de petites fleurs blanches en grappes au printemps et de fruits d\u00e9coratifs brun rouge\u00e2tre. Tr\u00e8s tol\u00e9rant aux conditions urbaines, sols vari\u00e9s et s\u00e9cheresse, il est parfait pour [&hellip;]<\/p>\n","protected":false},"featured_media":2631,"comment_status":"closed","ping_status":"open","template":"","meta":{"_acf_changed":false,"_seopress_robots_primary_cat":"","_seopress_titles_title":"","_seopress_titles_desc":"","_seopress_robots_index":"","_seopress_analysis_target_kw":""},"product_brand":[],"product_cat":[44,43],"product_tag":[],"class_list":{"0":"post-10058","1":"product","2":"type-product","3":"status-publish","4":"has-post-thumbnail","6":"product_cat-arbres","7":"product_cat-vegetaux","8":"pa_format-sur-tige","10":"first","11":"instock","12":"taxable","13":"shipping-taxable","14":"purchasable","15":"product-type-variable"},"acf":[],"_links":{"self":[{"href":"https:\/\/www.paysagesrossignol.com\/en\/wp-json\/wp\/v2\/product\/10058","targetHints":{"allow":["GET"]}}],"collection":[{"href":"https:\/\/www.paysagesrossignol.com\/en\/wp-json\/wp\/v2\/product"}],"about":[{"href":"https:\/\/www.paysagesrossignol.com\/en\/wp-json\/wp\/v2\/types\/product"}],"replies":[{"embeddable":true,"href":"https:\/\/www.paysagesrossignol.com\/en\/wp-json\/wp\/v2\/comments?post=10058"}],"wp:featuredmedia":[{"embeddable":true,"href":"https:\/\/www.paysagesrossignol.com\/en\/wp-json\/wp\/v2\/media\/2631"}],"wp:attachment":[{"href":"https:\/\/www.paysagesrossignol.com\/en\/wp-json\/wp\/v2\/media?parent=10058"}],"wp:term":[{"taxonomy":"product_brand","embeddable":true,"href":"https:\/\/www.paysagesrossignol.com\/en\/wp-json\/wp\/v2\/product_brand?post=10058"},{"taxonomy":"product_cat","embeddable":true,"href":"https:\/\/www.paysagesrossignol.com\/en\/wp-json\/wp\/v2\/product_cat?post=10058"},{"taxonomy":"product_tag","embeddable":true,"href":"https:\/\/www.paysagesrossignol.com\/en\/wp-json\/wp\/v2\/product_tag?post=10058"}],"curies":[{"name":"wp","href":"https:\/\/api.w.org\/{rel}","templated":true}]}}