{"id":10103,"date":"2026-03-11T00:00:43","date_gmt":"2026-03-11T04:00:43","guid":{"rendered":"https:\/\/www.paysagesrossignol.com\/produit\/erable-a-sucre-fall-fiesta\/"},"modified":"2026-03-31T13:24:44","modified_gmt":"2026-03-31T17:24:44","slug":"erable-a-sucre-fall-fiesta","status":"publish","type":"product","link":"https:\/\/www.paysagesrossignol.com\/en\/produit\/erable-a-sucre-fall-fiesta\/","title":{"rendered":"\u00c9rable \u00e0 Sucre Fall Fiesta"},"content":{"rendered":"<h1>Voir disponibilit\u00e9 en magasin<\/h1>\n<h3>Nom latin : Acer Saccharum Fall fiesta<\/h3>\n<p data-start=\"149\" data-end=\"481\">S\u00e9lection d\u2019\u00e9rable \u00e0 sucre reconnue pour sa bonne vigueur et sa r\u00e9sistance accrue aux conditions difficiles. \u2018Fall Fiesta\u2019 se distingue par une coloration automnale spectaculaire, souvent dans des tons rouge orang\u00e9 \u00e0 jaune, et une meilleure adaptation que l\u2019esp\u00e8ce en milieu urbain.<\/p>\n<p data-section-id=\"fo4qqk\" data-start=\"488\" data-end=\"511\">Caract\u00e9ristiques<\/p>\n<ul data-start=\"513\" data-end=\"1091\">\n<li data-section-id=\"1289gxk\" data-start=\"513\" data-end=\"540\">Hauteur : 15 \u00e0 18 m<\/li>\n<li data-section-id=\"1ufp7mo\" data-start=\"541\" data-end=\"568\">Largeur : 12 \u00e0 15 m<\/li>\n<li data-section-id=\"1r5kkrl\" data-start=\"569\" data-end=\"667\">Croissance : Moyenne \u00e0 rapide<\/li>\n<li data-section-id=\"1tj9pl0\" data-start=\"669\" data-end=\"707\">Exposition : Soleil \u00e0 mi\u2011ombre<\/li>\n<li data-section-id=\"1e878mz\" data-start=\"708\" data-end=\"823\">Sol : Riche, frais et bien drain\u00e9<\/li>\n<li data-section-id=\"l5sob8\" data-start=\"824\" data-end=\"907\">Zone : 3<\/li>\n<li data-section-id=\"1u1z9ak\" data-start=\"909\" data-end=\"994\">Feuillage : Vert fonc\u00e9, dense<\/li>\n<li data-section-id=\"8tn53b\" data-start=\"995\" data-end=\"1091\">Couleur automnale : Rouge orang\u00e9 \u00e0 jaune<\/li>\n<\/ul>\n<h1><\/h1>\n","protected":false},"excerpt":{"rendered":"<p>Voir disponibilit\u00e9 en magasin Nom latin : Acer Saccharum Fall fiesta S\u00e9lection d\u2019\u00e9rable \u00e0 sucre reconnue pour sa bonne vigueur et sa r\u00e9sistance accrue aux conditions difficiles. \u2018Fall Fiesta\u2019 se distingue par une coloration automnale spectaculaire, souvent dans des tons rouge orang\u00e9 \u00e0 jaune, et une meilleure adaptation que l\u2019esp\u00e8ce en milieu urbain. Caract\u00e9ristiques Hauteur [&hellip;]<\/p>\n","protected":false},"featured_media":29612,"template":"","meta":[],"product_cat":[86],"product_tag":[],"acf":[],"_links":{"self":[{"href":"https:\/\/www.paysagesrossignol.com\/en\/wp-json\/wp\/v2\/product\/10103"}],"collection":[{"href":"https:\/\/www.paysagesrossignol.com\/en\/wp-json\/wp\/v2\/product"}],"about":[{"href":"https:\/\/www.paysagesrossignol.com\/en\/wp-json\/wp\/v2\/types\/product"}],"wp:featuredmedia":[{"embeddable":true,"href":"https:\/\/www.paysagesrossignol.com\/en\/wp-json\/wp\/v2\/media\/29612"}],"wp:attachment":[{"href":"https:\/\/www.paysagesrossignol.com\/en\/wp-json\/wp\/v2\/media?parent=10103"}],"wp:term":[{"taxonomy":"product_cat","embeddable":true,"href":"https:\/\/www.paysagesrossignol.com\/en\/wp-json\/wp\/v2\/product_cat?post=10103"},{"taxonomy":"product_tag","embeddable":true,"href":"https:\/\/www.paysagesrossignol.com\/en\/wp-json\/wp\/v2\/product_tag?post=10103"}],"curies":[{"name":"wp","href":"https:\/\/api.w.org\/{rel}","templated":true}]}}