{"id":10107,"date":"2026-03-11T00:00:43","date_gmt":"2026-03-11T04:00:43","guid":{"rendered":"https:\/\/www.paysagesrossignol.com\/produit\/erable-a-sucre-flaxmill-majesty\/"},"modified":"2026-03-26T13:59:56","modified_gmt":"2026-03-26T17:59:56","slug":"erable-a-sucre-flaxmill-majesty","status":"publish","type":"product","link":"https:\/\/www.paysagesrossignol.com\/en\/produit\/erable-a-sucre-flaxmill-majesty\/","title":{"rendered":"\u00c9rable \u00e0 sucre Flaxmill Majesty"},"content":{"rendered":"<h1>Voir disponibilit\u00e9 en magasin<\/h1>\n<h3>Nom latin : Acer saccharum Flaxmill majesty<\/h3>\n<p data-start=\"162\" data-end=\"565\">S\u00e9lection d\u2019<strong data-start=\"174\" data-end=\"192\">\u00e9rable \u00e0 sucre<\/strong> tr\u00e8s appr\u00e9ci\u00e9e pour sa <strong data-start=\"216\" data-end=\"263\">forme sym\u00e9trique et son feuillage d\u00e9coratif<\/strong>, \u2018Flaxmill Majesty\u2019 se distingue par ses <strong data-start=\"305\" data-end=\"336\">grandes feuilles vert fonc\u00e9<\/strong> et sa <strong data-start=\"343\" data-end=\"394\">coloration automnale orange\u2011rouge spectaculaire<\/strong>. C\u2019est un excellent arbre d\u2019<strong data-start=\"423\" data-end=\"444\">ombre ou sp\u00e9cimen<\/strong> pour les grands espaces paysagers, avec une robustesse adapt\u00e9e aux climats froids.<\/p>\n<h3 data-section-id=\"fo4qqk\" data-start=\"572\" data-end=\"595\">Caract\u00e9ristiques<\/h3>\n<ul data-start=\"597\" data-end=\"934\">\n<li data-section-id=\"1289gxk\" data-start=\"597\" data-end=\"624\"><strong data-start=\"599\" data-end=\"612\">Hauteur :<\/strong> 15 \u00e0 18 m<\/li>\n<li data-section-id=\"1ueak86\" data-start=\"625\" data-end=\"652\"><strong data-start=\"627\" data-end=\"640\">Largeur :<\/strong> 10 \u00e0 13 m<\/li>\n<li data-section-id=\"11qi670\" data-start=\"653\" data-end=\"690\"><strong data-start=\"655\" data-end=\"671\">Croissance :<\/strong> Moyenne \u00e0 rapide<\/li>\n<li data-section-id=\"1tj9pl0\" data-start=\"692\" data-end=\"730\"><strong data-start=\"694\" data-end=\"710\">Exposition :<\/strong> Soleil \u00e0 mi\u2011ombre<\/li>\n<li data-section-id=\"1mp2fs4\" data-start=\"731\" data-end=\"791\"><strong data-start=\"733\" data-end=\"742\">Sol :<\/strong> Pr\u00e9f\u00e8re bien drain\u00e9, riche et l\u00e9g\u00e8rement acide<\/li>\n<li data-section-id=\"13nbvfc\" data-start=\"792\" data-end=\"810\"><strong data-start=\"794\" data-end=\"804\">Zone :<\/strong> 3\u20134<\/li>\n<li data-section-id=\"1l7lbfi\" data-start=\"812\" data-end=\"883\"><strong data-start=\"814\" data-end=\"829\">Feuillage :<\/strong> Vert fonc\u00e9, grandes feuilles typiques des saccharum<\/li>\n<li data-section-id=\"1gugcj9\" data-start=\"884\" data-end=\"934\"><strong data-start=\"886\" data-end=\"909\">Couleur automnale :<\/strong> Orange \u00e0 rouge intense<\/li>\n<\/ul>\n<p>&nbsp;<\/p>\n<h1><\/h1>\n","protected":false},"excerpt":{"rendered":"<p>Voir disponibilit\u00e9 en magasin Nom latin : Acer saccharum Flaxmill majesty S\u00e9lection d\u2019\u00e9rable \u00e0 sucre tr\u00e8s appr\u00e9ci\u00e9e pour sa forme sym\u00e9trique et son feuillage d\u00e9coratif, \u2018Flaxmill Majesty\u2019 se distingue par ses grandes feuilles vert fonc\u00e9 et sa coloration automnale orange\u2011rouge spectaculaire. C\u2019est un excellent arbre d\u2019ombre ou sp\u00e9cimen pour les grands espaces paysagers, avec une [&hellip;]<\/p>\n","protected":false},"featured_media":29539,"template":"","meta":[],"product_cat":[86],"product_tag":[],"acf":[],"_links":{"self":[{"href":"https:\/\/www.paysagesrossignol.com\/en\/wp-json\/wp\/v2\/product\/10107"}],"collection":[{"href":"https:\/\/www.paysagesrossignol.com\/en\/wp-json\/wp\/v2\/product"}],"about":[{"href":"https:\/\/www.paysagesrossignol.com\/en\/wp-json\/wp\/v2\/types\/product"}],"wp:featuredmedia":[{"embeddable":true,"href":"https:\/\/www.paysagesrossignol.com\/en\/wp-json\/wp\/v2\/media\/29539"}],"wp:attachment":[{"href":"https:\/\/www.paysagesrossignol.com\/en\/wp-json\/wp\/v2\/media?parent=10107"}],"wp:term":[{"taxonomy":"product_cat","embeddable":true,"href":"https:\/\/www.paysagesrossignol.com\/en\/wp-json\/wp\/v2\/product_cat?post=10107"},{"taxonomy":"product_tag","embeddable":true,"href":"https:\/\/www.paysagesrossignol.com\/en\/wp-json\/wp\/v2\/product_tag?post=10107"}],"curies":[{"name":"wp","href":"https:\/\/api.w.org\/{rel}","templated":true}]}}