{"id":10244,"date":"2026-03-10T04:00:01","date_gmt":"2026-03-10T08:00:01","guid":{"rendered":"https:\/\/www.paysagesrossignol.com\/product\/radis-dhiver-ecarlate-noir-bio\/"},"modified":"2026-05-04T11:15:48","modified_gmt":"2026-05-04T15:15:48","slug":"radis-dhiver-ecarlate-noir-bio","status":"publish","type":"product","link":"https:\/\/www.paysagesrossignol.com\/en\/product\/radis-dhiver-ecarlate-noir-bio\/","title":{"rendered":"Radis d&#8217;hiver \u00c9carlate Noir &#8211; Bio"},"content":{"rendered":"<h1>Voir disponibilit\u00e9 en magasin<\/h1>\n<p>Un \u00e9tonnant contraste entre une pelure noire et une chair rouge ou violet vif. Ce radis d&#8217;hiver est sucr\u00e9 et d\u00e9licieux. Une vari\u00e9t\u00e9 originale de Tourne-Sol!<\/p>\n<p>150 semences<\/p>\n<p>Tournesol<\/p>\n","protected":false},"excerpt":{"rendered":"<p>Voir disponibilit\u00e9 en magasin Un \u00e9tonnant contraste entre une pelure noire et une chair rouge ou violet vif. Ce radis d&#8217;hiver est sucr\u00e9 et d\u00e9licieux. Une vari\u00e9t\u00e9 originale de Tourne-Sol! 150 semences Tournesol<\/p>\n","protected":false},"featured_media":10245,"comment_status":"closed","ping_status":"open","template":"","meta":{"_acf_changed":false,"_seopress_robots_primary_cat":"","_seopress_titles_title":"","_seopress_titles_desc":"","_seopress_robots_index":"","_seopress_analysis_target_kw":""},"product_brand":[],"product_cat":[31,37],"product_tag":[],"class_list":{"0":"post-10244","1":"product","2":"type-product","3":"status-publish","4":"has-post-thumbnail","6":"product_cat-amenagement-jardin","7":"product_cat-semence-biologique","9":"first","10":"instock","11":"taxable","12":"shipping-taxable","13":"purchasable","14":"product-type-simple"},"acf":[],"_links":{"self":[{"href":"https:\/\/www.paysagesrossignol.com\/en\/wp-json\/wp\/v2\/product\/10244","targetHints":{"allow":["GET"]}}],"collection":[{"href":"https:\/\/www.paysagesrossignol.com\/en\/wp-json\/wp\/v2\/product"}],"about":[{"href":"https:\/\/www.paysagesrossignol.com\/en\/wp-json\/wp\/v2\/types\/product"}],"replies":[{"embeddable":true,"href":"https:\/\/www.paysagesrossignol.com\/en\/wp-json\/wp\/v2\/comments?post=10244"}],"wp:featuredmedia":[{"embeddable":true,"href":"https:\/\/www.paysagesrossignol.com\/en\/wp-json\/wp\/v2\/media\/10245"}],"wp:attachment":[{"href":"https:\/\/www.paysagesrossignol.com\/en\/wp-json\/wp\/v2\/media?parent=10244"}],"wp:term":[{"taxonomy":"product_brand","embeddable":true,"href":"https:\/\/www.paysagesrossignol.com\/en\/wp-json\/wp\/v2\/product_brand?post=10244"},{"taxonomy":"product_cat","embeddable":true,"href":"https:\/\/www.paysagesrossignol.com\/en\/wp-json\/wp\/v2\/product_cat?post=10244"},{"taxonomy":"product_tag","embeddable":true,"href":"https:\/\/www.paysagesrossignol.com\/en\/wp-json\/wp\/v2\/product_tag?post=10244"}],"curies":[{"name":"wp","href":"https:\/\/api.w.org\/{rel}","templated":true}]}}