{"id":10252,"date":"2026-03-10T04:00:35","date_gmt":"2026-03-10T08:00:35","guid":{"rendered":"https:\/\/www.paysagesrossignol.com\/product\/sesame-bio\/"},"modified":"2026-05-04T11:15:52","modified_gmt":"2026-05-04T15:15:52","slug":"sesame-bio","status":"publish","type":"product","link":"https:\/\/www.paysagesrossignol.com\/en\/product\/sesame-bio\/","title":{"rendered":"S\u00e9same &#8211; Bio"},"content":{"rendered":"<h1>Voir disponibilit\u00e9 en magasin<\/h1>\n<p>Les petites graines de s\u00e9same poussent dans des gousses vertes sur des plantes d&#8217;un m\u00e8tre de haut. R\u00e9coltez les plantes juste avant les gel\u00e9es et laissez les gousses continuer \u00e0 m\u00fbrir \u00e0 l&#8217;int\u00e9rieur.<\/p>\n<p>100 semences<\/p>\n<p>Tournesol<\/p>\n","protected":false},"excerpt":{"rendered":"<p>Voir disponibilit\u00e9 en magasin Les petites graines de s\u00e9same poussent dans des gousses vertes sur des plantes d&#8217;un m\u00e8tre de haut. R\u00e9coltez les plantes juste avant les gel\u00e9es et laissez les gousses continuer \u00e0 m\u00fbrir \u00e0 l&#8217;int\u00e9rieur. 100 semences Tournesol<\/p>\n","protected":false},"featured_media":10253,"comment_status":"closed","ping_status":"open","template":"","meta":{"_acf_changed":false,"_seopress_robots_primary_cat":"","_seopress_titles_title":"","_seopress_titles_desc":"","_seopress_robots_index":"","_seopress_analysis_target_kw":""},"product_brand":[],"product_cat":[31,37],"product_tag":[],"class_list":{"0":"post-10252","1":"product","2":"type-product","3":"status-publish","4":"has-post-thumbnail","6":"product_cat-amenagement-jardin","7":"product_cat-semence-biologique","9":"first","10":"instock","11":"taxable","12":"shipping-taxable","13":"purchasable","14":"product-type-simple"},"acf":[],"_links":{"self":[{"href":"https:\/\/www.paysagesrossignol.com\/en\/wp-json\/wp\/v2\/product\/10252","targetHints":{"allow":["GET"]}}],"collection":[{"href":"https:\/\/www.paysagesrossignol.com\/en\/wp-json\/wp\/v2\/product"}],"about":[{"href":"https:\/\/www.paysagesrossignol.com\/en\/wp-json\/wp\/v2\/types\/product"}],"replies":[{"embeddable":true,"href":"https:\/\/www.paysagesrossignol.com\/en\/wp-json\/wp\/v2\/comments?post=10252"}],"wp:featuredmedia":[{"embeddable":true,"href":"https:\/\/www.paysagesrossignol.com\/en\/wp-json\/wp\/v2\/media\/10253"}],"wp:attachment":[{"href":"https:\/\/www.paysagesrossignol.com\/en\/wp-json\/wp\/v2\/media?parent=10252"}],"wp:term":[{"taxonomy":"product_brand","embeddable":true,"href":"https:\/\/www.paysagesrossignol.com\/en\/wp-json\/wp\/v2\/product_brand?post=10252"},{"taxonomy":"product_cat","embeddable":true,"href":"https:\/\/www.paysagesrossignol.com\/en\/wp-json\/wp\/v2\/product_cat?post=10252"},{"taxonomy":"product_tag","embeddable":true,"href":"https:\/\/www.paysagesrossignol.com\/en\/wp-json\/wp\/v2\/product_tag?post=10252"}],"curies":[{"name":"wp","href":"https:\/\/api.w.org\/{rel}","templated":true}]}}