{"id":10279,"date":"2026-03-10T04:00:06","date_gmt":"2026-03-10T08:00:06","guid":{"rendered":"https:\/\/www.paysagesrossignol.com\/product\/poivron-hungarian-yellow-hot-wax\/"},"modified":"2026-05-04T11:16:07","modified_gmt":"2026-05-04T15:16:07","slug":"poivron-hungarian-yellow-hot-wax","status":"publish","type":"product","link":"https:\/\/www.paysagesrossignol.com\/en\/product\/poivron-hungarian-yellow-hot-wax\/","title":{"rendered":"Poivron Hungarian Yellow Hot Wax"},"content":{"rendered":"<h1>Voir disponibilit\u00e9 en magasin<\/h1>\n<p>Un piment de 14 cm (5,5&#8243;) moyennement chaud, parfait pour les marinades, les salades, les fritures et les r\u00f4tis. Les piments de cire sont en fait rouge-orange lorsqu&#8217;ils sont m\u00fbrs, mais ils sont g\u00e9n\u00e9ralement r\u00e9colt\u00e9s lorsqu&#8217;ils sont jaunes. *apr\u00e8s la transplantation au jardin<\/p>\n<p>*65-90 jours \u00e0 la r\u00e9colte<\/p>\n<p>McKenzie<\/p>\n","protected":false},"excerpt":{"rendered":"<p>Voir disponibilit\u00e9 en magasin Un piment de 14 cm (5,5&#8243;) moyennement chaud, parfait pour les marinades, les salades, les fritures et les r\u00f4tis. Les piments de cire sont en fait rouge-orange lorsqu&#8217;ils sont m\u00fbrs, mais ils sont g\u00e9n\u00e9ralement r\u00e9colt\u00e9s lorsqu&#8217;ils sont jaunes. *apr\u00e8s la transplantation au jardin *65-90 jours \u00e0 la r\u00e9colte McKenzie<\/p>\n","protected":false},"featured_media":10280,"comment_status":"closed","ping_status":"open","template":"","meta":{"_acf_changed":false,"_seopress_robots_primary_cat":"","_seopress_titles_title":"","_seopress_titles_desc":"","_seopress_robots_index":"","_seopress_analysis_target_kw":""},"product_brand":[],"product_cat":[31,39],"product_tag":[],"class_list":{"0":"post-10279","1":"product","2":"type-product","3":"status-publish","4":"has-post-thumbnail","6":"product_cat-amenagement-jardin","7":"product_cat-semence-potagere","9":"first","10":"instock","11":"taxable","12":"shipping-taxable","13":"purchasable","14":"product-type-simple"},"acf":[],"_links":{"self":[{"href":"https:\/\/www.paysagesrossignol.com\/en\/wp-json\/wp\/v2\/product\/10279","targetHints":{"allow":["GET"]}}],"collection":[{"href":"https:\/\/www.paysagesrossignol.com\/en\/wp-json\/wp\/v2\/product"}],"about":[{"href":"https:\/\/www.paysagesrossignol.com\/en\/wp-json\/wp\/v2\/types\/product"}],"replies":[{"embeddable":true,"href":"https:\/\/www.paysagesrossignol.com\/en\/wp-json\/wp\/v2\/comments?post=10279"}],"wp:featuredmedia":[{"embeddable":true,"href":"https:\/\/www.paysagesrossignol.com\/en\/wp-json\/wp\/v2\/media\/10280"}],"wp:attachment":[{"href":"https:\/\/www.paysagesrossignol.com\/en\/wp-json\/wp\/v2\/media?parent=10279"}],"wp:term":[{"taxonomy":"product_brand","embeddable":true,"href":"https:\/\/www.paysagesrossignol.com\/en\/wp-json\/wp\/v2\/product_brand?post=10279"},{"taxonomy":"product_cat","embeddable":true,"href":"https:\/\/www.paysagesrossignol.com\/en\/wp-json\/wp\/v2\/product_cat?post=10279"},{"taxonomy":"product_tag","embeddable":true,"href":"https:\/\/www.paysagesrossignol.com\/en\/wp-json\/wp\/v2\/product_tag?post=10279"}],"curies":[{"name":"wp","href":"https:\/\/api.w.org\/{rel}","templated":true}]}}