{"id":10308,"date":"2026-03-10T19:34:32","date_gmt":"2026-03-10T23:34:32","guid":{"rendered":"https:\/\/www.paysagesrossignol.com\/product\/navet-purple-top-white-globe-2\/"},"modified":"2026-05-04T11:16:20","modified_gmt":"2026-05-04T15:16:20","slug":"navet-purple-top-white-globe-2","status":"publish","type":"product","link":"https:\/\/www.paysagesrossignol.com\/en\/product\/navet-purple-top-white-globe-2\/","title":{"rendered":"Navet Purple Top White Globe"},"content":{"rendered":"<h1>Voir disponibilit\u00e9 en magasin<\/h1>\n<p>La racine ferme, croustillante et d&#8217;un blanc laiteux porte une coiffre rouge violac\u00e9. R\u00e9colte tr\u00e8s fiable. Racine de 5-12,5 cm (2-5&#8243;) de diam\u00e8tre. Pr\u00e9f\u00e8re un sol profond, fertile, meuble et bien drain\u00e9. Ce navet sucr\u00e9 au go\u00fbt doux est id\u00e9al cru ou cuit et se cong\u00e8le bien. Les navets et ls pois font d&#8217;excellents compagnons.<\/p>\n<p>55-60 jours \u00e0 la r\u00e9colte<\/p>\n<p>McKenzie<\/p>\n","protected":false},"excerpt":{"rendered":"<p>Voir disponibilit\u00e9 en magasin La racine ferme, croustillante et d&#8217;un blanc laiteux porte une coiffre rouge violac\u00e9. R\u00e9colte tr\u00e8s fiable. Racine de 5-12,5 cm (2-5&#8243;) de diam\u00e8tre. Pr\u00e9f\u00e8re un sol profond, fertile, meuble et bien drain\u00e9. Ce navet sucr\u00e9 au go\u00fbt doux est id\u00e9al cru ou cuit et se cong\u00e8le bien. Les navets et ls [&hellip;]<\/p>\n","protected":false},"featured_media":10309,"comment_status":"closed","ping_status":"open","template":"","meta":{"_acf_changed":false,"_seopress_robots_primary_cat":"","_seopress_titles_title":"","_seopress_titles_desc":"","_seopress_robots_index":"","_seopress_analysis_target_kw":""},"product_brand":[],"product_cat":[31,39],"product_tag":[],"class_list":{"0":"post-10308","1":"product","2":"type-product","3":"status-publish","4":"has-post-thumbnail","6":"product_cat-amenagement-jardin","7":"product_cat-semence-potagere","9":"first","10":"instock","11":"taxable","12":"shipping-taxable","13":"purchasable","14":"product-type-simple"},"acf":[],"_links":{"self":[{"href":"https:\/\/www.paysagesrossignol.com\/en\/wp-json\/wp\/v2\/product\/10308","targetHints":{"allow":["GET"]}}],"collection":[{"href":"https:\/\/www.paysagesrossignol.com\/en\/wp-json\/wp\/v2\/product"}],"about":[{"href":"https:\/\/www.paysagesrossignol.com\/en\/wp-json\/wp\/v2\/types\/product"}],"replies":[{"embeddable":true,"href":"https:\/\/www.paysagesrossignol.com\/en\/wp-json\/wp\/v2\/comments?post=10308"}],"wp:featuredmedia":[{"embeddable":true,"href":"https:\/\/www.paysagesrossignol.com\/en\/wp-json\/wp\/v2\/media\/10309"}],"wp:attachment":[{"href":"https:\/\/www.paysagesrossignol.com\/en\/wp-json\/wp\/v2\/media?parent=10308"}],"wp:term":[{"taxonomy":"product_brand","embeddable":true,"href":"https:\/\/www.paysagesrossignol.com\/en\/wp-json\/wp\/v2\/product_brand?post=10308"},{"taxonomy":"product_cat","embeddable":true,"href":"https:\/\/www.paysagesrossignol.com\/en\/wp-json\/wp\/v2\/product_cat?post=10308"},{"taxonomy":"product_tag","embeddable":true,"href":"https:\/\/www.paysagesrossignol.com\/en\/wp-json\/wp\/v2\/product_tag?post=10308"}],"curies":[{"name":"wp","href":"https:\/\/api.w.org\/{rel}","templated":true}]}}