{"id":10314,"date":"2026-03-10T19:44:10","date_gmt":"2026-03-10T23:44:10","guid":{"rendered":"https:\/\/www.paysagesrossignol.com\/product\/courge-table-queen-2\/"},"modified":"2026-05-04T11:16:23","modified_gmt":"2026-05-04T15:16:23","slug":"courge-table-queen-2","status":"publish","type":"product","link":"https:\/\/www.paysagesrossignol.com\/en\/product\/courge-table-queen-2\/","title":{"rendered":"Courge Table Queen"},"content":{"rendered":"<h1>Voir disponibilit\u00e9 en magasin<\/h1>\n<p>Une courge tr\u00e8s appr\u00e9ci\u00e9e. L&#8217;ext\u00e9rieur vert lisse et mince entoure une chair jaune p\u00e2le. Ressemble \u00e0 un gros gland. Enveloppe tr\u00e8s dure avec une pointe \u00e0 l&#8217;extr\u00e9mit\u00e9 du fruit o\u00f9 la fleur est produite. Excellent cuite au four ou farcie. Saveur douce. Vari\u00e9t\u00e9 r\u00e9sistante \u00e0 la punaise de la courge.<\/p>\n<p>80-90 jours \u00e0 la r\u00e9colte<\/p>\n<p>McKenzie<\/p>\n","protected":false},"excerpt":{"rendered":"<p>Voir disponibilit\u00e9 en magasin Une courge tr\u00e8s appr\u00e9ci\u00e9e. L&#8217;ext\u00e9rieur vert lisse et mince entoure une chair jaune p\u00e2le. Ressemble \u00e0 un gros gland. Enveloppe tr\u00e8s dure avec une pointe \u00e0 l&#8217;extr\u00e9mit\u00e9 du fruit o\u00f9 la fleur est produite. Excellent cuite au four ou farcie. Saveur douce. Vari\u00e9t\u00e9 r\u00e9sistante \u00e0 la punaise de la courge. 80-90 [&hellip;]<\/p>\n","protected":false},"featured_media":10315,"comment_status":"closed","ping_status":"open","template":"","meta":{"_acf_changed":false,"_seopress_robots_primary_cat":"","_seopress_titles_title":"","_seopress_titles_desc":"","_seopress_robots_index":"","_seopress_analysis_target_kw":""},"product_brand":[],"product_cat":[31,39],"product_tag":[],"class_list":{"0":"post-10314","1":"product","2":"type-product","3":"status-publish","4":"has-post-thumbnail","6":"product_cat-amenagement-jardin","7":"product_cat-semence-potagere","9":"first","10":"instock","11":"taxable","12":"shipping-taxable","13":"purchasable","14":"product-type-simple"},"acf":[],"_links":{"self":[{"href":"https:\/\/www.paysagesrossignol.com\/en\/wp-json\/wp\/v2\/product\/10314","targetHints":{"allow":["GET"]}}],"collection":[{"href":"https:\/\/www.paysagesrossignol.com\/en\/wp-json\/wp\/v2\/product"}],"about":[{"href":"https:\/\/www.paysagesrossignol.com\/en\/wp-json\/wp\/v2\/types\/product"}],"replies":[{"embeddable":true,"href":"https:\/\/www.paysagesrossignol.com\/en\/wp-json\/wp\/v2\/comments?post=10314"}],"wp:featuredmedia":[{"embeddable":true,"href":"https:\/\/www.paysagesrossignol.com\/en\/wp-json\/wp\/v2\/media\/10315"}],"wp:attachment":[{"href":"https:\/\/www.paysagesrossignol.com\/en\/wp-json\/wp\/v2\/media?parent=10314"}],"wp:term":[{"taxonomy":"product_brand","embeddable":true,"href":"https:\/\/www.paysagesrossignol.com\/en\/wp-json\/wp\/v2\/product_brand?post=10314"},{"taxonomy":"product_cat","embeddable":true,"href":"https:\/\/www.paysagesrossignol.com\/en\/wp-json\/wp\/v2\/product_cat?post=10314"},{"taxonomy":"product_tag","embeddable":true,"href":"https:\/\/www.paysagesrossignol.com\/en\/wp-json\/wp\/v2\/product_tag?post=10314"}],"curies":[{"name":"wp","href":"https:\/\/api.w.org\/{rel}","templated":true}]}}