{"id":10317,"date":"2026-03-10T19:52:12","date_gmt":"2026-03-10T23:52:12","guid":{"rendered":"https:\/\/www.paysagesrossignol.com\/product\/epinard-perpetual-2\/"},"modified":"2026-05-04T11:16:25","modified_gmt":"2026-05-04T15:16:25","slug":"epinard-perpetual-2","status":"publish","type":"product","link":"https:\/\/www.paysagesrossignol.com\/en\/product\/epinard-perpetual-2\/","title":{"rendered":"\u00c9pinard Perpetual"},"content":{"rendered":"<h1>Voir disponibilit\u00e9 en magasin<\/h1>\n<p>Si vos \u00e9pinards d&#8217;\u00e9t\u00e9 montent toujours en graine avant la maturit\u00e9, voici la vari\u00e9t\u00e9 \u00e0 essayer. Elle ne monte pratiquement jamais si on la r\u00e9colte correctement. Succulent, prolifique et tr\u00e8s rustique. Fait une excellente production d&#8217;automne. R\u00e9colter quelques feuilles \u00e0 la fois, les cassant tout simplement \u00e0 la base. Beta Vulgaris<\/p>\n<p>50 jours \u00e0 la r\u00e9colte<\/p>\n<p>McKenzie<\/p>\n","protected":false},"excerpt":{"rendered":"<p>Voir disponibilit\u00e9 en magasin Si vos \u00e9pinards d&#8217;\u00e9t\u00e9 montent toujours en graine avant la maturit\u00e9, voici la vari\u00e9t\u00e9 \u00e0 essayer. Elle ne monte pratiquement jamais si on la r\u00e9colte correctement. Succulent, prolifique et tr\u00e8s rustique. Fait une excellente production d&#8217;automne. R\u00e9colter quelques feuilles \u00e0 la fois, les cassant tout simplement \u00e0 la base. Beta Vulgaris [&hellip;]<\/p>\n","protected":false},"featured_media":10318,"comment_status":"closed","ping_status":"open","template":"","meta":{"_acf_changed":false,"_seopress_robots_primary_cat":"","_seopress_titles_title":"","_seopress_titles_desc":"","_seopress_robots_index":"","_seopress_analysis_target_kw":""},"product_brand":[],"product_cat":[31,39],"product_tag":[],"class_list":{"0":"post-10317","1":"product","2":"type-product","3":"status-publish","4":"has-post-thumbnail","6":"product_cat-amenagement-jardin","7":"product_cat-semence-potagere","9":"first","10":"instock","11":"taxable","12":"shipping-taxable","13":"purchasable","14":"product-type-simple"},"acf":[],"_links":{"self":[{"href":"https:\/\/www.paysagesrossignol.com\/en\/wp-json\/wp\/v2\/product\/10317","targetHints":{"allow":["GET"]}}],"collection":[{"href":"https:\/\/www.paysagesrossignol.com\/en\/wp-json\/wp\/v2\/product"}],"about":[{"href":"https:\/\/www.paysagesrossignol.com\/en\/wp-json\/wp\/v2\/types\/product"}],"replies":[{"embeddable":true,"href":"https:\/\/www.paysagesrossignol.com\/en\/wp-json\/wp\/v2\/comments?post=10317"}],"wp:featuredmedia":[{"embeddable":true,"href":"https:\/\/www.paysagesrossignol.com\/en\/wp-json\/wp\/v2\/media\/10318"}],"wp:attachment":[{"href":"https:\/\/www.paysagesrossignol.com\/en\/wp-json\/wp\/v2\/media?parent=10317"}],"wp:term":[{"taxonomy":"product_brand","embeddable":true,"href":"https:\/\/www.paysagesrossignol.com\/en\/wp-json\/wp\/v2\/product_brand?post=10317"},{"taxonomy":"product_cat","embeddable":true,"href":"https:\/\/www.paysagesrossignol.com\/en\/wp-json\/wp\/v2\/product_cat?post=10317"},{"taxonomy":"product_tag","embeddable":true,"href":"https:\/\/www.paysagesrossignol.com\/en\/wp-json\/wp\/v2\/product_tag?post=10317"}],"curies":[{"name":"wp","href":"https:\/\/api.w.org\/{rel}","templated":true}]}}