{"id":10326,"date":"2026-03-10T21:22:28","date_gmt":"2026-03-11T01:22:28","guid":{"rendered":"https:\/\/www.paysagesrossignol.com\/product\/cerise-de-terre-aunt-mollys\/"},"modified":"2026-05-04T11:16:29","modified_gmt":"2026-05-04T15:16:29","slug":"cerise-de-terre-aunt-mollys","status":"publish","type":"product","link":"https:\/\/www.paysagesrossignol.com\/en\/product\/cerise-de-terre-aunt-mollys\/","title":{"rendered":"Cerise de Terre Aunt Molly&#8217;s"},"content":{"rendered":"<h1>Voir disponibilit\u00e9 en magasin<\/h1>\n<p>Les fruits sont de 1.3-1.8 cm (1\/2 \u00e0 3\/4&#8243;) de diam\u00e8tre et sont emball\u00e9s dans une cosse de papier qui tourne au brun lorsque les fruits m\u00fbrissent. S&#8217;entrepose 3 \u00e0 4 semaines dans sa cosse. Coutume d&#8217;\u00e9talement. Une excellente saveur de citron, il peut \u00eatre employ\u00e9 pour les conserves, les tartes, sur de la cr\u00e8me glac\u00e9e et salade de fruits frais. Physalis Pruninosa.<\/p>\n<p>70 jours \u00e0 la r\u00e9colte<\/p>\n<p>McKenzie<\/p>\n","protected":false},"excerpt":{"rendered":"<p>Voir disponibilit\u00e9 en magasin Les fruits sont de 1.3-1.8 cm (1\/2 \u00e0 3\/4&#8243;) de diam\u00e8tre et sont emball\u00e9s dans une cosse de papier qui tourne au brun lorsque les fruits m\u00fbrissent. S&#8217;entrepose 3 \u00e0 4 semaines dans sa cosse. Coutume d&#8217;\u00e9talement. Une excellente saveur de citron, il peut \u00eatre employ\u00e9 pour les conserves, les tartes, [&hellip;]<\/p>\n","protected":false},"featured_media":10327,"comment_status":"closed","ping_status":"open","template":"","meta":{"_acf_changed":false,"_seopress_robots_primary_cat":"","_seopress_titles_title":"","_seopress_titles_desc":"","_seopress_robots_index":"","_seopress_analysis_target_kw":""},"product_brand":[],"product_cat":[31,39],"product_tag":[],"class_list":{"0":"post-10326","1":"product","2":"type-product","3":"status-publish","4":"has-post-thumbnail","6":"product_cat-amenagement-jardin","7":"product_cat-semence-potagere","9":"first","10":"instock","11":"taxable","12":"shipping-taxable","13":"purchasable","14":"product-type-simple"},"acf":[],"_links":{"self":[{"href":"https:\/\/www.paysagesrossignol.com\/en\/wp-json\/wp\/v2\/product\/10326","targetHints":{"allow":["GET"]}}],"collection":[{"href":"https:\/\/www.paysagesrossignol.com\/en\/wp-json\/wp\/v2\/product"}],"about":[{"href":"https:\/\/www.paysagesrossignol.com\/en\/wp-json\/wp\/v2\/types\/product"}],"replies":[{"embeddable":true,"href":"https:\/\/www.paysagesrossignol.com\/en\/wp-json\/wp\/v2\/comments?post=10326"}],"wp:featuredmedia":[{"embeddable":true,"href":"https:\/\/www.paysagesrossignol.com\/en\/wp-json\/wp\/v2\/media\/10327"}],"wp:attachment":[{"href":"https:\/\/www.paysagesrossignol.com\/en\/wp-json\/wp\/v2\/media?parent=10326"}],"wp:term":[{"taxonomy":"product_brand","embeddable":true,"href":"https:\/\/www.paysagesrossignol.com\/en\/wp-json\/wp\/v2\/product_brand?post=10326"},{"taxonomy":"product_cat","embeddable":true,"href":"https:\/\/www.paysagesrossignol.com\/en\/wp-json\/wp\/v2\/product_cat?post=10326"},{"taxonomy":"product_tag","embeddable":true,"href":"https:\/\/www.paysagesrossignol.com\/en\/wp-json\/wp\/v2\/product_tag?post=10326"}],"curies":[{"name":"wp","href":"https:\/\/api.w.org\/{rel}","templated":true}]}}