{"id":10333,"date":"2026-03-11T00:00:20","date_gmt":"2026-03-11T04:00:20","guid":{"rendered":"https:\/\/www.paysagesrossignol.com\/produit\/erable-autumn-fantasy\/"},"modified":"2026-03-26T08:30:15","modified_gmt":"2026-03-26T12:30:15","slug":"erable-autumn-fantasy","status":"publish","type":"product","link":"https:\/\/www.paysagesrossignol.com\/en\/produit\/erable-autumn-fantasy\/","title":{"rendered":"\u00c9rable Autumn Fantasy"},"content":{"rendered":"<h1>Voir disponibilit\u00e9 en magasin<\/h1>\n<h3>Nom latin : Acer Freemanii Autumn Fantasy<\/h3>\n<p>Arbre \u00e0 croissance rapide reconnu pour sa grande r\u00e9sistance au froid et sa coloration automnale intense. &#8216;Autumn Fantasy&#8217; se distingue par sa meilleure rusticit\u00e9 que plusieurs autres \u00e9rable de Freeman, ce qui en fait un excellent choix pour les conditions climatiques qu\u00e9b\u00e9coises et les am\u00e9nagement urbains.<\/p>\n<p>Caract\u00e9ristiques<\/p>\n<ul>\n<li>Hauteur : 12 \u00e0 15 m<\/li>\n<li>Largeur : 8 \u00e0 10 m<\/li>\n<li>Croissance : Rapide<\/li>\n<li>Exposition : Soleil<\/li>\n<li>Sol : Adaptable, tol\u00e8re argile t sols vari\u00e9s<\/li>\n<li>Zone : 3<\/li>\n<li>Feuillage : Vert fonc\u00e9, feuilles d\u00e9coup\u00e9es<\/li>\n<\/ul>\n","protected":false},"excerpt":{"rendered":"<p>Voir disponibilit\u00e9 en magasin Nom latin : Acer Freemanii Autumn Fantasy Arbre \u00e0 croissance rapide reconnu pour sa grande r\u00e9sistance au froid et sa coloration automnale intense. &#8216;Autumn Fantasy&#8217; se distingue par sa meilleure rusticit\u00e9 que plusieurs autres \u00e9rable de Freeman, ce qui en fait un excellent choix pour les conditions climatiques qu\u00e9b\u00e9coises et les [&hellip;]<\/p>\n","protected":false},"featured_media":29539,"template":"","meta":[],"product_cat":[86],"product_tag":[],"acf":[],"_links":{"self":[{"href":"https:\/\/www.paysagesrossignol.com\/en\/wp-json\/wp\/v2\/product\/10333"}],"collection":[{"href":"https:\/\/www.paysagesrossignol.com\/en\/wp-json\/wp\/v2\/product"}],"about":[{"href":"https:\/\/www.paysagesrossignol.com\/en\/wp-json\/wp\/v2\/types\/product"}],"wp:featuredmedia":[{"embeddable":true,"href":"https:\/\/www.paysagesrossignol.com\/en\/wp-json\/wp\/v2\/media\/29539"}],"wp:attachment":[{"href":"https:\/\/www.paysagesrossignol.com\/en\/wp-json\/wp\/v2\/media?parent=10333"}],"wp:term":[{"taxonomy":"product_cat","embeddable":true,"href":"https:\/\/www.paysagesrossignol.com\/en\/wp-json\/wp\/v2\/product_cat?post=10333"},{"taxonomy":"product_tag","embeddable":true,"href":"https:\/\/www.paysagesrossignol.com\/en\/wp-json\/wp\/v2\/product_tag?post=10333"}],"curies":[{"name":"wp","href":"https:\/\/api.w.org\/{rel}","templated":true}]}}