{"id":10338,"date":"2026-03-26T15:04:37","date_gmt":"2026-03-26T19:04:37","guid":{"rendered":"https:\/\/www.paysagesrossignol.com\/product\/erable-noir-green-column\/"},"modified":"2026-05-04T11:16:38","modified_gmt":"2026-05-04T15:16:38","slug":"erable-noir-green-column","status":"publish","type":"product","link":"https:\/\/www.paysagesrossignol.com\/en\/product\/erable-noir-green-column\/","title":{"rendered":"\u00c9rable Noir Green Column"},"content":{"rendered":"<h1>Voir disponibilit\u00e9 en magasin<\/h1>\n<h3>Nom latin : Acer Nigrum Green Column<\/h3>\n<p>Arbre de taille moyenne \u00e0 port \u00e9troit, &#8216;Green Column&#8217; est une s\u00e9lection d&#8217;\u00e9rable noir appr\u00e9ci\u00e9e pour sa forme colonnaire et sa bonne adaptation aux milieux urbains. Il conserve les qualit\u00e9s de robustesse de l&#8217;esp\u00e8ce, avec un feuillage dense et une coloration automnale jaune \u00e0 dor\u00e9, id\u00e9al pour les espces restreints ou les plantations en alignement.<\/p>\n<p>Caract\u00e9ristiques<\/p>\n<ul>\n<li>Hauteur : 12 \u00e0 15 m<\/li>\n<li>Largeur : 6 \u00e0 8 m<\/li>\n<li>Croissance : Moyenne<\/li>\n<li>Exposition : Soleil \u00e0 mi-ombre<\/li>\n<li>Sol : Riche et frais, tol\u00e8re l&#8217;argile<\/li>\n<li>Zone : 3<\/li>\n<li>Feuillage : Vert fonc\u00e9, large et dense<\/li>\n<li>Couleur automnale : Jaune \u00e0 dor\u00e9<\/li>\n<\/ul>\n<p>&nbsp;<\/p>\n","protected":false},"excerpt":{"rendered":"<p>Voir disponibilit\u00e9 en magasin Nom latin : Acer Nigrum Green Column Arbre de taille moyenne \u00e0 port \u00e9troit, &#8216;Green Column&#8217; est une s\u00e9lection d&#8217;\u00e9rable noir appr\u00e9ci\u00e9e pour sa forme colonnaire et sa bonne adaptation aux milieux urbains. Il conserve les qualit\u00e9s de robustesse de l&#8217;esp\u00e8ce, avec un feuillage dense et une coloration automnale jaune \u00e0 [&hellip;]<\/p>\n","protected":false},"featured_media":2634,"comment_status":"closed","ping_status":"open","template":"","meta":{"_acf_changed":false,"_seopress_robots_primary_cat":"","_seopress_titles_title":"","_seopress_titles_desc":"","_seopress_robots_index":"","_seopress_analysis_target_kw":""},"product_brand":[],"product_cat":[44,43],"product_tag":[],"class_list":{"0":"post-10338","1":"product","2":"type-product","3":"status-publish","4":"has-post-thumbnail","6":"product_cat-arbres","7":"product_cat-vegetaux","8":"pa_format-150-cm","9":"pa_format-175-cm","10":"pa_format-200-cm","11":"pa_format-225-cm","12":"pa_format-25-mm","13":"pa_format-250-cm","14":"pa_format-30-mm","15":"pa_format-35-mm","16":"pa_format-40-mm","17":"pa_format-45-mm","18":"pa_format-50-mm","20":"first","21":"instock","22":"taxable","23":"shipping-taxable","24":"purchasable","25":"product-type-variable"},"acf":[],"_links":{"self":[{"href":"https:\/\/www.paysagesrossignol.com\/en\/wp-json\/wp\/v2\/product\/10338","targetHints":{"allow":["GET"]}}],"collection":[{"href":"https:\/\/www.paysagesrossignol.com\/en\/wp-json\/wp\/v2\/product"}],"about":[{"href":"https:\/\/www.paysagesrossignol.com\/en\/wp-json\/wp\/v2\/types\/product"}],"replies":[{"embeddable":true,"href":"https:\/\/www.paysagesrossignol.com\/en\/wp-json\/wp\/v2\/comments?post=10338"}],"wp:featuredmedia":[{"embeddable":true,"href":"https:\/\/www.paysagesrossignol.com\/en\/wp-json\/wp\/v2\/media\/2634"}],"wp:attachment":[{"href":"https:\/\/www.paysagesrossignol.com\/en\/wp-json\/wp\/v2\/media?parent=10338"}],"wp:term":[{"taxonomy":"product_brand","embeddable":true,"href":"https:\/\/www.paysagesrossignol.com\/en\/wp-json\/wp\/v2\/product_brand?post=10338"},{"taxonomy":"product_cat","embeddable":true,"href":"https:\/\/www.paysagesrossignol.com\/en\/wp-json\/wp\/v2\/product_cat?post=10338"},{"taxonomy":"product_tag","embeddable":true,"href":"https:\/\/www.paysagesrossignol.com\/en\/wp-json\/wp\/v2\/product_tag?post=10338"}],"curies":[{"name":"wp","href":"https:\/\/api.w.org\/{rel}","templated":true}]}}