{"id":10357,"date":"2026-03-26T16:02:02","date_gmt":"2026-03-26T20:02:02","guid":{"rendered":"https:\/\/www.paysagesrossignol.com\/product\/erable-rouge-armstrong-gold\/"},"modified":"2026-05-04T11:16:50","modified_gmt":"2026-05-04T15:16:50","slug":"erable-rouge-armstrong-gold","status":"publish","type":"product","link":"https:\/\/www.paysagesrossignol.com\/en\/product\/erable-rouge-armstrong-gold\/","title":{"rendered":"\u00c9rable Rouge Armstrong Gold"},"content":{"rendered":"<h1><strong>Voir disponibilit\u00e9 en magasin<\/strong><\/h1>\n<h3><strong>Nom latin : Acer rubrum Armstrong Gold<\/strong><\/h3>\n<p>Arbre \u00e0 port tr\u00e8s \u00e9troit et colonnaire, &#8216;Armstrong Gold&#8217; est une am\u00e9lioration du &#8216;Armstrong&#8217;, offrant une structure plus uniforme et une meilleure coloration automnale. Id\u00e9al pour les espaces restreints et les alignements urbains, il combine compacit\u00e9 et perfomance.<\/p>\n<p data-section-id=\"fo4qqk\" data-start=\"519\" data-end=\"542\">Caract\u00e9ristiques<\/p>\n<ul data-start=\"544\" data-end=\"818\">\n<li data-section-id=\"1ori8cy\" data-start=\"544\" data-end=\"571\">Hauteur : 12 \u00e0 15 m<\/li>\n<li data-section-id=\"76akn3\" data-start=\"572\" data-end=\"598\">Largeur : 3 \u00e0 5 m<\/li>\n<li data-section-id=\"11my5pj\" data-start=\"599\" data-end=\"626\">Croissance : Rapide<\/li>\n<li data-section-id=\"1rtnc6\" data-start=\"628\" data-end=\"655\">Exposition : Soleil \u00e0 mi-ombre<\/li>\n<li data-section-id=\"1resllq\" data-start=\"656\" data-end=\"711\">Sol : Pr\u00e9f\u00e8re sols frais, tol\u00e8re conditions vari\u00e9es<\/li>\n<li data-section-id=\"13nbvfc\" data-start=\"712\" data-end=\"730\">Zone : 3<\/li>\n<li data-section-id=\"c9e9g0\" data-start=\"732\" data-end=\"779\">Feuillage : Vert, dense<\/li>\n<li data-section-id=\"1g8c9dw\" data-start=\"780\" data-end=\"818\">Couleur automnale : Rouge orang\u00e9\u00a0 \u00e0 rouge<\/li>\n<\/ul>\n<p>&nbsp;<\/p>\n","protected":false},"excerpt":{"rendered":"<p>Voir disponibilit\u00e9 en magasin Nom latin : Acer rubrum Armstrong Gold Arbre \u00e0 port tr\u00e8s \u00e9troit et colonnaire, &#8216;Armstrong Gold&#8217; est une am\u00e9lioration du &#8216;Armstrong&#8217;, offrant une structure plus uniforme et une meilleure coloration automnale. Id\u00e9al pour les espaces restreints et les alignements urbains, il combine compacit\u00e9 et perfomance. Caract\u00e9ristiques Hauteur : 12 \u00e0 15 [&hellip;]<\/p>\n","protected":false},"featured_media":10358,"comment_status":"closed","ping_status":"open","template":"","meta":{"_acf_changed":false,"_seopress_robots_primary_cat":"","_seopress_titles_title":"","_seopress_titles_desc":"","_seopress_robots_index":"","_seopress_analysis_target_kw":""},"product_brand":[],"product_cat":[44,43],"product_tag":[],"class_list":{"0":"post-10357","1":"product","2":"type-product","3":"status-publish","4":"has-post-thumbnail","6":"product_cat-arbres","7":"product_cat-vegetaux","8":"pa_format-150-cm","9":"pa_format-175-cm","10":"pa_format-200-cm","11":"pa_format-225-cm","12":"pa_format-25-mm","13":"pa_format-250-cm","14":"pa_format-30-mm","15":"pa_format-35-mm","16":"pa_format-40-mm","17":"pa_format-45-mm","18":"pa_format-50-mm","19":"pa_format-55-mm","20":"pa_format-60-mm","21":"pa_format-65-mm","22":"pa_format-70-mm","23":"pa_format-75-mm","24":"pa_format-80-mm","26":"first","27":"instock","28":"taxable","29":"shipping-taxable","30":"purchasable","31":"product-type-variable"},"acf":[],"_links":{"self":[{"href":"https:\/\/www.paysagesrossignol.com\/en\/wp-json\/wp\/v2\/product\/10357","targetHints":{"allow":["GET"]}}],"collection":[{"href":"https:\/\/www.paysagesrossignol.com\/en\/wp-json\/wp\/v2\/product"}],"about":[{"href":"https:\/\/www.paysagesrossignol.com\/en\/wp-json\/wp\/v2\/types\/product"}],"replies":[{"embeddable":true,"href":"https:\/\/www.paysagesrossignol.com\/en\/wp-json\/wp\/v2\/comments?post=10357"}],"wp:featuredmedia":[{"embeddable":true,"href":"https:\/\/www.paysagesrossignol.com\/en\/wp-json\/wp\/v2\/media\/10358"}],"wp:attachment":[{"href":"https:\/\/www.paysagesrossignol.com\/en\/wp-json\/wp\/v2\/media?parent=10357"}],"wp:term":[{"taxonomy":"product_brand","embeddable":true,"href":"https:\/\/www.paysagesrossignol.com\/en\/wp-json\/wp\/v2\/product_brand?post=10357"},{"taxonomy":"product_cat","embeddable":true,"href":"https:\/\/www.paysagesrossignol.com\/en\/wp-json\/wp\/v2\/product_cat?post=10357"},{"taxonomy":"product_tag","embeddable":true,"href":"https:\/\/www.paysagesrossignol.com\/en\/wp-json\/wp\/v2\/product_tag?post=10357"}],"curies":[{"name":"wp","href":"https:\/\/api.w.org\/{rel}","templated":true}]}}