{"id":10370,"date":"2026-03-26T17:50:16","date_gmt":"2026-03-26T21:50:16","guid":{"rendered":"https:\/\/www.paysagesrossignol.com\/product\/erable-comfort\/"},"modified":"2026-05-04T11:16:58","modified_gmt":"2026-05-04T15:16:58","slug":"erable-comfort","status":"publish","type":"product","link":"https:\/\/www.paysagesrossignol.com\/en\/product\/erable-comfort\/","title":{"rendered":"\u00c9rable \u00e0 Sucre Comfort"},"content":{"rendered":"<h1><strong>Voir disponibilit\u00e9 en magasin<\/strong><\/h1>\n<h3><strong>Nom latin : Acer Saccharum Comfort<\/strong><\/h3>\n<p>S\u00e9lection d&#8217;\u00e9rable \u00e0 sucre reconnue pour sa bonne vigueur et son adaptation aux conditions urbaines comparativement \u00e0 l&#8217;esp\u00e8ce. &#8216;Comfort&#8217; conserve les qualit\u00e9s du sucre avec une structure fiable et une coloration automnale chaleureuse, ce qui en fait un bon choix pour les am\u00e9nagements.<\/p>\n<p data-section-id=\"fo4qqk\" data-start=\"544\" data-end=\"567\">Caract\u00e9ristiques<\/p>\n<ul data-start=\"569\" data-end=\"836\">\n<li data-section-id=\"1289gxk\" data-start=\"569\" data-end=\"596\">Hauteur : 15 \u00e0 18 m<\/li>\n<li data-section-id=\"76akn3\" data-start=\"597\" data-end=\"623\">Largeur : 10 \u00e0 12 m<\/li>\n<li data-section-id=\"11my5pj\" data-start=\"624\" data-end=\"651\">Croissance : Moyenne<\/li>\n<li data-section-id=\"1rtnc6\" data-start=\"653\" data-end=\"680\">Exposition : Soleil \u00e0 mi-ombre<\/li>\n<li data-section-id=\"155uohl\" data-start=\"681\" data-end=\"724\">Sol : Riche, frais et bien drain\u00e9<\/li>\n<li data-section-id=\"13nbvfc\" data-start=\"725\" data-end=\"743\">Zone : 4<\/li>\n<li data-section-id=\"1kmn6ph\" data-start=\"745\" data-end=\"795\">Feuillage : Vert fonc\u00e9, dense<\/li>\n<li data-section-id=\"1nv5quv\" data-start=\"796\" data-end=\"836\">Couleur automnale : Jaune \u00e0 orang\u00e9<\/li>\n<\/ul>\n","protected":false},"excerpt":{"rendered":"<p>Voir disponibilit\u00e9 en magasin Nom latin : Acer Saccharum Comfort S\u00e9lection d&#8217;\u00e9rable \u00e0 sucre reconnue pour sa bonne vigueur et son adaptation aux conditions urbaines comparativement \u00e0 l&#8217;esp\u00e8ce. &#8216;Comfort&#8217; conserve les qualit\u00e9s du sucre avec une structure fiable et une coloration automnale chaleureuse, ce qui en fait un bon choix pour les am\u00e9nagements. Caract\u00e9ristiques Hauteur [&hellip;]<\/p>\n","protected":false},"featured_media":10371,"comment_status":"closed","ping_status":"open","template":"","meta":{"_acf_changed":false,"_seopress_robots_primary_cat":"","_seopress_titles_title":"","_seopress_titles_desc":"","_seopress_robots_index":"","_seopress_analysis_target_kw":""},"product_brand":[],"product_cat":[44,43],"product_tag":[],"class_list":{"0":"post-10370","1":"product","2":"type-product","3":"status-publish","4":"has-post-thumbnail","6":"product_cat-arbres","7":"product_cat-vegetaux","8":"pa_format-150-cm","9":"pa_format-175-cm","10":"pa_format-200-cm","11":"pa_format-225-cm","12":"pa_format-25-mm","13":"pa_format-250-cm","14":"pa_format-30-mm","15":"pa_format-35-mm","16":"pa_format-40-mm","17":"pa_format-45-mm","18":"pa_format-50-mm","19":"pa_format-55-mm","20":"pa_format-60-mm","21":"pa_format-65-mm","22":"pa_format-70-mm","23":"pa_format-75-mm","24":"pa_format-80-mm","26":"first","27":"instock","28":"taxable","29":"shipping-taxable","30":"purchasable","31":"product-type-variable"},"acf":[],"_links":{"self":[{"href":"https:\/\/www.paysagesrossignol.com\/en\/wp-json\/wp\/v2\/product\/10370","targetHints":{"allow":["GET"]}}],"collection":[{"href":"https:\/\/www.paysagesrossignol.com\/en\/wp-json\/wp\/v2\/product"}],"about":[{"href":"https:\/\/www.paysagesrossignol.com\/en\/wp-json\/wp\/v2\/types\/product"}],"replies":[{"embeddable":true,"href":"https:\/\/www.paysagesrossignol.com\/en\/wp-json\/wp\/v2\/comments?post=10370"}],"wp:featuredmedia":[{"embeddable":true,"href":"https:\/\/www.paysagesrossignol.com\/en\/wp-json\/wp\/v2\/media\/10371"}],"wp:attachment":[{"href":"https:\/\/www.paysagesrossignol.com\/en\/wp-json\/wp\/v2\/media?parent=10370"}],"wp:term":[{"taxonomy":"product_brand","embeddable":true,"href":"https:\/\/www.paysagesrossignol.com\/en\/wp-json\/wp\/v2\/product_brand?post=10370"},{"taxonomy":"product_cat","embeddable":true,"href":"https:\/\/www.paysagesrossignol.com\/en\/wp-json\/wp\/v2\/product_cat?post=10370"},{"taxonomy":"product_tag","embeddable":true,"href":"https:\/\/www.paysagesrossignol.com\/en\/wp-json\/wp\/v2\/product_tag?post=10370"}],"curies":[{"name":"wp","href":"https:\/\/api.w.org\/{rel}","templated":true}]}}