{"id":10381,"date":"2026-03-11T00:00:34","date_gmt":"2026-03-11T04:00:34","guid":{"rendered":"https:\/\/www.paysagesrossignol.com\/produit\/erable-globosum\/"},"modified":"2026-03-30T12:32:48","modified_gmt":"2026-03-30T16:32:48","slug":"erable-globosum","status":"publish","type":"product","link":"https:\/\/www.paysagesrossignol.com\/en\/produit\/erable-globosum\/","title":{"rendered":"\u00c9rable de Norv\u00e8ge Globosum"},"content":{"rendered":"<h1>Voir disponibilit\u00e9 en magasin<\/h1>\n<h3><strong>Nom latin : Acer Platanoides Globosum<\/strong><\/h3>\n<p>Petit arbre \u00e0 couronne naturellement sph\u00e9rique, &#8216;Globosum&#8217; est tr\u00e8s appr\u00e9ci\u00e9 pour les am\u00e9nagements formels et les espaces restreints. Souvent greff\u00e9 sur tige, il forme une boule dense et compacte sans n\u00e9cessiter de taille importante, tout en conservant une bonne tol\u00e9rance aux conditions urbaines.<\/p>\n<p data-section-id=\"fo4qqk\" data-start=\"455\" data-end=\"478\">Caract\u00e9ristiques<\/p>\n<ul data-start=\"480\" data-end=\"760\">\n<li data-section-id=\"16l0e47\" data-start=\"480\" data-end=\"505\">Hauteur : 5 \u00e0 7 m (selon hauteur de greffe)<\/li>\n<li data-section-id=\"upkx8n\" data-start=\"506\" data-end=\"531\">Largeur : 5 \u00e0 7 m<\/li>\n<li data-section-id=\"1jb47hd\" data-start=\"532\" data-end=\"568\">Croissance : Lente \u00e0 moyenne<\/li>\n<li data-section-id=\"17dp8qg\" data-start=\"570\" data-end=\"608\">Exposition : Soleil \u00e0 mi-ombre<\/li>\n<li data-section-id=\"j4kk87\" data-start=\"609\" data-end=\"668\">Sol : Tr\u00e8s adaptable, tol\u00e8re argile, compaction et pollution<\/li>\n<li data-section-id=\"13fqotb\" data-start=\"669\" data-end=\"685\">Zone : 4<\/li>\n<li data-section-id=\"65ahih\" data-start=\"687\" data-end=\"726\">Feuillage : Vert fonc\u00e9, tr\u00e8s dense<\/li>\n<li data-section-id=\"qhopv8\" data-start=\"727\" data-end=\"760\">Couleur automnale : Jaune<\/li>\n<\/ul>\n","protected":false},"excerpt":{"rendered":"<p>Voir disponibilit\u00e9 en magasin Nom latin : Acer Platanoides Globosum Petit arbre \u00e0 couronne naturellement sph\u00e9rique, &#8216;Globosum&#8217; est tr\u00e8s appr\u00e9ci\u00e9 pour les am\u00e9nagements formels et les espaces restreints. Souvent greff\u00e9 sur tige, il forme une boule dense et compacte sans n\u00e9cessiter de taille importante, tout en conservant une bonne tol\u00e9rance aux conditions urbaines. Caract\u00e9ristiques Hauteur [&hellip;]<\/p>\n","protected":false},"featured_media":29559,"template":"","meta":[],"product_cat":[86],"product_tag":[],"acf":[],"_links":{"self":[{"href":"https:\/\/www.paysagesrossignol.com\/en\/wp-json\/wp\/v2\/product\/10381"}],"collection":[{"href":"https:\/\/www.paysagesrossignol.com\/en\/wp-json\/wp\/v2\/product"}],"about":[{"href":"https:\/\/www.paysagesrossignol.com\/en\/wp-json\/wp\/v2\/types\/product"}],"wp:featuredmedia":[{"embeddable":true,"href":"https:\/\/www.paysagesrossignol.com\/en\/wp-json\/wp\/v2\/media\/29559"}],"wp:attachment":[{"href":"https:\/\/www.paysagesrossignol.com\/en\/wp-json\/wp\/v2\/media?parent=10381"}],"wp:term":[{"taxonomy":"product_cat","embeddable":true,"href":"https:\/\/www.paysagesrossignol.com\/en\/wp-json\/wp\/v2\/product_cat?post=10381"},{"taxonomy":"product_tag","embeddable":true,"href":"https:\/\/www.paysagesrossignol.com\/en\/wp-json\/wp\/v2\/product_tag?post=10381"}],"curies":[{"name":"wp","href":"https:\/\/api.w.org\/{rel}","templated":true}]}}