{"id":10387,"date":"2026-03-11T00:00:34","date_gmt":"2026-03-11T04:00:34","guid":{"rendered":"https:\/\/www.paysagesrossignol.com\/produit\/erable-royal-red\/"},"modified":"2026-03-30T13:27:41","modified_gmt":"2026-03-30T17:27:41","slug":"erable-royal-red","status":"publish","type":"product","link":"https:\/\/www.paysagesrossignol.com\/en\/produit\/erable-royal-red\/","title":{"rendered":"\u00c9rable de Norv\u00e8ge Royal Red"},"content":{"rendered":"<h1>Voir disponibilit\u00e9 en magasin<\/h1>\n<h3><strong>Nom latin : Acer Platanoides Royal Red<\/strong><\/h3>\n<p>Arbre onremental au feuillage pourpre fonc\u00e9 intense, &#8216;Royal Red&#8217; est appr\u00e9ci\u00e9 pour sa couleur soutenue tout au long de la saison. Il forme une couronne large et dense et offre une bonne tol\u00e9rance aux conditions urbaines, ce qui en fait un choix fr\u00e9quent pour les parcs et les grands am\u00e9nagements.<\/p>\n<p data-section-id=\"fo4qqk\" data-start=\"474\" data-end=\"497\">Caract\u00e9ristiques<\/p>\n<ul data-start=\"499\" data-end=\"795\">\n<li data-section-id=\"1ori8cy\" data-start=\"499\" data-end=\"526\">Hauteur : 12 \u00e0 15 m<\/li>\n<li data-section-id=\"1uc7xt3\" data-start=\"527\" data-end=\"554\">Largeur : 10 \u00e0 12 m<\/li>\n<li data-section-id=\"1fqa3rr\" data-start=\"555\" data-end=\"583\">Croissance : Moyenne<\/li>\n<li data-section-id=\"17dp8qg\" data-start=\"585\" data-end=\"623\">Exposition : Soleil \u00e0 mi-ombre<\/li>\n<li data-section-id=\"7ob7ne\" data-start=\"624\" data-end=\"678\">Sol : Tr\u00e8s adaptable, tol\u00e8re argile, compaction et pollution<\/li>\n<li data-section-id=\"13fqotb\" data-start=\"679\" data-end=\"695\">Zone : 4<\/li>\n<li data-section-id=\"e2vsk1\" data-start=\"697\" data-end=\"740\">Feuillage : Pourpre fonc\u00e9, dense<\/li>\n<li data-section-id=\"188yc5a\" data-start=\"741\" data-end=\"795\">Couleur automnale : Pourpre \u00e0 rouge fonc\u00e9<\/li>\n<\/ul>\n","protected":false},"excerpt":{"rendered":"<p>Voir disponibilit\u00e9 en magasin Nom latin : Acer Platanoides Royal Red Arbre onremental au feuillage pourpre fonc\u00e9 intense, &#8216;Royal Red&#8217; est appr\u00e9ci\u00e9 pour sa couleur soutenue tout au long de la saison. Il forme une couronne large et dense et offre une bonne tol\u00e9rance aux conditions urbaines, ce qui en fait un choix fr\u00e9quent pour [&hellip;]<\/p>\n","protected":false},"featured_media":29567,"template":"","meta":[],"product_cat":[86],"product_tag":[],"acf":[],"_links":{"self":[{"href":"https:\/\/www.paysagesrossignol.com\/en\/wp-json\/wp\/v2\/product\/10387"}],"collection":[{"href":"https:\/\/www.paysagesrossignol.com\/en\/wp-json\/wp\/v2\/product"}],"about":[{"href":"https:\/\/www.paysagesrossignol.com\/en\/wp-json\/wp\/v2\/types\/product"}],"wp:featuredmedia":[{"embeddable":true,"href":"https:\/\/www.paysagesrossignol.com\/en\/wp-json\/wp\/v2\/media\/29567"}],"wp:attachment":[{"href":"https:\/\/www.paysagesrossignol.com\/en\/wp-json\/wp\/v2\/media?parent=10387"}],"wp:term":[{"taxonomy":"product_cat","embeddable":true,"href":"https:\/\/www.paysagesrossignol.com\/en\/wp-json\/wp\/v2\/product_cat?post=10387"},{"taxonomy":"product_tag","embeddable":true,"href":"https:\/\/www.paysagesrossignol.com\/en\/wp-json\/wp\/v2\/product_tag?post=10387"}],"curies":[{"name":"wp","href":"https:\/\/api.w.org\/{rel}","templated":true}]}}