{"id":10391,"date":"2026-03-11T00:00:34","date_gmt":"2026-03-11T04:00:34","guid":{"rendered":"https:\/\/www.paysagesrossignol.com\/produit\/erable-rouge-armstrong\/"},"modified":"2026-03-30T16:43:28","modified_gmt":"2026-03-30T20:43:28","slug":"erable-rouge-armstrong","status":"publish","type":"product","link":"https:\/\/www.paysagesrossignol.com\/en\/produit\/erable-rouge-armstrong\/","title":{"rendered":"\u00c9rable Rouge Armstrong"},"content":{"rendered":"<h1>Voir disponibilit\u00e9 en magasin<\/h1>\n<h3><strong>Nom latin : Acer Rubrum Armstrong<\/strong><\/h3>\n<p>Arbre \u00e0 port \u00e9troit et colonnaire, &#8216;Armstrong&#8217; est tr\u00e8s utilis\u00e9 pour les plantations en alignements et les espaces restreints. Il offre une bonne tol\u00e9rance aux conditions urbaines tout en conservant la superbe coloration automnale rouge typique de l&#8217;\u00e9rable rouge.<\/p>\n<p data-section-id=\"fo4qqk\" data-start=\"483\" data-end=\"506\">Caract\u00e9ristiques<\/p>\n<ul data-start=\"508\" data-end=\"781\">\n<li data-section-id=\"1ori8cy\" data-start=\"508\" data-end=\"535\">Hauteur : 12 \u00e0 15 m<\/li>\n<li data-section-id=\"76akn3\" data-start=\"536\" data-end=\"562\">Largeur : 4 \u00e0 6 m<\/li>\n<li data-section-id=\"11my5pj\" data-start=\"563\" data-end=\"590\">Croissance : Rapide<\/li>\n<li data-section-id=\"1rtnc6\" data-start=\"592\" data-end=\"619\">Exposition : Soleil \u00e0 mi-ombre<\/li>\n<li data-section-id=\"1resllq\" data-start=\"620\" data-end=\"675\">Sol : Pr\u00e9f\u00e8re sols frais, tol\u00e8re conditions vari\u00e9es<\/li>\n<li data-section-id=\"13nbvfc\" data-start=\"676\" data-end=\"694\">Zone : 3<\/li>\n<li data-section-id=\"c9e9g0\" data-start=\"696\" data-end=\"743\">Feuillage : Vert, feuilles typiques de l&#8217;\u00e9rable rouge<\/li>\n<li data-section-id=\"qxzh2q\" data-start=\"744\" data-end=\"781\">Couleur automnale : Rouge vif<\/li>\n<\/ul>\n","protected":false},"excerpt":{"rendered":"<p>Voir disponibilit\u00e9 en magasin Nom latin : Acer Rubrum Armstrong Arbre \u00e0 port \u00e9troit et colonnaire, &#8216;Armstrong&#8217; est tr\u00e8s utilis\u00e9 pour les plantations en alignements et les espaces restreints. Il offre une bonne tol\u00e9rance aux conditions urbaines tout en conservant la superbe coloration automnale rouge typique de l&#8217;\u00e9rable rouge. Caract\u00e9ristiques Hauteur : 12 \u00e0 15 [&hellip;]<\/p>\n","protected":false},"featured_media":29576,"template":"","meta":[],"product_cat":[86],"product_tag":[],"acf":[],"_links":{"self":[{"href":"https:\/\/www.paysagesrossignol.com\/en\/wp-json\/wp\/v2\/product\/10391"}],"collection":[{"href":"https:\/\/www.paysagesrossignol.com\/en\/wp-json\/wp\/v2\/product"}],"about":[{"href":"https:\/\/www.paysagesrossignol.com\/en\/wp-json\/wp\/v2\/types\/product"}],"wp:featuredmedia":[{"embeddable":true,"href":"https:\/\/www.paysagesrossignol.com\/en\/wp-json\/wp\/v2\/media\/29576"}],"wp:attachment":[{"href":"https:\/\/www.paysagesrossignol.com\/en\/wp-json\/wp\/v2\/media?parent=10391"}],"wp:term":[{"taxonomy":"product_cat","embeddable":true,"href":"https:\/\/www.paysagesrossignol.com\/en\/wp-json\/wp\/v2\/product_cat?post=10391"},{"taxonomy":"product_tag","embeddable":true,"href":"https:\/\/www.paysagesrossignol.com\/en\/wp-json\/wp\/v2\/product_tag?post=10391"}],"curies":[{"name":"wp","href":"https:\/\/api.w.org\/{rel}","templated":true}]}}