{"id":10396,"date":"2026-03-11T00:00:39","date_gmt":"2026-03-11T04:00:39","guid":{"rendered":"https:\/\/www.paysagesrossignol.com\/produit\/erable-rouge-bowhall\/"},"modified":"2026-03-31T08:29:50","modified_gmt":"2026-03-31T12:29:50","slug":"erable-rouge-bowhall","status":"publish","type":"product","link":"https:\/\/www.paysagesrossignol.com\/en\/produit\/erable-rouge-bowhall\/","title":{"rendered":"\u00c9rable Rouge Bowhall"},"content":{"rendered":"<h1><strong>Voir disponibilit\u00e9 en magasin<\/strong><\/h1>\n<h3><strong>Nom latin : Acer Rubrum Bowhall<\/strong><\/h3>\n<p>Arbre \u00e0 port \u00e9troit et ovale, &#8216;Bowhall&#8217; est appr\u00e9ci\u00e9 pour sa forme compacte et sa belle coloration automnale rouge. Il convient bien aux espaces restreints et aux plantations en alignement, tout en \u00e9tant l\u00e9g\u00e8rement plus large que les cultivars tr\u00e8s colonnaires comme &#8216;Armstrong&#8217;.<\/p>\n<p data-section-id=\"fo4qqk\" data-start=\"450\" data-end=\"473\">Caract\u00e9ristiques<\/p>\n<ul data-start=\"475\" data-end=\"748\">\n<li data-section-id=\"1ori8cy\" data-start=\"475\" data-end=\"502\">Hauteur : 12 \u00e0 15 m<\/li>\n<li data-section-id=\"76akn3\" data-start=\"503\" data-end=\"529\">Largeur : 5 \u00e0 7 m<\/li>\n<li data-section-id=\"11my5pj\" data-start=\"530\" data-end=\"557\">Croissance : Moyenne \u00e0 rapide<\/li>\n<li data-section-id=\"1rtnc6\" data-start=\"559\" data-end=\"586\">Exposition : Soleil \u00e0 mi-ombre<\/li>\n<li data-section-id=\"1resllq\" data-start=\"587\" data-end=\"642\">Sol : Pr\u00e9f\u00e8re sols frais et bien drain\u00e9s<\/li>\n<li data-section-id=\"13nbvfc\" data-start=\"643\" data-end=\"661\">Zone : 3<\/li>\n<li data-section-id=\"c9e9g0\" data-start=\"663\" data-end=\"710\">Feuillage : Vert, dense<\/li>\n<li data-section-id=\"qxzh2q\" data-start=\"711\" data-end=\"748\">Couleur automnale : Rouge vif<\/li>\n<\/ul>\n<p>&nbsp;<\/p>\n","protected":false},"excerpt":{"rendered":"<p>Voir disponibilit\u00e9 en magasin Nom latin : Acer Rubrum Bowhall Arbre \u00e0 port \u00e9troit et ovale, &#8216;Bowhall&#8217; est appr\u00e9ci\u00e9 pour sa forme compacte et sa belle coloration automnale rouge. Il convient bien aux espaces restreints et aux plantations en alignement, tout en \u00e9tant l\u00e9g\u00e8rement plus large que les cultivars tr\u00e8s colonnaires comme &#8216;Armstrong&#8217;. Caract\u00e9ristiques Hauteur [&hellip;]<\/p>\n","protected":false},"featured_media":29539,"template":"","meta":[],"product_cat":[86],"product_tag":[],"acf":[],"_links":{"self":[{"href":"https:\/\/www.paysagesrossignol.com\/en\/wp-json\/wp\/v2\/product\/10396"}],"collection":[{"href":"https:\/\/www.paysagesrossignol.com\/en\/wp-json\/wp\/v2\/product"}],"about":[{"href":"https:\/\/www.paysagesrossignol.com\/en\/wp-json\/wp\/v2\/types\/product"}],"wp:featuredmedia":[{"embeddable":true,"href":"https:\/\/www.paysagesrossignol.com\/en\/wp-json\/wp\/v2\/media\/29539"}],"wp:attachment":[{"href":"https:\/\/www.paysagesrossignol.com\/en\/wp-json\/wp\/v2\/media?parent=10396"}],"wp:term":[{"taxonomy":"product_cat","embeddable":true,"href":"https:\/\/www.paysagesrossignol.com\/en\/wp-json\/wp\/v2\/product_cat?post=10396"},{"taxonomy":"product_tag","embeddable":true,"href":"https:\/\/www.paysagesrossignol.com\/en\/wp-json\/wp\/v2\/product_tag?post=10396"}],"curies":[{"name":"wp","href":"https:\/\/api.w.org\/{rel}","templated":true}]}}