{"id":10405,"date":"2026-03-11T00:00:39","date_gmt":"2026-03-11T04:00:39","guid":{"rendered":"https:\/\/www.paysagesrossignol.com\/produit\/erable-rouge-frank-jr\/"},"modified":"2026-03-31T08:51:24","modified_gmt":"2026-03-31T12:51:24","slug":"erable-rouge-frank-jr","status":"publish","type":"product","link":"https:\/\/www.paysagesrossignol.com\/en\/produit\/erable-rouge-frank-jr\/","title":{"rendered":"\u00c9rable Rouge Frank Jr"},"content":{"rendered":"<h1>Voir disponibilit\u00e9 en magasin<\/h1>\n<h3>Nom latin : Acer rubrum Frank Jr<\/h3>\n<p data-start=\"147\" data-end=\"439\">Arbre \u00e0 port pyramidal r\u00e9gulier, &#8216;Frank Jr.&#8217; est appr\u00e9ci\u00e9 pour sa structure solide et sa bonne adaptation aux conditions urbaines. Il se distingue par une croissance rapide et une coloration automnale rouge \u00e9clatante, tout en offrant une meilleure uniformit\u00e9 que plusieur cultivars plus anciens.<\/p>\n<p data-section-id=\"fo4qqk\" data-start=\"446\" data-end=\"469\">Caract\u00e9ristiques<\/p>\n<ul data-start=\"471\" data-end=\"743\">\n<li data-section-id=\"5qem1j\" data-start=\"471\" data-end=\"498\">Hauteur : 12 \u00e0 15 m<\/li>\n<li data-section-id=\"10aj9e3\" data-start=\"499\" data-end=\"524\">Largeur : 8 \u00e0 10 m<\/li>\n<li data-section-id=\"11my5pj\" data-start=\"525\" data-end=\"552\">Croissance : Rapide<\/li>\n<li data-section-id=\"1rtnc6\" data-start=\"554\" data-end=\"581\">Exposition : Soleil \u00e0 mi-ombre<\/li>\n<li data-section-id=\"1resllq\" data-start=\"582\" data-end=\"637\">Sol : Pr\u00e9f\u00e8re sols frais, tol\u00e8re conditions vari\u00e9es<\/li>\n<li data-section-id=\"13nbvfc\" data-start=\"638\" data-end=\"656\">Zone : 4<\/li>\n<li data-section-id=\"c9e9g0\" data-start=\"658\" data-end=\"705\">Feuillage : Vert, dense<\/li>\n<li data-section-id=\"qxzh2q\" data-start=\"706\" data-end=\"743\">Couleur automnale : Rouge vif<\/li>\n<\/ul>\n","protected":false},"excerpt":{"rendered":"<p>Voir disponibilit\u00e9 en magasin Nom latin : Acer rubrum Frank Jr Arbre \u00e0 port pyramidal r\u00e9gulier, &#8216;Frank Jr.&#8217; est appr\u00e9ci\u00e9 pour sa structure solide et sa bonne adaptation aux conditions urbaines. Il se distingue par une croissance rapide et une coloration automnale rouge \u00e9clatante, tout en offrant une meilleure uniformit\u00e9 que plusieur cultivars plus anciens. [&hellip;]<\/p>\n","protected":false},"featured_media":29585,"template":"","meta":[],"product_cat":[86],"product_tag":[],"acf":[],"_links":{"self":[{"href":"https:\/\/www.paysagesrossignol.com\/en\/wp-json\/wp\/v2\/product\/10405"}],"collection":[{"href":"https:\/\/www.paysagesrossignol.com\/en\/wp-json\/wp\/v2\/product"}],"about":[{"href":"https:\/\/www.paysagesrossignol.com\/en\/wp-json\/wp\/v2\/types\/product"}],"wp:featuredmedia":[{"embeddable":true,"href":"https:\/\/www.paysagesrossignol.com\/en\/wp-json\/wp\/v2\/media\/29585"}],"wp:attachment":[{"href":"https:\/\/www.paysagesrossignol.com\/en\/wp-json\/wp\/v2\/media?parent=10405"}],"wp:term":[{"taxonomy":"product_cat","embeddable":true,"href":"https:\/\/www.paysagesrossignol.com\/en\/wp-json\/wp\/v2\/product_cat?post=10405"},{"taxonomy":"product_tag","embeddable":true,"href":"https:\/\/www.paysagesrossignol.com\/en\/wp-json\/wp\/v2\/product_tag?post=10405"}],"curies":[{"name":"wp","href":"https:\/\/api.w.org\/{rel}","templated":true}]}}