{"id":10408,"date":"2026-03-11T00:00:39","date_gmt":"2026-03-11T04:00:39","guid":{"rendered":"https:\/\/www.paysagesrossignol.com\/produit\/erable-rouge-morgan\/"},"modified":"2026-03-31T08:50:25","modified_gmt":"2026-03-31T12:50:25","slug":"erable-rouge-morgan","status":"publish","type":"product","link":"https:\/\/www.paysagesrossignol.com\/en\/produit\/erable-rouge-morgan\/","title":{"rendered":"\u00c9rable Rouge Morgan"},"content":{"rendered":"<h1>Voir disponibilit\u00e9 en magasin<\/h1>\n<h3><strong>Nom latin : Acer Rubrum Morgan<\/strong><\/h3>\n<p>Arbre \u00e0 port r\u00e9gulier appr\u00e9ci\u00e9 pour sa bonne vigueur et son adaptation aux conditions vari\u00e9es. &#8216;Morgan&#8217; offre une structure \u00e9quilibr\u00e9e et une coloration automnale dans les tons de rouge, ce qui en fait un choix int\u00e9ressant pour les am\u00e9nagements paysagers et urbains.<\/p>\n<p data-section-id=\"fo4qqk\" data-start=\"448\" data-end=\"471\">Caract\u00e9ristiques<\/p>\n<ul data-start=\"473\" data-end=\"746\">\n<li data-section-id=\"1ori8cy\" data-start=\"473\" data-end=\"500\">Hauteur : 12 \u00e0 15 m<\/li>\n<li data-section-id=\"76akn3\" data-start=\"501\" data-end=\"527\">Largeur : 8 \u00e0 10 m<\/li>\n<li data-section-id=\"11my5pj\" data-start=\"528\" data-end=\"555\">Croissance : Moyenne \u00e0 rapide<\/li>\n<li data-section-id=\"1rtnc6\" data-start=\"557\" data-end=\"584\">Exposition : Soleil \u00e0 mi-ombre<\/li>\n<li data-section-id=\"1resllq\" data-start=\"585\" data-end=\"640\">Sol : Pr\u00e9f\u00e8re sols frais, tol\u00e8re conditions vari\u00e9es<\/li>\n<li data-section-id=\"13nbvfc\" data-start=\"641\" data-end=\"659\">Zone : 4<\/li>\n<li data-section-id=\"c9e9g0\" data-start=\"661\" data-end=\"708\">Feuillage : Vert, dense<\/li>\n<li data-section-id=\"qxzh2q\" data-start=\"709\" data-end=\"746\">Couleur automnale : Rouge<\/li>\n<\/ul>\n<p>&nbsp;<\/p>\n<h1><\/h1>\n","protected":false},"excerpt":{"rendered":"<p>Voir disponibilit\u00e9 en magasin Nom latin : Acer Rubrum Morgan Arbre \u00e0 port r\u00e9gulier appr\u00e9ci\u00e9 pour sa bonne vigueur et son adaptation aux conditions vari\u00e9es. &#8216;Morgan&#8217; offre une structure \u00e9quilibr\u00e9e et une coloration automnale dans les tons de rouge, ce qui en fait un choix int\u00e9ressant pour les am\u00e9nagements paysagers et urbains. Caract\u00e9ristiques Hauteur : [&hellip;]<\/p>\n","protected":false},"featured_media":29590,"template":"","meta":[],"product_cat":[86],"product_tag":[],"acf":[],"_links":{"self":[{"href":"https:\/\/www.paysagesrossignol.com\/en\/wp-json\/wp\/v2\/product\/10408"}],"collection":[{"href":"https:\/\/www.paysagesrossignol.com\/en\/wp-json\/wp\/v2\/product"}],"about":[{"href":"https:\/\/www.paysagesrossignol.com\/en\/wp-json\/wp\/v2\/types\/product"}],"wp:featuredmedia":[{"embeddable":true,"href":"https:\/\/www.paysagesrossignol.com\/en\/wp-json\/wp\/v2\/media\/29590"}],"wp:attachment":[{"href":"https:\/\/www.paysagesrossignol.com\/en\/wp-json\/wp\/v2\/media?parent=10408"}],"wp:term":[{"taxonomy":"product_cat","embeddable":true,"href":"https:\/\/www.paysagesrossignol.com\/en\/wp-json\/wp\/v2\/product_cat?post=10408"},{"taxonomy":"product_tag","embeddable":true,"href":"https:\/\/www.paysagesrossignol.com\/en\/wp-json\/wp\/v2\/product_tag?post=10408"}],"curies":[{"name":"wp","href":"https:\/\/api.w.org\/{rel}","templated":true}]}}