{"id":10412,"date":"2026-03-11T00:00:39","date_gmt":"2026-03-11T04:00:39","guid":{"rendered":"https:\/\/www.paysagesrossignol.com\/produit\/erable-rouge-red-sunset\/"},"modified":"2026-03-31T08:58:57","modified_gmt":"2026-03-31T12:58:57","slug":"erable-rouge-red-sunset","status":"publish","type":"product","link":"https:\/\/www.paysagesrossignol.com\/en\/produit\/erable-rouge-red-sunset\/","title":{"rendered":"\u00c9rable Rouge Red Sunset"},"content":{"rendered":"<h1>Voir disponibilit\u00e9 en magasin<\/h1>\n<h3>Nom latin : Acer Rubrum Red Sunset<\/h3>\n<p>Arbre tr\u00e8s populaire pour sa fiabilit\u00e9 et sa coloration automnale spectaculaire, &#8216;Red Sunset&#8217; est reconnu pour sa bonne structure, sa croissance vigoureuse et sa bonne adaptation aux conditions urbaines. Il offre une couleur rouge intense et uniforme, ce qui en fait un excellent choix en am\u00e9nagement.<\/p>\n<p data-section-id=\"fo4qqk\" data-start=\"474\" data-end=\"497\">Caract\u00e9ristiques<\/p>\n<ul data-start=\"499\" data-end=\"780\">\n<li data-section-id=\"1ori8cy\" data-start=\"499\" data-end=\"526\">Hauteur : 12 \u00e0 18 m<\/li>\n<li data-section-id=\"76akn3\" data-start=\"527\" data-end=\"553\">Largeur : 10 \u00e0 12 m<\/li>\n<li data-section-id=\"11my5pj\" data-start=\"554\" data-end=\"581\">Croissance : Rapide<\/li>\n<li data-section-id=\"1rtnc6\" data-start=\"583\" data-end=\"610\">Exposition : Soleil \u00e0 mi-ombre<\/li>\n<li data-section-id=\"1resllq\" data-start=\"611\" data-end=\"666\">Sol : Pr\u00e9f\u00e8re sols frais, tol\u00e8re des conditions vari\u00e9es<\/li>\n<li data-section-id=\"13nbvfc\" data-start=\"667\" data-end=\"685\">Zone : 3<\/li>\n<li data-section-id=\"c9e9g0\" data-start=\"687\" data-end=\"734\">Feuillage : Vert, dense<\/li>\n<li data-section-id=\"1v1gut8\" data-start=\"735\" data-end=\"780\">Couleur automnale : Rouge vif intense<\/li>\n<\/ul>\n","protected":false},"excerpt":{"rendered":"<p>Voir disponibilit\u00e9 en magasin Nom latin : Acer Rubrum Red Sunset Arbre tr\u00e8s populaire pour sa fiabilit\u00e9 et sa coloration automnale spectaculaire, &#8216;Red Sunset&#8217; est reconnu pour sa bonne structure, sa croissance vigoureuse et sa bonne adaptation aux conditions urbaines. Il offre une couleur rouge intense et uniforme, ce qui en fait un excellent choix [&hellip;]<\/p>\n","protected":false},"featured_media":29593,"template":"","meta":[],"product_cat":[86],"product_tag":[],"acf":[],"_links":{"self":[{"href":"https:\/\/www.paysagesrossignol.com\/en\/wp-json\/wp\/v2\/product\/10412"}],"collection":[{"href":"https:\/\/www.paysagesrossignol.com\/en\/wp-json\/wp\/v2\/product"}],"about":[{"href":"https:\/\/www.paysagesrossignol.com\/en\/wp-json\/wp\/v2\/types\/product"}],"wp:featuredmedia":[{"embeddable":true,"href":"https:\/\/www.paysagesrossignol.com\/en\/wp-json\/wp\/v2\/media\/29593"}],"wp:attachment":[{"href":"https:\/\/www.paysagesrossignol.com\/en\/wp-json\/wp\/v2\/media?parent=10412"}],"wp:term":[{"taxonomy":"product_cat","embeddable":true,"href":"https:\/\/www.paysagesrossignol.com\/en\/wp-json\/wp\/v2\/product_cat?post=10412"},{"taxonomy":"product_tag","embeddable":true,"href":"https:\/\/www.paysagesrossignol.com\/en\/wp-json\/wp\/v2\/product_tag?post=10412"}],"curies":[{"name":"wp","href":"https:\/\/api.w.org\/{rel}","templated":true}]}}