{"id":10427,"date":"2026-03-11T00:00:44","date_gmt":"2026-03-11T04:00:44","guid":{"rendered":"https:\/\/www.paysagesrossignol.com\/produit\/erable-a-sucre-columnare\/"},"modified":"2026-03-31T09:35:19","modified_gmt":"2026-03-31T13:35:19","slug":"erable-a-sucre-columnare","status":"publish","type":"product","link":"https:\/\/www.paysagesrossignol.com\/en\/produit\/erable-a-sucre-columnare\/","title":{"rendered":"\u00c9rable \u00e0 Sucre Columnare"},"content":{"rendered":"<h1>Voir disponibilit\u00e9 en magasin<\/h1>\n<h3>Nom latin : Acer Saccharum Columnare<\/h3>\n<p data-start=\"145\" data-end=\"469\">S\u00e9lection d&#8217;\u00e9rable \u00e0 sucre \u00e0 port \u00e9troit et plus compact, &#8216;Columnare&#8217; est adapt\u00e9 aux espaces restreints tout en conservant les qualit\u00e9s de l&#8217;esp\u00e8ce. Il offre une structure plus verticale, une bonne long\u00e9vit\u00e9 et une superbe coloration automnale, id\u00e9al pour les am\u00e9nagements r\u00e9sidentiels et institutionnels.<\/p>\n<p data-section-id=\"fo4qqk\" data-start=\"476\" data-end=\"499\">Caract\u00e9ristiques<\/p>\n<ul>\n<li data-section-id=\"1ojpnfj\" data-start=\"501\" data-end=\"528\">Hauteur : 12 \u00e0 15 m<\/li>\n<li data-section-id=\"18ecguf\" data-start=\"529\" data-end=\"554\">Largeur : 6 \u00e0 8 m<\/li>\n<li data-section-id=\"1fqa3rr\" data-start=\"555\" data-end=\"583\">Croissance : Lente \u00e0 moyenne<\/li>\n<li data-section-id=\"1rtnc6\" data-start=\"585\" data-end=\"612\">Exposition : Soleil \u00e0 mi-ombre<\/li>\n<li data-section-id=\"otqqf2\" data-start=\"613\" data-end=\"677\">Sol : Riche, frais et bien drain\u00e9<\/li>\n<li data-section-id=\"13fqotb\" data-start=\"678\" data-end=\"694\">Zone : 3<\/li>\n<li data-section-id=\"1u21voj\" data-start=\"696\" data-end=\"733\">Feuillage : Vert fonc\u00e9, dense<\/li>\n<li data-section-id=\"dtlq2n\" data-start=\"734\" data-end=\"785\">Couleur automnale : Jaune, orang\u00e9 \u00e0 rouge<\/li>\n<\/ul>\n<h1><\/h1>\n","protected":false},"excerpt":{"rendered":"<p>Voir disponibilit\u00e9 en magasin Nom latin : Acer Saccharum Columnare S\u00e9lection d&#8217;\u00e9rable \u00e0 sucre \u00e0 port \u00e9troit et plus compact, &#8216;Columnare&#8217; est adapt\u00e9 aux espaces restreints tout en conservant les qualit\u00e9s de l&#8217;esp\u00e8ce. Il offre une structure plus verticale, une bonne long\u00e9vit\u00e9 et une superbe coloration automnale, id\u00e9al pour les am\u00e9nagements r\u00e9sidentiels et institutionnels. Caract\u00e9ristiques [&hellip;]<\/p>\n","protected":false},"featured_media":29603,"template":"","meta":[],"product_cat":[86],"product_tag":[],"acf":[],"_links":{"self":[{"href":"https:\/\/www.paysagesrossignol.com\/en\/wp-json\/wp\/v2\/product\/10427"}],"collection":[{"href":"https:\/\/www.paysagesrossignol.com\/en\/wp-json\/wp\/v2\/product"}],"about":[{"href":"https:\/\/www.paysagesrossignol.com\/en\/wp-json\/wp\/v2\/types\/product"}],"wp:featuredmedia":[{"embeddable":true,"href":"https:\/\/www.paysagesrossignol.com\/en\/wp-json\/wp\/v2\/media\/29603"}],"wp:attachment":[{"href":"https:\/\/www.paysagesrossignol.com\/en\/wp-json\/wp\/v2\/media?parent=10427"}],"wp:term":[{"taxonomy":"product_cat","embeddable":true,"href":"https:\/\/www.paysagesrossignol.com\/en\/wp-json\/wp\/v2\/product_cat?post=10427"},{"taxonomy":"product_tag","embeddable":true,"href":"https:\/\/www.paysagesrossignol.com\/en\/wp-json\/wp\/v2\/product_tag?post=10427"}],"curies":[{"name":"wp","href":"https:\/\/api.w.org\/{rel}","templated":true}]}}