{"id":10433,"date":"2026-03-11T00:00:48","date_gmt":"2026-03-11T04:00:48","guid":{"rendered":"https:\/\/www.paysagesrossignol.com\/produit\/erable-a-sucre-green-mountain\/"},"modified":"2026-03-26T14:06:14","modified_gmt":"2026-03-26T18:06:14","slug":"erable-a-sucre-green-mountain","status":"publish","type":"product","link":"https:\/\/www.paysagesrossignol.com\/en\/produit\/erable-a-sucre-green-mountain\/","title":{"rendered":"\u00c9rable \u00e0 sucre Green Mountain"},"content":{"rendered":"<h1>Voir disponibilit\u00e9 en magasin<\/h1>\n<h3>Nom latin: Acer Saccharum Green Mountain<\/h3>\n<p>S\u00e9lection d\u2019<strong data-start=\"178\" data-end=\"196\">\u00e9rable \u00e0 sucre<\/strong> tr\u00e8s performante, \u2018Green Mountain\u2019 est appr\u00e9ci\u00e9e pour sa <strong data-start=\"254\" data-end=\"278\">structure sym\u00e9trique<\/strong>, sa <strong data-start=\"283\" data-end=\"334\">bonne tol\u00e9rance \u00e0 la s\u00e9cheresse et \u00e0 la chaleur<\/strong>, et sa <strong data-start=\"342\" data-end=\"380\">coloration automnale spectaculaire<\/strong> allant du <strong data-start=\"391\" data-end=\"410\">orange au rouge<\/strong>. Adapt\u00e9 aux climats nordiques et aux grands espaces paysagers, il constitue un excellent arbre d\u2019ombrage ou sp\u00e9cimen.<\/p>\n<p>&nbsp;<\/p>\n<h3 data-section-id=\"fo4qqk\" data-start=\"575\" data-end=\"598\">Caract\u00e9ristiques<\/h3>\n<ul data-start=\"600\" data-end=\"945\">\n<li data-section-id=\"11rz0wj\" data-start=\"600\" data-end=\"627\"><strong data-start=\"602\" data-end=\"615\">Hauteur :<\/strong> 15 \u00e0 20 m<\/li>\n<li data-section-id=\"fwt8ki\" data-start=\"628\" data-end=\"655\"><strong data-start=\"630\" data-end=\"643\">Largeur :<\/strong> 12 \u00e0 15 m<\/li>\n<li data-section-id=\"11qi670\" data-start=\"656\" data-end=\"693\"><strong data-start=\"658\" data-end=\"674\">Croissance :<\/strong> Moyenne \u00e0 rapide<\/li>\n<li data-section-id=\"1tj9pl0\" data-start=\"695\" data-end=\"733\"><strong data-start=\"697\" data-end=\"713\">Exposition :<\/strong> Soleil \u00e0 mi\u2011ombre<\/li>\n<li data-section-id=\"1gyoyil\" data-start=\"734\" data-end=\"812\"><strong data-start=\"736\" data-end=\"745\">Sol :<\/strong> Pr\u00e9f\u00e8re bien drain\u00e9 et l\u00e9g\u00e8rement acide (tol\u00e8re plusieurs types)<\/li>\n<li data-section-id=\"13nbwbf\" data-start=\"813\" data-end=\"831\"><strong data-start=\"815\" data-end=\"825\">Zone :<\/strong> 3\u20137<\/li>\n<li data-section-id=\"1y4z5k8\" data-start=\"833\" data-end=\"894\"><strong data-start=\"835\" data-end=\"850\">Feuillage :<\/strong> Vert fonc\u00e9, feuilles \u00e9paisses et cireuses<\/li>\n<li data-section-id=\"1gugcj9\" data-start=\"895\" data-end=\"945\"><strong data-start=\"897\" data-end=\"920\">Couleur automnale :<\/strong> Orange \u00e0 rouge intense<\/li>\n<\/ul>\n<h1><\/h1>\n","protected":false},"excerpt":{"rendered":"<p>Voir disponibilit\u00e9 en magasin Nom latin: Acer Saccharum Green Mountain S\u00e9lection d\u2019\u00e9rable \u00e0 sucre tr\u00e8s performante, \u2018Green Mountain\u2019 est appr\u00e9ci\u00e9e pour sa structure sym\u00e9trique, sa bonne tol\u00e9rance \u00e0 la s\u00e9cheresse et \u00e0 la chaleur, et sa coloration automnale spectaculaire allant du orange au rouge. Adapt\u00e9 aux climats nordiques et aux grands espaces paysagers, il constitue [&hellip;]<\/p>\n","protected":false},"featured_media":29614,"template":"","meta":[],"product_cat":[86],"product_tag":[],"acf":[],"_links":{"self":[{"href":"https:\/\/www.paysagesrossignol.com\/en\/wp-json\/wp\/v2\/product\/10433"}],"collection":[{"href":"https:\/\/www.paysagesrossignol.com\/en\/wp-json\/wp\/v2\/product"}],"about":[{"href":"https:\/\/www.paysagesrossignol.com\/en\/wp-json\/wp\/v2\/types\/product"}],"wp:featuredmedia":[{"embeddable":true,"href":"https:\/\/www.paysagesrossignol.com\/en\/wp-json\/wp\/v2\/media\/29614"}],"wp:attachment":[{"href":"https:\/\/www.paysagesrossignol.com\/en\/wp-json\/wp\/v2\/media?parent=10433"}],"wp:term":[{"taxonomy":"product_cat","embeddable":true,"href":"https:\/\/www.paysagesrossignol.com\/en\/wp-json\/wp\/v2\/product_cat?post=10433"},{"taxonomy":"product_tag","embeddable":true,"href":"https:\/\/www.paysagesrossignol.com\/en\/wp-json\/wp\/v2\/product_tag?post=10433"}],"curies":[{"name":"wp","href":"https:\/\/api.w.org\/{rel}","templated":true}]}}