{"id":10436,"date":"2026-03-11T00:00:48","date_gmt":"2026-03-11T04:00:48","guid":{"rendered":"https:\/\/www.paysagesrossignol.com\/produit\/erable-a-sucre-legacy\/"},"modified":"2026-03-26T14:12:09","modified_gmt":"2026-03-26T18:12:09","slug":"erable-a-sucre-legacy","status":"publish","type":"product","link":"https:\/\/www.paysagesrossignol.com\/en\/produit\/erable-a-sucre-legacy\/","title":{"rendered":"\u00c9rable \u00e0 sucre Legacy"},"content":{"rendered":"<h1>Voir disponibilit\u00e9 en magasin<\/h1>\n<h3>Nom latin: Acer Saccharum Legacy<\/h3>\n<p>S\u00e9lection d\u2019<strong data-start=\"185\" data-end=\"203\">\u00e9rable \u00e0 sucre<\/strong> reconnue pour sa <strong data-start=\"221\" data-end=\"246\">croissance vigoureuse<\/strong>, sa <strong data-start=\"251\" data-end=\"278\">structure bien ramifi\u00e9e<\/strong> et sa <strong data-start=\"285\" data-end=\"321\">coloration automnale remarquable<\/strong> allant du <strong data-start=\"332\" data-end=\"366\">jaune \u00e0 l\u2019orange puis au rouge<\/strong>. \u2018Legacy\u2019 est appr\u00e9ci\u00e9 pour sa <strong data-start=\"398\" data-end=\"440\">capacit\u00e9 \u00e0 tol\u00e9rer une vari\u00e9t\u00e9 de sols<\/strong> et pour produire une <strong data-start=\"462\" data-end=\"477\">ombre dense<\/strong>, ce qui en fait un arbre de choix comme <strong data-start=\"518\" data-end=\"541\">ombrage ou sp\u00e9cimen<\/strong> dans les grands espaces paysagers.<\/p>\n<h3 data-section-id=\"fo4qqk\" data-start=\"583\" data-end=\"606\">Caract\u00e9ristiques<\/h3>\n<ul data-start=\"608\" data-end=\"924\">\n<li data-section-id=\"1289gxk\" data-start=\"608\" data-end=\"635\"><strong data-start=\"610\" data-end=\"623\">Hauteur :<\/strong> 15 \u00e0 18 m<\/li>\n<li data-section-id=\"1ufp7mo\" data-start=\"636\" data-end=\"663\"><strong data-start=\"638\" data-end=\"651\">Largeur :<\/strong> 10 \u00e0 15 m<\/li>\n<li data-section-id=\"11qi670\" data-start=\"664\" data-end=\"701\"><strong data-start=\"666\" data-end=\"682\">Croissance :<\/strong> Moyenne \u00e0 rapide<\/li>\n<li data-section-id=\"1tj9pl0\" data-start=\"703\" data-end=\"741\"><strong data-start=\"705\" data-end=\"721\">Exposition :<\/strong> Soleil \u00e0 mi\u2011ombre<\/li>\n<li data-section-id=\"f2156l\" data-start=\"742\" data-end=\"805\"><strong data-start=\"744\" data-end=\"753\">Sol :<\/strong> Pr\u00e9f\u00e8re bien drain\u00e9, tol\u00e8re argile et sols vari\u00e9s<\/li>\n<li data-section-id=\"13nbumx\" data-start=\"806\" data-end=\"824\"><strong data-start=\"808\" data-end=\"818\">Zone :<\/strong> 3\u20135<\/li>\n<li data-section-id=\"ymawzh\" data-start=\"826\" data-end=\"873\"><strong data-start=\"828\" data-end=\"843\">Feuillage :<\/strong> Vert fonc\u00e9, feuilles larges<\/li>\n<li data-section-id=\"u5lt4e\" data-start=\"874\" data-end=\"924\"><strong data-start=\"876\" data-end=\"899\">Couleur automnale :<\/strong> Jaune \u2192 orange \u2192 rouge<\/li>\n<\/ul>\n<p>&nbsp;<\/p>\n<h1><\/h1>\n","protected":false},"excerpt":{"rendered":"<p>Voir disponibilit\u00e9 en magasin Nom latin: Acer Saccharum Legacy S\u00e9lection d\u2019\u00e9rable \u00e0 sucre reconnue pour sa croissance vigoureuse, sa structure bien ramifi\u00e9e et sa coloration automnale remarquable allant du jaune \u00e0 l\u2019orange puis au rouge. \u2018Legacy\u2019 est appr\u00e9ci\u00e9 pour sa capacit\u00e9 \u00e0 tol\u00e9rer une vari\u00e9t\u00e9 de sols et pour produire une ombre dense, ce qui [&hellip;]<\/p>\n","protected":false},"featured_media":29617,"template":"","meta":[],"product_cat":[86],"product_tag":[],"acf":[],"_links":{"self":[{"href":"https:\/\/www.paysagesrossignol.com\/en\/wp-json\/wp\/v2\/product\/10436"}],"collection":[{"href":"https:\/\/www.paysagesrossignol.com\/en\/wp-json\/wp\/v2\/product"}],"about":[{"href":"https:\/\/www.paysagesrossignol.com\/en\/wp-json\/wp\/v2\/types\/product"}],"wp:featuredmedia":[{"embeddable":true,"href":"https:\/\/www.paysagesrossignol.com\/en\/wp-json\/wp\/v2\/media\/29617"}],"wp:attachment":[{"href":"https:\/\/www.paysagesrossignol.com\/en\/wp-json\/wp\/v2\/media?parent=10436"}],"wp:term":[{"taxonomy":"product_cat","embeddable":true,"href":"https:\/\/www.paysagesrossignol.com\/en\/wp-json\/wp\/v2\/product_cat?post=10436"},{"taxonomy":"product_tag","embeddable":true,"href":"https:\/\/www.paysagesrossignol.com\/en\/wp-json\/wp\/v2\/product_tag?post=10436"}],"curies":[{"name":"wp","href":"https:\/\/api.w.org\/{rel}","templated":true}]}}