{"id":10441,"date":"2026-03-11T00:00:48","date_gmt":"2026-03-11T04:00:48","guid":{"rendered":"https:\/\/www.paysagesrossignol.com\/produit\/erable-a-sucre-temple\/"},"modified":"2026-03-26T14:20:48","modified_gmt":"2026-03-26T18:20:48","slug":"erable-a-sucre-temple","status":"publish","type":"product","link":"https:\/\/www.paysagesrossignol.com\/en\/produit\/erable-a-sucre-temple\/","title":{"rendered":"\u00c9rable \u00e0 sucre Temple"},"content":{"rendered":"<h1><strong>Voir disponibilit\u00e9 en magasin<\/strong><\/h1>\n<h3><strong>Nom latin : Acer Saccharum Temple<\/strong><\/h3>\n<p>S\u00e9lection d\u2019<strong data-start=\"410\" data-end=\"447\">\u00e9rable \u00e0 sucre \u00e0 port tr\u00e8s \u00e9troit<\/strong> (colonnaire), \u2018Temple\u2019 est id\u00e9al pour les <strong data-start=\"490\" data-end=\"520\">espaces urbains restreints<\/strong> ou les plantations en alignement o\u00f9 un arbre haut mais peu large est souhait\u00e9. Il conserve la <strong data-start=\"615\" data-end=\"676\">beaut\u00e9 de l\u2019esp\u00e8ce avec une couleur automnale chaleureuse<\/strong> allant du jaune \u00e0 l\u2019orange et au rouge.<\/p>\n<div class=\"flex flex-col text-sm pb-25\">\n<section class=\"text-token-text-primary w-full focus:outline-none [--shadow-height:45px] has-data-writing-block:pointer-events-none has-data-writing-block:-mt-(--shadow-height) has-data-writing-block:pt-(--shadow-height) [&amp;:has([data-writing-block])&gt;*]:pointer-events-auto scroll-mt-[calc(var(--header-height)+min(200px,max(70px,20svh)))]\" dir=\"auto\" data-turn-id=\"request-69c537c3-97d8-8330-b8df-e67ee9470398-23\" data-testid=\"conversation-turn-88\" data-scroll-anchor=\"true\" data-turn=\"assistant\">\n<div class=\"text-base my-auto mx-auto pb-10 [--thread-content-margin:var(--thread-content-margin-xs,calc(var(--spacing)*4))] @w-sm\/main:[--thread-content-margin:var(--thread-content-margin-sm,calc(var(--spacing)*6))] @w-lg\/main:[--thread-content-margin:var(--thread-content-margin-lg,calc(var(--spacing)*16))] px-(--thread-content-margin)\">\n<div class=\"[--thread-content-max-width:40rem] @w-lg\/main:[--thread-content-max-width:48rem] mx-auto max-w-(--thread-content-max-width) flex-1 group\/turn-messages focus-visible:outline-hidden relative flex w-full min-w-0 flex-col agent-turn\">\n<div class=\"flex max-w-full flex-col gap-4 grow\">\n<div class=\"min-h-8 text-message relative flex w-full flex-col items-end gap-2 text-start break-words whitespace-normal outline-none keyboard-focused:focus-ring [.text-message+&amp;]:mt-1\" dir=\"auto\" tabindex=\"0\" data-message-author-role=\"assistant\" data-message-id=\"c3206c5a-a313-4115-93b3-8c599416a92e\" data-turn-start-message=\"true\" data-message-model-slug=\"gpt-5-mini\">\n<div class=\"flex w-full flex-col gap-1 empty:hidden\">\n<div class=\"markdown prose dark:prose-invert w-full wrap-break-word dark markdown-new-styling\">\n<h3 data-section-id=\"fo4qqk\" data-start=\"761\" data-end=\"784\">Caract\u00e9ristiques<\/h3>\n<ul data-start=\"786\" data-end=\"1103\">\n<li data-section-id=\"1ojpnfj\" data-start=\"786\" data-end=\"813\"><strong data-start=\"788\" data-end=\"801\">Hauteur :<\/strong> 12 \u00e0 18 m<\/li>\n<li data-section-id=\"zm9ohv\" data-start=\"814\" data-end=\"839\"><strong data-start=\"816\" data-end=\"829\">Largeur :<\/strong> 3 \u00e0 5 m<\/li>\n<li data-section-id=\"1fqa3rr\" data-start=\"840\" data-end=\"868\"><strong data-start=\"842\" data-end=\"858\">Croissance :<\/strong> Moyenne<\/li>\n<li data-section-id=\"1tj9pl0\" data-start=\"870\" data-end=\"908\"><strong data-start=\"872\" data-end=\"888\">Exposition :<\/strong> Soleil \u00e0 mi\u2011ombre<\/li>\n<li data-section-id=\"g1oh20\" data-start=\"909\" data-end=\"962\"><strong data-start=\"911\" data-end=\"920\">Sol :<\/strong> Pr\u00e9f\u00e8re bien drain\u00e9, tol\u00e8re sols vari\u00e9s<\/li>\n<li data-section-id=\"13nbvfc\" data-start=\"963\" data-end=\"981\"><strong data-start=\"965\" data-end=\"975\">Zone :<\/strong> 3\u20134<\/li>\n<li data-section-id=\"pm238i\" data-start=\"983\" data-end=\"1052\"><strong data-start=\"985\" data-end=\"1000\">Feuillage :<\/strong> Vert fonc\u00e9, feuilles typiques de l\u2019\u00e9rable \u00e0 sucre<\/li>\n<li data-section-id=\"u5lt4e\" data-start=\"1053\" data-end=\"1103\"><strong data-start=\"1055\" data-end=\"1078\">Couleur automnale :<\/strong> Jaune \u2192 orange \u2192 rouge<\/li>\n<\/ul>\n<\/div>\n<\/div>\n<\/div>\n<\/div>\n<div class=\"z-0 flex min-h-[46px] justify-start\"><\/div>\n<div class=\"mt-3 w-full empty:hidden\">\n<div class=\"text-center\"><\/div>\n<\/div>\n<\/div>\n<\/div>\n<\/section>\n<\/div>\n<div class=\"pointer-events-none h-px w-px absolute bottom-0\" aria-hidden=\"true\" data-edge=\"true\"><\/div>\n","protected":false},"excerpt":{"rendered":"<p>Voir disponibilit\u00e9 en magasin Nom latin : Acer Saccharum Temple S\u00e9lection d\u2019\u00e9rable \u00e0 sucre \u00e0 port tr\u00e8s \u00e9troit (colonnaire), \u2018Temple\u2019 est id\u00e9al pour les espaces urbains restreints ou les plantations en alignement o\u00f9 un arbre haut mais peu large est souhait\u00e9. Il conserve la beaut\u00e9 de l\u2019esp\u00e8ce avec une couleur automnale chaleureuse allant du jaune [&hellip;]<\/p>\n","protected":false},"featured_media":29539,"template":"","meta":[],"product_cat":[86],"product_tag":[],"acf":[],"_links":{"self":[{"href":"https:\/\/www.paysagesrossignol.com\/en\/wp-json\/wp\/v2\/product\/10441"}],"collection":[{"href":"https:\/\/www.paysagesrossignol.com\/en\/wp-json\/wp\/v2\/product"}],"about":[{"href":"https:\/\/www.paysagesrossignol.com\/en\/wp-json\/wp\/v2\/types\/product"}],"wp:featuredmedia":[{"embeddable":true,"href":"https:\/\/www.paysagesrossignol.com\/en\/wp-json\/wp\/v2\/media\/29539"}],"wp:attachment":[{"href":"https:\/\/www.paysagesrossignol.com\/en\/wp-json\/wp\/v2\/media?parent=10441"}],"wp:term":[{"taxonomy":"product_cat","embeddable":true,"href":"https:\/\/www.paysagesrossignol.com\/en\/wp-json\/wp\/v2\/product_cat?post=10441"},{"taxonomy":"product_tag","embeddable":true,"href":"https:\/\/www.paysagesrossignol.com\/en\/wp-json\/wp\/v2\/product_tag?post=10441"}],"curies":[{"name":"wp","href":"https:\/\/api.w.org\/{rel}","templated":true}]}}