{"id":10455,"date":"2026-03-11T00:00:52","date_gmt":"2026-03-11T04:00:52","guid":{"rendered":"https:\/\/www.paysagesrossignol.com\/produit\/amelanchier-autumn-brilliance\/"},"modified":"2026-03-26T15:07:13","modified_gmt":"2026-03-26T19:07:13","slug":"amelanchier-autumn-brilliance","status":"publish","type":"product","link":"https:\/\/www.paysagesrossignol.com\/en\/produit\/amelanchier-autumn-brilliance\/","title":{"rendered":"Amelanchier Autumn Brilliance"},"content":{"rendered":"<h1><strong>Voir disponibilit\u00e9 en magasin<\/strong><\/h1>\n<h3><strong>Nom latin : Amelanchier x grandiflora Autumn Brilliance<\/strong><\/h3>\n<p data-start=\"192\" data-end=\"590\">Petit arbre tr\u00e8s appr\u00e9ci\u00e9 pour son <strong data-start=\"227\" data-end=\"252\">int\u00e9r\u00eat sur 4 saisons<\/strong>, \u2018Autumn Brilliance\u2019 offre une <strong data-start=\"284\" data-end=\"328\">floraison blanche abondante au printemps<\/strong>, des <strong data-start=\"334\" data-end=\"356\">fruits comestibles<\/strong> en \u00e9t\u00e9 et une <strong data-start=\"371\" data-end=\"422\">coloration automnale spectaculaire rouge-orange<\/strong>. Tr\u00e8s rustique et adaptable, il est id\u00e9al pour les <strong data-start=\"474\" data-end=\"549\">petits jardins, les am\u00e9nagements urbains et les plantations d\u00e9coratives<\/strong>.<\/p>\n<h3 data-section-id=\"fo4qqk\" data-start=\"597\" data-end=\"620\">Caract\u00e9ristiques<\/h3>\n<ul data-start=\"622\" data-end=\"908\">\n<li data-section-id=\"svhzei\" data-start=\"622\" data-end=\"647\"><strong data-start=\"624\" data-end=\"637\">Hauteur :<\/strong> 6 \u00e0 9 m<\/li>\n<li data-section-id=\"upkx8n\" data-start=\"648\" data-end=\"673\"><strong data-start=\"650\" data-end=\"663\">Largeur :<\/strong> 5 \u00e0 7 m<\/li>\n<li data-section-id=\"1fqa3rr\" data-start=\"674\" data-end=\"702\"><strong data-start=\"676\" data-end=\"692\">Croissance :<\/strong> Moyenne<\/li>\n<li data-section-id=\"17dp8qg\" data-start=\"704\" data-end=\"742\"><strong data-start=\"706\" data-end=\"722\">Exposition :<\/strong> Soleil \u00e0 mi-ombre<\/li>\n<li data-section-id=\"3j0mk1\" data-start=\"743\" data-end=\"796\"><strong data-start=\"745\" data-end=\"754\">Sol :<\/strong> Adaptable, pr\u00e9f\u00e8re frais et bien drain\u00e9<\/li>\n<li data-section-id=\"13nbvfc\" data-start=\"797\" data-end=\"815\"><strong data-start=\"799\" data-end=\"809\">Zone :<\/strong> 3\u20134<\/li>\n<li data-section-id=\"3e1fr4\" data-start=\"817\" data-end=\"861\"><strong data-start=\"819\" data-end=\"834\">Feuillage :<\/strong> Vert bleut\u00e9 \u00e0 vert fonc\u00e9<\/li>\n<li data-section-id=\"34lebm\" data-start=\"862\" data-end=\"908\"><strong data-start=\"864\" data-end=\"887\">Couleur automnale :<\/strong> Rouge \u00e0 orange vif<\/li>\n<\/ul>\n","protected":false},"excerpt":{"rendered":"<p>Voir disponibilit\u00e9 en magasin Nom latin : Amelanchier x grandiflora Autumn Brilliance Petit arbre tr\u00e8s appr\u00e9ci\u00e9 pour son int\u00e9r\u00eat sur 4 saisons, \u2018Autumn Brilliance\u2019 offre une floraison blanche abondante au printemps, des fruits comestibles en \u00e9t\u00e9 et une coloration automnale spectaculaire rouge-orange. Tr\u00e8s rustique et adaptable, il est id\u00e9al pour les petits jardins, les am\u00e9nagements [&hellip;]<\/p>\n","protected":false},"featured_media":29537,"template":"","meta":[],"product_cat":[86],"product_tag":[],"acf":[],"_links":{"self":[{"href":"https:\/\/www.paysagesrossignol.com\/en\/wp-json\/wp\/v2\/product\/10455"}],"collection":[{"href":"https:\/\/www.paysagesrossignol.com\/en\/wp-json\/wp\/v2\/product"}],"about":[{"href":"https:\/\/www.paysagesrossignol.com\/en\/wp-json\/wp\/v2\/types\/product"}],"wp:featuredmedia":[{"embeddable":true,"href":"https:\/\/www.paysagesrossignol.com\/en\/wp-json\/wp\/v2\/media\/29537"}],"wp:attachment":[{"href":"https:\/\/www.paysagesrossignol.com\/en\/wp-json\/wp\/v2\/media?parent=10455"}],"wp:term":[{"taxonomy":"product_cat","embeddable":true,"href":"https:\/\/www.paysagesrossignol.com\/en\/wp-json\/wp\/v2\/product_cat?post=10455"},{"taxonomy":"product_tag","embeddable":true,"href":"https:\/\/www.paysagesrossignol.com\/en\/wp-json\/wp\/v2\/product_tag?post=10455"}],"curies":[{"name":"wp","href":"https:\/\/api.w.org\/{rel}","templated":true}]}}