{"id":10464,"date":"2026-04-17T15:25:37","date_gmt":"2026-04-17T19:25:37","guid":{"rendered":"https:\/\/www.paysagesrossignol.com\/product\/terreau-reparateur-pour-pelouse-2\/"},"modified":"2026-05-04T11:17:31","modified_gmt":"2026-05-04T15:17:31","slug":"terreau-reparateur-pour-pelouse-2","status":"publish","type":"product","link":"https:\/\/www.paysagesrossignol.com\/en\/product\/terreau-reparateur-pour-pelouse-2\/","title":{"rendered":"Terreau R\u00e9parateur pour Pelouse"},"content":{"rendered":"<p>Id\u00e9al pour r\u00e9paration de plaques.<\/p>\n<ul>\n<li>Retient l&#8217;humidit\u00e9 pour aider la germination.<\/li>\n<li>Enrichi d&#8217;engrais pour favoriser un \u00e9tablissement plus rapide des semis<\/li>\n<\/ul>\n<p>Formulation :<\/p>\n<p class=\"title title20\">0,12-0,02-0,01<\/p>\n","protected":false},"excerpt":{"rendered":"<p>Id\u00e9al pour r\u00e9paration de plaques. Retient l&#8217;humidit\u00e9 pour aider la germination. Enrichi d&#8217;engrais pour favoriser un \u00e9tablissement plus rapide des semis Formulation : 0,12-0,02-0,01<\/p>\n","protected":false},"featured_media":10465,"comment_status":"closed","ping_status":"open","template":"","meta":{"_acf_changed":false,"_seopress_robots_primary_cat":"","_seopress_titles_title":"","_seopress_titles_desc":"","_seopress_robots_index":"","_seopress_analysis_target_kw":""},"product_brand":[],"product_cat":[31,32],"product_tag":[],"class_list":{"0":"post-10464","1":"product","2":"type-product","3":"status-publish","4":"has-post-thumbnail","6":"product_cat-amenagement-jardin","7":"product_cat-paillis-et-terreau-en-sac","9":"first","10":"instock","11":"taxable","12":"shipping-taxable","13":"purchasable","14":"product-type-simple"},"acf":[],"_links":{"self":[{"href":"https:\/\/www.paysagesrossignol.com\/en\/wp-json\/wp\/v2\/product\/10464","targetHints":{"allow":["GET"]}}],"collection":[{"href":"https:\/\/www.paysagesrossignol.com\/en\/wp-json\/wp\/v2\/product"}],"about":[{"href":"https:\/\/www.paysagesrossignol.com\/en\/wp-json\/wp\/v2\/types\/product"}],"replies":[{"embeddable":true,"href":"https:\/\/www.paysagesrossignol.com\/en\/wp-json\/wp\/v2\/comments?post=10464"}],"wp:featuredmedia":[{"embeddable":true,"href":"https:\/\/www.paysagesrossignol.com\/en\/wp-json\/wp\/v2\/media\/10465"}],"wp:attachment":[{"href":"https:\/\/www.paysagesrossignol.com\/en\/wp-json\/wp\/v2\/media?parent=10464"}],"wp:term":[{"taxonomy":"product_brand","embeddable":true,"href":"https:\/\/www.paysagesrossignol.com\/en\/wp-json\/wp\/v2\/product_brand?post=10464"},{"taxonomy":"product_cat","embeddable":true,"href":"https:\/\/www.paysagesrossignol.com\/en\/wp-json\/wp\/v2\/product_cat?post=10464"},{"taxonomy":"product_tag","embeddable":true,"href":"https:\/\/www.paysagesrossignol.com\/en\/wp-json\/wp\/v2\/product_tag?post=10464"}],"curies":[{"name":"wp","href":"https:\/\/api.w.org\/{rel}","templated":true}]}}