{"id":10494,"date":"2026-03-11T00:00:02","date_gmt":"2026-03-11T04:00:02","guid":{"rendered":"https:\/\/www.paysagesrossignol.com\/produit\/cornouiller-a-feuilles-alternes\/"},"modified":"2026-03-27T09:01:41","modified_gmt":"2026-03-27T13:01:41","slug":"cornouiller-a-feuilles-alternes","status":"publish","type":"product","link":"https:\/\/www.paysagesrossignol.com\/en\/produit\/cornouiller-a-feuilles-alternes\/","title":{"rendered":"Cornouiller \u00e0 feuilles alternes"},"content":{"rendered":"<h1>Voir disponibilit\u00e9 en magasin<\/h1>\n<h3>Nom Latin : Cornus Alternifolia<\/h3>\n<p data-start=\"137\" data-end=\"485\">Petit arbre indig\u00e8ne tr\u00e8s d\u00e9coratif, le cornouiller \u00e0 feuilles alternes est reconnu pour son <strong data-start=\"230\" data-end=\"255\">port \u00e9tag\u00e9 distinctif<\/strong> et sa <strong data-start=\"262\" data-end=\"303\">floraison blanche l\u00e9g\u00e8re au printemps<\/strong>. Il produit \u00e9galement de petits fruits appr\u00e9ci\u00e9s de la faune et offre une <strong data-start=\"378\" data-end=\"422\">belle coloration automnale rouge pourpre<\/strong>. Id\u00e9al pour les <strong data-start=\"439\" data-end=\"484\">jardins naturels et les sites mi-ombrag\u00e9s<\/strong>.<\/p>\n<h3 data-section-id=\"fo4qqk\" data-start=\"492\" data-end=\"515\">Caract\u00e9ristiques<\/h3>\n<ul data-start=\"517\" data-end=\"809\">\n<li data-section-id=\"16iuovs\" data-start=\"517\" data-end=\"542\"><strong data-start=\"519\" data-end=\"532\">Hauteur :<\/strong> 5 \u00e0 8 m<\/li>\n<li data-section-id=\"18ecguf\" data-start=\"543\" data-end=\"568\"><strong data-start=\"545\" data-end=\"558\">Largeur :<\/strong> 4 \u00e0 6 m<\/li>\n<li data-section-id=\"1jb47hd\" data-start=\"569\" data-end=\"605\"><strong data-start=\"571\" data-end=\"587\">Croissance :<\/strong> Lente \u00e0 moyenne<\/li>\n<li data-section-id=\"17dp8qg\" data-start=\"607\" data-end=\"645\"><strong data-start=\"609\" data-end=\"625\">Exposition :<\/strong> Soleil \u00e0 mi-ombre<\/li>\n<li data-section-id=\"17i4z1q\" data-start=\"646\" data-end=\"695\"><strong data-start=\"648\" data-end=\"657\">Sol :<\/strong> Pr\u00e9f\u00e8re frais, riche et bien drain\u00e9<\/li>\n<li data-section-id=\"13nbvfc\" data-start=\"696\" data-end=\"714\"><strong data-start=\"698\" data-end=\"708\">Zone :<\/strong> 3\u20134<\/li>\n<li data-section-id=\"cy9ire\" data-start=\"716\" data-end=\"765\"><strong data-start=\"718\" data-end=\"733\">Feuillage :<\/strong> Vert moyen, dispos\u00e9 en \u00e9tages<\/li>\n<li data-section-id=\"1bntbck\" data-start=\"766\" data-end=\"809\"><strong data-start=\"768\" data-end=\"791\">Couleur automnale :<\/strong> Rouge \u00e0 pourpre<\/li>\n<\/ul>\n","protected":false},"excerpt":{"rendered":"<p>Voir disponibilit\u00e9 en magasin Nom Latin : Cornus Alternifolia Petit arbre indig\u00e8ne tr\u00e8s d\u00e9coratif, le cornouiller \u00e0 feuilles alternes est reconnu pour son port \u00e9tag\u00e9 distinctif et sa floraison blanche l\u00e9g\u00e8re au printemps. Il produit \u00e9galement de petits fruits appr\u00e9ci\u00e9s de la faune et offre une belle coloration automnale rouge pourpre. Id\u00e9al pour les jardins [&hellip;]<\/p>\n","protected":false},"featured_media":29539,"template":"","meta":[],"product_cat":[86],"product_tag":[],"acf":[],"_links":{"self":[{"href":"https:\/\/www.paysagesrossignol.com\/en\/wp-json\/wp\/v2\/product\/10494"}],"collection":[{"href":"https:\/\/www.paysagesrossignol.com\/en\/wp-json\/wp\/v2\/product"}],"about":[{"href":"https:\/\/www.paysagesrossignol.com\/en\/wp-json\/wp\/v2\/types\/product"}],"wp:featuredmedia":[{"embeddable":true,"href":"https:\/\/www.paysagesrossignol.com\/en\/wp-json\/wp\/v2\/media\/29539"}],"wp:attachment":[{"href":"https:\/\/www.paysagesrossignol.com\/en\/wp-json\/wp\/v2\/media?parent=10494"}],"wp:term":[{"taxonomy":"product_cat","embeddable":true,"href":"https:\/\/www.paysagesrossignol.com\/en\/wp-json\/wp\/v2\/product_cat?post=10494"},{"taxonomy":"product_tag","embeddable":true,"href":"https:\/\/www.paysagesrossignol.com\/en\/wp-json\/wp\/v2\/product_tag?post=10494"}],"curies":[{"name":"wp","href":"https:\/\/api.w.org\/{rel}","templated":true}]}}