{"id":10497,"date":"2026-03-11T00:00:02","date_gmt":"2026-03-11T04:00:02","guid":{"rendered":"https:\/\/www.paysagesrossignol.com\/produit\/arbre-aux-quarante-ecus\/"},"modified":"2026-03-26T12:59:34","modified_gmt":"2026-03-26T16:59:34","slug":"arbre-aux-quarante-ecus","status":"publish","type":"product","link":"https:\/\/www.paysagesrossignol.com\/en\/produit\/arbre-aux-quarante-ecus\/","title":{"rendered":"Arbre aux Quarante \u00c9cus"},"content":{"rendered":"<h1>Voir disponibilit\u00e9 en magasin<\/h1>\n<h3>Nom Latin : Ginkgo Biloba<\/h3>\n<p>Arbre unique et tr\u00e8s r\u00e9sistant, le ginkgo est reconnu pour sa long\u00e9vit\u00e9 exceptionnelle et sa grande tol\u00e9rance aux conditions urbaines. Il se distingue par son feuillage en forme d&#8217;\u00e9ventail et sa spectaculaire coloration jaune \u00e0 l&#8217;automne. Tr\u00e8s fiable en ville, surtout en cultivars m\u00e2les.<\/p>\n<p>Caract\u00e9ristiques<\/p>\n<ul>\n<li>Hauteur : 15 \u00e0 20 m<\/li>\n<li>Largeur : 10 \u00e0 15 m<\/li>\n<li>Croissance : Lente \u00e0 moyenne<\/li>\n<li>Exposition : Soleil<\/li>\n<li>Sol : Adaptable, tol\u00e8re sols pauvres, compaction et pollution<\/li>\n<li>Zone : 4<\/li>\n<li>Feuillage : Vert, feuilles en \u00e9ventail distinctives<\/li>\n<li>Couleur automnale : Jaune vif<\/li>\n<\/ul>\n","protected":false},"excerpt":{"rendered":"<p>Voir disponibilit\u00e9 en magasin Nom Latin : Ginkgo Biloba Arbre unique et tr\u00e8s r\u00e9sistant, le ginkgo est reconnu pour sa long\u00e9vit\u00e9 exceptionnelle et sa grande tol\u00e9rance aux conditions urbaines. Il se distingue par son feuillage en forme d&#8217;\u00e9ventail et sa spectaculaire coloration jaune \u00e0 l&#8217;automne. Tr\u00e8s fiable en ville, surtout en cultivars m\u00e2les. Caract\u00e9ristiques Hauteur [&hellip;]<\/p>\n","protected":false},"featured_media":29587,"template":"","meta":[],"product_cat":[86],"product_tag":[],"acf":[],"_links":{"self":[{"href":"https:\/\/www.paysagesrossignol.com\/en\/wp-json\/wp\/v2\/product\/10497"}],"collection":[{"href":"https:\/\/www.paysagesrossignol.com\/en\/wp-json\/wp\/v2\/product"}],"about":[{"href":"https:\/\/www.paysagesrossignol.com\/en\/wp-json\/wp\/v2\/types\/product"}],"wp:featuredmedia":[{"embeddable":true,"href":"https:\/\/www.paysagesrossignol.com\/en\/wp-json\/wp\/v2\/media\/29587"}],"wp:attachment":[{"href":"https:\/\/www.paysagesrossignol.com\/en\/wp-json\/wp\/v2\/media?parent=10497"}],"wp:term":[{"taxonomy":"product_cat","embeddable":true,"href":"https:\/\/www.paysagesrossignol.com\/en\/wp-json\/wp\/v2\/product_cat?post=10497"},{"taxonomy":"product_tag","embeddable":true,"href":"https:\/\/www.paysagesrossignol.com\/en\/wp-json\/wp\/v2\/product_tag?post=10497"}],"curies":[{"name":"wp","href":"https:\/\/api.w.org\/{rel}","templated":true}]}}