{"id":10506,"date":"2026-03-11T00:00:07","date_gmt":"2026-03-11T04:00:07","guid":{"rendered":"https:\/\/www.paysagesrossignol.com\/produit\/chicot-du-canada-ou-gymnocladier-dioique\/"},"modified":"2026-03-26T16:04:16","modified_gmt":"2026-03-26T20:04:16","slug":"chicot-du-canada-ou-gymnocladier-dioique","status":"publish","type":"product","link":"https:\/\/www.paysagesrossignol.com\/en\/produit\/chicot-du-canada-ou-gymnocladier-dioique\/","title":{"rendered":"Chicot du Canada"},"content":{"rendered":"<h1>Voir disponibilit\u00e9 en magasin<\/h1>\n<h3>Nom Latin : Gymnocladus Dioicus<\/h3>\n<p>Grand arbre indig\u00e8ne au port ouvert et irr\u00e9gulier, le chicot du Canada est reconnu pour sa grande tol\u00e9rance aux conditions difficiles, notamment la s\u00e9cheresse et les sols pauvres. Son feuillage compos\u00e9 donne une texture tropicale unique, et sa feuillaison tardive en fait un arbre bien adapt\u00e9 aux milieux urbain, bien qu&#8217;il soit moins utilis\u00e9 en raison de son apparence particuli\u00e8re.<\/p>\n<p>Caract\u00e9ristiques<\/p>\n<ul>\n<li>Hauteur : 18 \u00e0 22 m<\/li>\n<li>Largeur : 12 \u00e0 15 m<\/li>\n<li>Croissance : Moyenne<\/li>\n<li>Exposition : Soleil<\/li>\n<li>Sol : Adaptable, tol\u00e8re sols secs, pauvres et alcalins<\/li>\n<li>Zone : 3<\/li>\n<li>Feuillage : Vert bleut\u00e9, tr\u00e8s grandes feuilles compos\u00e9es (aspect l\u00e9ger et exotique)<\/li>\n<li>Couleur automnale : Jaune<\/li>\n<\/ul>\n","protected":false},"excerpt":{"rendered":"<p>Voir disponibilit\u00e9 en magasin Nom Latin : Gymnocladus Dioicus Grand arbre indig\u00e8ne au port ouvert et irr\u00e9gulier, le chicot du Canada est reconnu pour sa grande tol\u00e9rance aux conditions difficiles, notamment la s\u00e9cheresse et les sols pauvres. Son feuillage compos\u00e9 donne une texture tropicale unique, et sa feuillaison tardive en fait un arbre bien adapt\u00e9 [&hellip;]<\/p>\n","protected":false},"featured_media":29539,"template":"","meta":[],"product_cat":[86],"product_tag":[],"acf":[],"_links":{"self":[{"href":"https:\/\/www.paysagesrossignol.com\/en\/wp-json\/wp\/v2\/product\/10506"}],"collection":[{"href":"https:\/\/www.paysagesrossignol.com\/en\/wp-json\/wp\/v2\/product"}],"about":[{"href":"https:\/\/www.paysagesrossignol.com\/en\/wp-json\/wp\/v2\/types\/product"}],"wp:featuredmedia":[{"embeddable":true,"href":"https:\/\/www.paysagesrossignol.com\/en\/wp-json\/wp\/v2\/media\/29539"}],"wp:attachment":[{"href":"https:\/\/www.paysagesrossignol.com\/en\/wp-json\/wp\/v2\/media?parent=10506"}],"wp:term":[{"taxonomy":"product_cat","embeddable":true,"href":"https:\/\/www.paysagesrossignol.com\/en\/wp-json\/wp\/v2\/product_cat?post=10506"},{"taxonomy":"product_tag","embeddable":true,"href":"https:\/\/www.paysagesrossignol.com\/en\/wp-json\/wp\/v2\/product_tag?post=10506"}],"curies":[{"name":"wp","href":"https:\/\/api.w.org\/{rel}","templated":true}]}}