{"id":10719,"date":"2026-03-11T00:00:18","date_gmt":"2026-03-11T04:00:18","guid":{"rendered":"https:\/\/www.paysagesrossignol.com\/produit\/fevier-northern-acclaim\/"},"modified":"2026-03-26T13:46:58","modified_gmt":"2026-03-26T17:46:58","slug":"fevier-northern-acclaim","status":"publish","type":"product","link":"https:\/\/www.paysagesrossignol.com\/en\/produit\/fevier-northern-acclaim\/","title":{"rendered":"F\u00e9vier d&#8217;Am\u00e9rique Northern Acclaim"},"content":{"rendered":"<h1>Voir disponibilit\u00e9 en magasin<\/h1>\n<h3>Nom Latin : Gleditsia Triacanthos Northern Acclaim<\/h3>\n<p>Arbre robuste et bien adapt\u00e9 aux climats froids, &#8216;Northern Acclaim&#8217; est un f\u00e9vier sans \u00e9pines reconnu pour sa bonne rusticit\u00e9 et sa grande tol\u00e9rance aux conditions urbaines. Il d\u00e9veloppe un port large et \u00e9l\u00e9gant avec un feuillage l\u00e9ger offrant une ombre filtr\u00e9e agr\u00e9able.<\/p>\n<p>Caract\u00e9ristiques<\/p>\n<ul>\n<li>Hauteur : 12 \u00e0 15 m<\/li>\n<li>Largeur : 10 \u00e0 12 m<\/li>\n<li>Croissance : Rapide<\/li>\n<li>Exposition : Soleil<\/li>\n<li>Sol : Tr\u00e8s adaptable, tol\u00e8re sols pauvres, secs, compaction et sel (mod\u00e9r\u00e9)<\/li>\n<li>Zone : 3<\/li>\n<li>Feuillage : Vert, fin et l\u00e9ger (aspect a\u00e9rien)<\/li>\n<li>Couleur automnale : Jaune<\/li>\n<\/ul>\n<p>&nbsp;<\/p>\n","protected":false},"excerpt":{"rendered":"<p>Voir disponibilit\u00e9 en magasin Nom Latin : Gleditsia Triacanthos Northern Acclaim Arbre robuste et bien adapt\u00e9 aux climats froids, &#8216;Northern Acclaim&#8217; est un f\u00e9vier sans \u00e9pines reconnu pour sa bonne rusticit\u00e9 et sa grande tol\u00e9rance aux conditions urbaines. Il d\u00e9veloppe un port large et \u00e9l\u00e9gant avec un feuillage l\u00e9ger offrant une ombre filtr\u00e9e agr\u00e9able. Caract\u00e9ristiques [&hellip;]<\/p>\n","protected":false},"featured_media":29605,"template":"","meta":[],"product_cat":[86],"product_tag":[],"acf":[],"_links":{"self":[{"href":"https:\/\/www.paysagesrossignol.com\/en\/wp-json\/wp\/v2\/product\/10719"}],"collection":[{"href":"https:\/\/www.paysagesrossignol.com\/en\/wp-json\/wp\/v2\/product"}],"about":[{"href":"https:\/\/www.paysagesrossignol.com\/en\/wp-json\/wp\/v2\/types\/product"}],"wp:featuredmedia":[{"embeddable":true,"href":"https:\/\/www.paysagesrossignol.com\/en\/wp-json\/wp\/v2\/media\/29605"}],"wp:attachment":[{"href":"https:\/\/www.paysagesrossignol.com\/en\/wp-json\/wp\/v2\/media?parent=10719"}],"wp:term":[{"taxonomy":"product_cat","embeddable":true,"href":"https:\/\/www.paysagesrossignol.com\/en\/wp-json\/wp\/v2\/product_cat?post=10719"},{"taxonomy":"product_tag","embeddable":true,"href":"https:\/\/www.paysagesrossignol.com\/en\/wp-json\/wp\/v2\/product_tag?post=10719"}],"curies":[{"name":"wp","href":"https:\/\/api.w.org\/{rel}","templated":true}]}}