{"id":10725,"date":"2026-03-11T00:00:18","date_gmt":"2026-03-11T04:00:18","guid":{"rendered":"https:\/\/www.paysagesrossignol.com\/produit\/fevier-sunburst\/"},"modified":"2026-03-26T15:47:36","modified_gmt":"2026-03-26T19:47:36","slug":"fevier-sunburst","status":"publish","type":"product","link":"https:\/\/www.paysagesrossignol.com\/en\/produit\/fevier-sunburst\/","title":{"rendered":"F\u00e9vier d&#8217;Am\u00e9rique Sunburst"},"content":{"rendered":"<h1>Voir disponibilit\u00e9 en magasin<\/h1>\n<h3>Nom Latin : Gleditsia Triacanthos Sunburst<\/h3>\n<p>F\u00e9vier sans \u00e9pines tr\u00e8s ornemental, &#8216;Sunburst&#8217; se distingue par son jeune feuillage jaune dor\u00e9 lumineux qui devient vert en \u00e9t\u00e9. Il offre une silhouette \u00e9l\u00e9gante et une ombre l\u00e9g\u00e8re, tout en conservant une vonne tol\u00e9rance aux conditions urbaines. Id\u00e9al pour apporter de la couleur dans les am\u00e9nagements.<\/p>\n<p>Caract\u00e9ristiques<\/p>\n<ul>\n<li>Hauteur : 10 \u00e0 12 m<\/li>\n<li>Largeur : 8 \u00e0 10 m<\/li>\n<li>Croissance : Moyenne \u00e0 rapide<\/li>\n<li>Exposition : Soleil<\/li>\n<li>Sol : Tr\u00e8s adaptable, tol\u00e8re sols pauvres, secs et compaction<\/li>\n<li>Zone : 4<\/li>\n<li>Feuillage : Jaune dor\u00e9 au printemps, devenant vert en \u00e9t\u00e9, fin et l\u00e9ger<\/li>\n<li>Couleur automnale : Jaune<\/li>\n<\/ul>\n<p>&nbsp;<\/p>\n","protected":false},"excerpt":{"rendered":"<p>Voir disponibilit\u00e9 en magasin Nom Latin : Gleditsia Triacanthos Sunburst F\u00e9vier sans \u00e9pines tr\u00e8s ornemental, &#8216;Sunburst&#8217; se distingue par son jeune feuillage jaune dor\u00e9 lumineux qui devient vert en \u00e9t\u00e9. Il offre une silhouette \u00e9l\u00e9gante et une ombre l\u00e9g\u00e8re, tout en conservant une vonne tol\u00e9rance aux conditions urbaines. Id\u00e9al pour apporter de la couleur dans [&hellip;]<\/p>\n","protected":false},"featured_media":29664,"template":"","meta":[],"product_cat":[86],"product_tag":[],"acf":[],"_links":{"self":[{"href":"https:\/\/www.paysagesrossignol.com\/en\/wp-json\/wp\/v2\/product\/10725"}],"collection":[{"href":"https:\/\/www.paysagesrossignol.com\/en\/wp-json\/wp\/v2\/product"}],"about":[{"href":"https:\/\/www.paysagesrossignol.com\/en\/wp-json\/wp\/v2\/types\/product"}],"wp:featuredmedia":[{"embeddable":true,"href":"https:\/\/www.paysagesrossignol.com\/en\/wp-json\/wp\/v2\/media\/29664"}],"wp:attachment":[{"href":"https:\/\/www.paysagesrossignol.com\/en\/wp-json\/wp\/v2\/media?parent=10725"}],"wp:term":[{"taxonomy":"product_cat","embeddable":true,"href":"https:\/\/www.paysagesrossignol.com\/en\/wp-json\/wp\/v2\/product_cat?post=10725"},{"taxonomy":"product_tag","embeddable":true,"href":"https:\/\/www.paysagesrossignol.com\/en\/wp-json\/wp\/v2\/product_tag?post=10725"}],"curies":[{"name":"wp","href":"https:\/\/api.w.org\/{rel}","templated":true}]}}