{"id":10731,"date":"2026-03-11T00:00:18","date_gmt":"2026-03-11T04:00:18","guid":{"rendered":"https:\/\/www.paysagesrossignol.com\/produit\/pommetier-decoratif-louisa\/"},"modified":"2026-03-27T14:34:13","modified_gmt":"2026-03-27T18:34:13","slug":"pommetier-decoratif-louisa","status":"publish","type":"product","link":"https:\/\/www.paysagesrossignol.com\/en\/produit\/pommetier-decoratif-louisa\/","title":{"rendered":"Pommetier d\u00e9coratif Louisa"},"content":{"rendered":"<h1>Voir disponibilit\u00e9 en magasin<\/h1>\n<h3>Nom Latin : Malus Louisa<\/h3>\n<p>Pommetier ornemental appr\u00e9ci\u00e9 pour sa <strong data-start=\"159\" data-end=\"216\">floraison abondante rose clair \u00e0 blanche au printemps<\/strong>, son <strong data-start=\"222\" data-end=\"249\">port arrondi et \u00e9l\u00e9gant<\/strong>, et ses <strong data-start=\"258\" data-end=\"304\">petits fruits d\u00e9coratifs rouges en automne<\/strong>. Il est tr\u00e8s tol\u00e9rant aux <strong data-start=\"331\" data-end=\"373\">conditions urbaines et aux sols vari\u00e9s<\/strong>, ce qui le rend id\u00e9al pour les <strong data-start=\"405\" data-end=\"450\">jardins, rues ou plantations ornementales<\/strong>.<\/p>\n<h3 data-section-id=\"fo4qqk\" data-start=\"458\" data-end=\"481\">Caract\u00e9ristiques<\/h3>\n<ul data-start=\"483\" data-end=\"737\">\n<li data-section-id=\"xq448n\" data-start=\"483\" data-end=\"508\"><strong data-start=\"485\" data-end=\"498\">Hauteur :<\/strong> 4 \u00e0 6 m<\/li>\n<li data-section-id=\"zm9ohv\" data-start=\"509\" data-end=\"534\"><strong data-start=\"511\" data-end=\"524\">Largeur :<\/strong> 3 \u00e0 5 m<\/li>\n<li data-section-id=\"1fqa3rr\" data-start=\"535\" data-end=\"563\"><strong data-start=\"537\" data-end=\"553\">Croissance :<\/strong> Moyenne<\/li>\n<li data-section-id=\"1rtnc6\" data-start=\"565\" data-end=\"592\"><strong data-start=\"567\" data-end=\"583\">Exposition :<\/strong> Soleil<\/li>\n<li data-section-id=\"49kw2n\" data-start=\"593\" data-end=\"643\"><strong data-start=\"595\" data-end=\"604\">Sol :<\/strong> Adaptable, pr\u00e9f\u00e8re sols bien drain\u00e9s<\/li>\n<li data-section-id=\"13iiokc\" data-start=\"644\" data-end=\"662\"><strong data-start=\"646\" data-end=\"656\">Zone :<\/strong> 4\u20137<\/li>\n<li data-section-id=\"irk0qz\" data-start=\"664\" data-end=\"694\"><strong data-start=\"666\" data-end=\"681\">Feuillage :<\/strong> Vert moyen<\/li>\n<li data-section-id=\"1jfjilk\" data-start=\"695\" data-end=\"737\"><strong data-start=\"697\" data-end=\"720\">Couleur automnale :<\/strong> Jaune \u00e0 orang\u00e9<\/li>\n<\/ul>\n","protected":false},"excerpt":{"rendered":"<p>Voir disponibilit\u00e9 en magasin Nom Latin : Malus Louisa Pommetier ornemental appr\u00e9ci\u00e9 pour sa floraison abondante rose clair \u00e0 blanche au printemps, son port arrondi et \u00e9l\u00e9gant, et ses petits fruits d\u00e9coratifs rouges en automne. Il est tr\u00e8s tol\u00e9rant aux conditions urbaines et aux sols vari\u00e9s, ce qui le rend id\u00e9al pour les jardins, rues [&hellip;]<\/p>\n","protected":false},"featured_media":29537,"template":"","meta":[],"product_cat":[86],"product_tag":[],"acf":[],"_links":{"self":[{"href":"https:\/\/www.paysagesrossignol.com\/en\/wp-json\/wp\/v2\/product\/10731"}],"collection":[{"href":"https:\/\/www.paysagesrossignol.com\/en\/wp-json\/wp\/v2\/product"}],"about":[{"href":"https:\/\/www.paysagesrossignol.com\/en\/wp-json\/wp\/v2\/types\/product"}],"wp:featuredmedia":[{"embeddable":true,"href":"https:\/\/www.paysagesrossignol.com\/en\/wp-json\/wp\/v2\/media\/29537"}],"wp:attachment":[{"href":"https:\/\/www.paysagesrossignol.com\/en\/wp-json\/wp\/v2\/media?parent=10731"}],"wp:term":[{"taxonomy":"product_cat","embeddable":true,"href":"https:\/\/www.paysagesrossignol.com\/en\/wp-json\/wp\/v2\/product_cat?post=10731"},{"taxonomy":"product_tag","embeddable":true,"href":"https:\/\/www.paysagesrossignol.com\/en\/wp-json\/wp\/v2\/product_tag?post=10731"}],"curies":[{"name":"wp","href":"https:\/\/api.w.org\/{rel}","templated":true}]}}