{"id":10734,"date":"2026-03-11T00:00:23","date_gmt":"2026-03-11T04:00:23","guid":{"rendered":"https:\/\/www.paysagesrossignol.com\/produit\/pommetier-decoratif-prairie-fire\/"},"modified":"2026-03-27T14:42:55","modified_gmt":"2026-03-27T18:42:55","slug":"pommetier-decoratif-prairie-fire","status":"publish","type":"product","link":"https:\/\/www.paysagesrossignol.com\/en\/produit\/pommetier-decoratif-prairie-fire\/","title":{"rendered":"Pommetier d\u00e9coratif Prairie Fire"},"content":{"rendered":"<h1><strong>Voir disponibilit\u00e9 en magasin<\/strong><\/h1>\n<h3><strong>Nom latin : Malus Prairie Fire<\/strong><\/h3>\n<p>Pommetier ornemental tr\u00e8s populaire pour sa <strong data-start=\"183\" data-end=\"218\">floraison rose vif au printemps<\/strong>, ses <strong data-start=\"224\" data-end=\"263\">fruits rouges d\u00e9coratifs en automne<\/strong> et son <strong data-start=\"271\" data-end=\"298\">port arrondi et compact<\/strong>. Tr\u00e8s tol\u00e9rant aux <strong data-start=\"318\" data-end=\"360\">conditions urbaines et aux sols vari\u00e9s<\/strong>, il est parfait pour les <strong data-start=\"386\" data-end=\"431\">jardins, parcs et am\u00e9nagements d\u00e9coratifs<\/strong>.<\/p>\n<h3 data-section-id=\"fo4qqk\" data-start=\"439\" data-end=\"462\">Caract\u00e9ristiques<\/h3>\n<ul data-start=\"464\" data-end=\"728\">\n<li data-section-id=\"xq448n\" data-start=\"464\" data-end=\"489\"><strong data-start=\"466\" data-end=\"479\">Hauteur :<\/strong> 4 \u00e0 6 m<\/li>\n<li data-section-id=\"zm9ohv\" data-start=\"490\" data-end=\"515\"><strong data-start=\"492\" data-end=\"505\">Largeur :<\/strong> 3 \u00e0 5 m<\/li>\n<li data-section-id=\"1fqa3rr\" data-start=\"516\" data-end=\"544\"><strong data-start=\"518\" data-end=\"534\">Croissance :<\/strong> Moyenne<\/li>\n<li data-section-id=\"1rtnc6\" data-start=\"546\" data-end=\"573\"><strong data-start=\"548\" data-end=\"564\">Exposition :<\/strong> Soleil<\/li>\n<li data-section-id=\"1dlcepw\" data-start=\"574\" data-end=\"634\"><strong data-start=\"576\" data-end=\"585\">Sol :<\/strong> Adaptable, tol\u00e8re sols urbains et bien drain\u00e9s<\/li>\n<li data-section-id=\"13iiokc\" data-start=\"635\" data-end=\"653\"><strong data-start=\"637\" data-end=\"647\">Zone :<\/strong> 4\u20137<\/li>\n<li data-section-id=\"irk0qz\" data-start=\"655\" data-end=\"685\"><strong data-start=\"657\" data-end=\"672\">Feuillage :<\/strong> Vert moyen<\/li>\n<li data-section-id=\"1jfjilk\" data-start=\"686\" data-end=\"728\"><strong data-start=\"688\" data-end=\"711\">Couleur automnale :<\/strong> Jaune \u00e0 orang\u00e9<\/li>\n<\/ul>\n","protected":false},"excerpt":{"rendered":"<p>Voir disponibilit\u00e9 en magasin Nom latin : Malus Prairie Fire Pommetier ornemental tr\u00e8s populaire pour sa floraison rose vif au printemps, ses fruits rouges d\u00e9coratifs en automne et son port arrondi et compact. Tr\u00e8s tol\u00e9rant aux conditions urbaines et aux sols vari\u00e9s, il est parfait pour les jardins, parcs et am\u00e9nagements d\u00e9coratifs. Caract\u00e9ristiques Hauteur : [&hellip;]<\/p>\n","protected":false},"featured_media":29537,"template":"","meta":[],"product_cat":[86],"product_tag":[],"acf":[],"_links":{"self":[{"href":"https:\/\/www.paysagesrossignol.com\/en\/wp-json\/wp\/v2\/product\/10734"}],"collection":[{"href":"https:\/\/www.paysagesrossignol.com\/en\/wp-json\/wp\/v2\/product"}],"about":[{"href":"https:\/\/www.paysagesrossignol.com\/en\/wp-json\/wp\/v2\/types\/product"}],"wp:featuredmedia":[{"embeddable":true,"href":"https:\/\/www.paysagesrossignol.com\/en\/wp-json\/wp\/v2\/media\/29537"}],"wp:attachment":[{"href":"https:\/\/www.paysagesrossignol.com\/en\/wp-json\/wp\/v2\/media?parent=10734"}],"wp:term":[{"taxonomy":"product_cat","embeddable":true,"href":"https:\/\/www.paysagesrossignol.com\/en\/wp-json\/wp\/v2\/product_cat?post=10734"},{"taxonomy":"product_tag","embeddable":true,"href":"https:\/\/www.paysagesrossignol.com\/en\/wp-json\/wp\/v2\/product_tag?post=10734"}],"curies":[{"name":"wp","href":"https:\/\/api.w.org\/{rel}","templated":true}]}}