{"id":12049,"date":"2026-03-11T00:00:06","date_gmt":"2026-03-11T04:00:06","guid":{"rendered":"https:\/\/www.paysagesrossignol.com\/produit\/arbre-aux-quarante-ecus-2\/"},"modified":"2026-03-27T13:38:36","modified_gmt":"2026-03-27T17:38:36","slug":"arbre-aux-quarante-ecus-2","status":"publish","type":"product","link":"https:\/\/www.paysagesrossignol.com\/en\/produit\/arbre-aux-quarante-ecus-2\/","title":{"rendered":"Arbre aux quarante \u00e9cus Magyar"},"content":{"rendered":"<h1>Voir disponibilit\u00e9 en magasin<\/h1>\n<h3>Nom Latin : Ginkgo Biloba Magyar<\/h3>\n<p data-start=\"150\" data-end=\"481\">S\u00e9lection de ginkgo \u00e0 <strong data-start=\"172\" data-end=\"199\">port \u00e9troit et r\u00e9gulier<\/strong>, \u2018Magyar\u2019 est appr\u00e9ci\u00e9 pour sa <strong data-start=\"231\" data-end=\"265\">croissance relativement rapide<\/strong>, sa <strong data-start=\"270\" data-end=\"290\">forme structur\u00e9e<\/strong> et sa <strong data-start=\"297\" data-end=\"342\">grande r\u00e9sistance aux conditions urbaines<\/strong>. Comme les autres ginkgos m\u00e2les, il est <strong data-start=\"383\" data-end=\"398\">sans fruits<\/strong>, ce qui le rend id\u00e9al pour les <strong data-start=\"430\" data-end=\"480\">rues, stationnements et petits espaces urbains<\/strong>.<\/p>\n<h3 data-section-id=\"fo4qqk\" data-start=\"488\" data-end=\"511\">Caract\u00e9ristiques<\/h3>\n<ul data-start=\"513\" data-end=\"808\">\n<li data-section-id=\"1ori8cy\" data-start=\"513\" data-end=\"540\"><strong data-start=\"515\" data-end=\"528\">Hauteur :<\/strong> 12 \u00e0 15 m<\/li>\n<li data-section-id=\"18ecguf\" data-start=\"541\" data-end=\"566\"><strong data-start=\"543\" data-end=\"556\">Largeur :<\/strong> 4 \u00e0 6 m<\/li>\n<li data-section-id=\"11qi670\" data-start=\"567\" data-end=\"604\"><strong data-start=\"569\" data-end=\"585\">Croissance :<\/strong> Moyenne \u00e0 rapide<\/li>\n<li data-section-id=\"1rtnc6\" data-start=\"606\" data-end=\"633\"><strong data-start=\"608\" data-end=\"624\">Exposition :<\/strong> Soleil<\/li>\n<li data-section-id=\"1v2ogst\" data-start=\"634\" data-end=\"701\"><strong data-start=\"636\" data-end=\"645\">Sol :<\/strong> Tr\u00e8s adaptable, tol\u00e8re sols urbains, compacts et secs<\/li>\n<li data-section-id=\"13iifdf\" data-start=\"702\" data-end=\"720\"><strong data-start=\"704\" data-end=\"714\">Zone :<\/strong> 4\u20138<\/li>\n<li data-section-id=\"r9py5p\" data-start=\"722\" data-end=\"765\"><strong data-start=\"724\" data-end=\"739\">Feuillage :<\/strong> Vert clair, en \u00e9ventail<\/li>\n<li data-section-id=\"6t32gt\" data-start=\"766\" data-end=\"808\"><strong data-start=\"768\" data-end=\"791\">Couleur automnale :<\/strong> Jaune dor\u00e9 vif<\/li>\n<\/ul>\n<h1><\/h1>\n","protected":false},"excerpt":{"rendered":"<p>Voir disponibilit\u00e9 en magasin Nom Latin : Ginkgo Biloba Magyar S\u00e9lection de ginkgo \u00e0 port \u00e9troit et r\u00e9gulier, \u2018Magyar\u2019 est appr\u00e9ci\u00e9 pour sa croissance relativement rapide, sa forme structur\u00e9e et sa grande r\u00e9sistance aux conditions urbaines. Comme les autres ginkgos m\u00e2les, il est sans fruits, ce qui le rend id\u00e9al pour les rues, stationnements et [&hellip;]<\/p>\n","protected":false},"featured_media":29537,"template":"","meta":[],"product_cat":[86],"product_tag":[],"acf":[],"_links":{"self":[{"href":"https:\/\/www.paysagesrossignol.com\/en\/wp-json\/wp\/v2\/product\/12049"}],"collection":[{"href":"https:\/\/www.paysagesrossignol.com\/en\/wp-json\/wp\/v2\/product"}],"about":[{"href":"https:\/\/www.paysagesrossignol.com\/en\/wp-json\/wp\/v2\/types\/product"}],"wp:featuredmedia":[{"embeddable":true,"href":"https:\/\/www.paysagesrossignol.com\/en\/wp-json\/wp\/v2\/media\/29537"}],"wp:attachment":[{"href":"https:\/\/www.paysagesrossignol.com\/en\/wp-json\/wp\/v2\/media?parent=12049"}],"wp:term":[{"taxonomy":"product_cat","embeddable":true,"href":"https:\/\/www.paysagesrossignol.com\/en\/wp-json\/wp\/v2\/product_cat?post=12049"},{"taxonomy":"product_tag","embeddable":true,"href":"https:\/\/www.paysagesrossignol.com\/en\/wp-json\/wp\/v2\/product_tag?post=12049"}],"curies":[{"name":"wp","href":"https:\/\/api.w.org\/{rel}","templated":true}]}}