{"id":12679,"date":"2024-02-28T00:00:02","date_gmt":"2024-02-28T05:00:02","guid":{"rendered":"https:\/\/www.paysagesrossignol.com\/produit\/cedre-pour-haie-2\/"},"modified":"2025-10-20T11:11:27","modified_gmt":"2025-10-20T15:11:27","slug":"cedre-pour-haie-2","status":"publish","type":"product","link":"https:\/\/www.paysagesrossignol.com\/en\/produit\/cedre-pour-haie-2\/","title":{"rendered":"C\u00e8dres \u00e0 Haie"},"content":{"rendered":"<h1>Voir disponibilit\u00e9 en magasin<\/h1>\n<h3>Nom Latin : Thuya Occidentalis Nigra<\/h3>\n<p>C\u00e8dres \u00e0 haie cultiv\u00e9s en pot<br \/>\nPlantez les c\u00e8dres tous les 60 cm (2 pieds)<\/p>\n<p>&nbsp;<\/p>\n","protected":false},"excerpt":{"rendered":"<p>Voir disponibilit\u00e9 en magasin Nom Latin : Thuya Occidentalis Nigra C\u00e8dres \u00e0 haie cultiv\u00e9s en pot Plantez les c\u00e8dres tous les 60 cm (2 pieds) &nbsp;<\/p>\n","protected":false},"featured_media":28035,"template":"","meta":[],"product_cat":[88],"product_tag":[],"acf":[],"_links":{"self":[{"href":"https:\/\/www.paysagesrossignol.com\/en\/wp-json\/wp\/v2\/product\/12679"}],"collection":[{"href":"https:\/\/www.paysagesrossignol.com\/en\/wp-json\/wp\/v2\/product"}],"about":[{"href":"https:\/\/www.paysagesrossignol.com\/en\/wp-json\/wp\/v2\/types\/product"}],"wp:featuredmedia":[{"embeddable":true,"href":"https:\/\/www.paysagesrossignol.com\/en\/wp-json\/wp\/v2\/media\/28035"}],"wp:attachment":[{"href":"https:\/\/www.paysagesrossignol.com\/en\/wp-json\/wp\/v2\/media?parent=12679"}],"wp:term":[{"taxonomy":"product_cat","embeddable":true,"href":"https:\/\/www.paysagesrossignol.com\/en\/wp-json\/wp\/v2\/product_cat?post=12679"},{"taxonomy":"product_tag","embeddable":true,"href":"https:\/\/www.paysagesrossignol.com\/en\/wp-json\/wp\/v2\/product_tag?post=12679"}],"curies":[{"name":"wp","href":"https:\/\/api.w.org\/{rel}","templated":true}]}}