{"id":12771,"date":"2026-03-10T00:00:42","date_gmt":"2026-03-10T04:00:42","guid":{"rendered":"https:\/\/www.paysagesrossignol.com\/produit\/tournesol-velvet-queen\/"},"modified":"2026-03-12T14:53:52","modified_gmt":"2026-03-12T18:53:52","slug":"tournesol-velvet-queen","status":"publish","type":"product","link":"https:\/\/www.paysagesrossignol.com\/en\/produit\/tournesol-velvet-queen\/","title":{"rendered":"Tournesol Velvet Queen"},"content":{"rendered":"<h1>Voir disponibilit\u00e9 en magasin<\/h1>\n<p>Est une vari\u00e9t\u00e9 branch\u00e9e, h\u00e2tive qui donne de belles fleurs velout\u00e9es, tachet\u00e9es de jaune or et de jaune franc. On les s\u00e8me en rang\u00e9es ou en groupes de trois ou quatre. ld\u00e9al comme coupe-vent. Annuelle. Helianthus annuus<\/p>\n<p>65-70 jours \u00e0 la floraison<\/p>\n<p>McKenzie<\/p>\n","protected":false},"excerpt":{"rendered":"<p>Voir disponibilit\u00e9 en magasin Est une vari\u00e9t\u00e9 branch\u00e9e, h\u00e2tive qui donne de belles fleurs velout\u00e9es, tachet\u00e9es de jaune or et de jaune franc. On les s\u00e8me en rang\u00e9es ou en groupes de trois ou quatre. ld\u00e9al comme coupe-vent. Annuelle. Helianthus annuus 65-70 jours \u00e0 la floraison McKenzie<\/p>\n","protected":false},"featured_media":23055,"template":"","meta":[],"product_cat":[124],"product_tag":[],"acf":[],"_links":{"self":[{"href":"https:\/\/www.paysagesrossignol.com\/en\/wp-json\/wp\/v2\/product\/12771"}],"collection":[{"href":"https:\/\/www.paysagesrossignol.com\/en\/wp-json\/wp\/v2\/product"}],"about":[{"href":"https:\/\/www.paysagesrossignol.com\/en\/wp-json\/wp\/v2\/types\/product"}],"wp:featuredmedia":[{"embeddable":true,"href":"https:\/\/www.paysagesrossignol.com\/en\/wp-json\/wp\/v2\/media\/23055"}],"wp:attachment":[{"href":"https:\/\/www.paysagesrossignol.com\/en\/wp-json\/wp\/v2\/media?parent=12771"}],"wp:term":[{"taxonomy":"product_cat","embeddable":true,"href":"https:\/\/www.paysagesrossignol.com\/en\/wp-json\/wp\/v2\/product_cat?post=12771"},{"taxonomy":"product_tag","embeddable":true,"href":"https:\/\/www.paysagesrossignol.com\/en\/wp-json\/wp\/v2\/product_tag?post=12771"}],"curies":[{"name":"wp","href":"https:\/\/api.w.org\/{rel}","templated":true}]}}