{"id":12788,"date":"2026-03-10T00:00:51","date_gmt":"2026-03-10T04:00:51","guid":{"rendered":"https:\/\/www.paysagesrossignol.com\/produit\/pensee-show-swiss-giant\/"},"modified":"2026-03-12T14:40:24","modified_gmt":"2026-03-12T18:40:24","slug":"pensee-show-swiss-giant","status":"publish","type":"product","link":"https:\/\/www.paysagesrossignol.com\/en\/produit\/pensee-show-swiss-giant\/","title":{"rendered":"Pens\u00e9e Show Swiss Giant"},"content":{"rendered":"<h1>Voir\u00a0disponibilit\u00e9 en magasin<\/h1>\n<p>Les grosses fleurs de 5-10 cm (2-4&#8243;) de diam\u00e8tre de cette pens\u00e9e arborent une vaste \u00e9tendue de couleurs flamboyantes aux tons de jaune rouge, bleu fonc\u00e9, blanc et violette. Des fleurs riches en textures parmi un feuillage dense. Excellent choix pour la bordure. H\u00e9ritage. Annuelle robuste. Viola Wittrockiania<\/p>\n<p>70-80 jours \u00e0 la floraison<\/p>\n<p>McKenzie<\/p>\n","protected":false},"excerpt":{"rendered":"<p>Voir\u00a0disponibilit\u00e9 en magasin Les grosses fleurs de 5-10 cm (2-4&#8243;) de diam\u00e8tre de cette pens\u00e9e arborent une vaste \u00e9tendue de couleurs flamboyantes aux tons de jaune rouge, bleu fonc\u00e9, blanc et violette. Des fleurs riches en textures parmi un feuillage dense. Excellent choix pour la bordure. H\u00e9ritage. Annuelle robuste. Viola Wittrockiania 70-80 jours \u00e0 la [&hellip;]<\/p>\n","protected":false},"featured_media":23744,"template":"","meta":[],"product_cat":[124],"product_tag":[],"acf":[],"_links":{"self":[{"href":"https:\/\/www.paysagesrossignol.com\/en\/wp-json\/wp\/v2\/product\/12788"}],"collection":[{"href":"https:\/\/www.paysagesrossignol.com\/en\/wp-json\/wp\/v2\/product"}],"about":[{"href":"https:\/\/www.paysagesrossignol.com\/en\/wp-json\/wp\/v2\/types\/product"}],"wp:featuredmedia":[{"embeddable":true,"href":"https:\/\/www.paysagesrossignol.com\/en\/wp-json\/wp\/v2\/media\/23744"}],"wp:attachment":[{"href":"https:\/\/www.paysagesrossignol.com\/en\/wp-json\/wp\/v2\/media?parent=12788"}],"wp:term":[{"taxonomy":"product_cat","embeddable":true,"href":"https:\/\/www.paysagesrossignol.com\/en\/wp-json\/wp\/v2\/product_cat?post=12788"},{"taxonomy":"product_tag","embeddable":true,"href":"https:\/\/www.paysagesrossignol.com\/en\/wp-json\/wp\/v2\/product_tag?post=12788"}],"curies":[{"name":"wp","href":"https:\/\/api.w.org\/{rel}","templated":true}]}}