{"id":12790,"date":"2026-03-10T00:00:51","date_gmt":"2026-03-10T04:00:51","guid":{"rendered":"https:\/\/www.paysagesrossignol.com\/produit\/pois-green-arrow\/"},"modified":"2026-03-10T14:51:36","modified_gmt":"2026-03-10T18:51:36","slug":"pois-green-arrow","status":"publish","type":"product","link":"https:\/\/www.paysagesrossignol.com\/en\/produit\/pois-green-arrow\/","title":{"rendered":"Pois Green Arrow"},"content":{"rendered":"<h1>Voir disponibilit\u00e9 en magasin<\/h1>\n<p>De tr\u00e8s bonnes r\u00e9coltes avec une saveur hors de l&#8217;ordinaire. Chaque cosse porte jusqu&#8217;\u00e0 11 petits pois et mesure 10 cm (4&#8243;) de long. Elles sont regroup\u00e9es deux par deux \u00e0 l&#8217;extr\u00e9mit\u00e9 des tiges, ce qui facilite la r\u00e9colte. R\u00e9sistantes aux maladies. Mais exigent un tuteur. Faites des semis successifs \u00e0 toutes les deux semaines jusqu&#8217;\u00e0 la mi-juin pour une saison de r\u00e9colte prolong\u00e9e. Hauteur de la plante: 66-75 cm (24-30&#8243;)<\/p>\n<p>58-63 jours \u00e0 la r\u00e9colte<\/p>\n<p>McKenzie<\/p>\n<p>&nbsp;<\/p>\n","protected":false},"excerpt":{"rendered":"<p>Voir disponibilit\u00e9 en magasin De tr\u00e8s bonnes r\u00e9coltes avec une saveur hors de l&#8217;ordinaire. Chaque cosse porte jusqu&#8217;\u00e0 11 petits pois et mesure 10 cm (4&#8243;) de long. Elles sont regroup\u00e9es deux par deux \u00e0 l&#8217;extr\u00e9mit\u00e9 des tiges, ce qui facilite la r\u00e9colte. R\u00e9sistantes aux maladies. Mais exigent un tuteur. Faites des semis successifs \u00e0 [&hellip;]<\/p>\n","protected":false},"featured_media":23206,"template":"","meta":[],"product_cat":[125],"product_tag":[],"acf":[],"_links":{"self":[{"href":"https:\/\/www.paysagesrossignol.com\/en\/wp-json\/wp\/v2\/product\/12790"}],"collection":[{"href":"https:\/\/www.paysagesrossignol.com\/en\/wp-json\/wp\/v2\/product"}],"about":[{"href":"https:\/\/www.paysagesrossignol.com\/en\/wp-json\/wp\/v2\/types\/product"}],"wp:featuredmedia":[{"embeddable":true,"href":"https:\/\/www.paysagesrossignol.com\/en\/wp-json\/wp\/v2\/media\/23206"}],"wp:attachment":[{"href":"https:\/\/www.paysagesrossignol.com\/en\/wp-json\/wp\/v2\/media?parent=12790"}],"wp:term":[{"taxonomy":"product_cat","embeddable":true,"href":"https:\/\/www.paysagesrossignol.com\/en\/wp-json\/wp\/v2\/product_cat?post=12790"},{"taxonomy":"product_tag","embeddable":true,"href":"https:\/\/www.paysagesrossignol.com\/en\/wp-json\/wp\/v2\/product_tag?post=12790"}],"curies":[{"name":"wp","href":"https:\/\/api.w.org\/{rel}","templated":true}]}}