{"id":12806,"date":"2026-03-10T00:00:58","date_gmt":"2026-03-10T04:00:58","guid":{"rendered":"https:\/\/www.paysagesrossignol.com\/produit\/laitue-early-curled-simpson\/"},"modified":"2026-03-10T16:52:40","modified_gmt":"2026-03-10T20:52:40","slug":"laitue-early-curled-simpson","status":"publish","type":"product","link":"https:\/\/www.paysagesrossignol.com\/en\/produit\/laitue-early-curled-simpson\/","title":{"rendered":"Laitue Early Curled Simpson"},"content":{"rendered":"<h1>Voir disponibilit\u00e9 en magasin<\/h1>\n<p>Une laitue fris\u00e9e tr\u00e8s populaire. Grosse, compacte, de couleur vert p\u00e2le. La forme, la bordure et la couleur des feuilles varient, cr\u00e9ant une rosette compacte. Cro\u00eet mieux par temps frais. La laitue fris\u00e9e tol\u00e8re mieux la chaleur que les autres laitues.<\/p>\n<p>45 jours \u00e0 la r\u00e9colte<\/p>\n<p>McKenzie<\/p>\n","protected":false},"excerpt":{"rendered":"<p>Voir disponibilit\u00e9 en magasin Une laitue fris\u00e9e tr\u00e8s populaire. Grosse, compacte, de couleur vert p\u00e2le. La forme, la bordure et la couleur des feuilles varient, cr\u00e9ant une rosette compacte. Cro\u00eet mieux par temps frais. La laitue fris\u00e9e tol\u00e8re mieux la chaleur que les autres laitues. 45 jours \u00e0 la r\u00e9colte McKenzie<\/p>\n","protected":false},"featured_media":23525,"template":"","meta":[],"product_cat":[125],"product_tag":[],"acf":[],"_links":{"self":[{"href":"https:\/\/www.paysagesrossignol.com\/en\/wp-json\/wp\/v2\/product\/12806"}],"collection":[{"href":"https:\/\/www.paysagesrossignol.com\/en\/wp-json\/wp\/v2\/product"}],"about":[{"href":"https:\/\/www.paysagesrossignol.com\/en\/wp-json\/wp\/v2\/types\/product"}],"wp:featuredmedia":[{"embeddable":true,"href":"https:\/\/www.paysagesrossignol.com\/en\/wp-json\/wp\/v2\/media\/23525"}],"wp:attachment":[{"href":"https:\/\/www.paysagesrossignol.com\/en\/wp-json\/wp\/v2\/media?parent=12806"}],"wp:term":[{"taxonomy":"product_cat","embeddable":true,"href":"https:\/\/www.paysagesrossignol.com\/en\/wp-json\/wp\/v2\/product_cat?post=12806"},{"taxonomy":"product_tag","embeddable":true,"href":"https:\/\/www.paysagesrossignol.com\/en\/wp-json\/wp\/v2\/product_tag?post=12806"}],"curies":[{"name":"wp","href":"https:\/\/api.w.org\/{rel}","templated":true}]}}