{"id":12810,"date":"2026-03-10T00:00:58","date_gmt":"2026-03-10T04:00:58","guid":{"rendered":"https:\/\/www.paysagesrossignol.com\/produit\/pois-sugar-sprint\/"},"modified":"2026-03-12T12:58:14","modified_gmt":"2026-03-12T16:58:14","slug":"pois-sugar-sprint","status":"publish","type":"product","link":"https:\/\/www.paysagesrossignol.com\/en\/produit\/pois-sugar-sprint\/","title":{"rendered":"Pois Sugar Sprint (Cosse Comestible)"},"content":{"rendered":"<h1>Voir disponibilit\u00e9 en magasin<\/h1>\n<p>Une croissance sans tuteur (type &#8220;buisson&#8221;), qui r\u00e9siste au fl\u00e9trissement et a la capacit\u00e9 de cro\u00eetre dans les endroits restreints ou en contenant. Les cosses sont particuli\u00e8rement d\u00e9licieuses. Parfait lorsque servi frais du jardin, cuit \u00e0 la vapeur ou au wok. Hauteur de la plante: 65 cm (26&#8243;)<\/p>\n<p>58-62 jours \u00e0 la r\u00e9colte<\/p>\n<p>McKenzie<\/p>\n","protected":false},"excerpt":{"rendered":"<p>Voir disponibilit\u00e9 en magasin Une croissance sans tuteur (type &#8220;buisson&#8221;), qui r\u00e9siste au fl\u00e9trissement et a la capacit\u00e9 de cro\u00eetre dans les endroits restreints ou en contenant. Les cosses sont particuli\u00e8rement d\u00e9licieuses. Parfait lorsque servi frais du jardin, cuit \u00e0 la vapeur ou au wok. Hauteur de la plante: 65 cm (26&#8243;) 58-62 jours \u00e0 [&hellip;]<\/p>\n","protected":false},"featured_media":23707,"template":"","meta":[],"product_cat":[125],"product_tag":[],"acf":[],"_links":{"self":[{"href":"https:\/\/www.paysagesrossignol.com\/en\/wp-json\/wp\/v2\/product\/12810"}],"collection":[{"href":"https:\/\/www.paysagesrossignol.com\/en\/wp-json\/wp\/v2\/product"}],"about":[{"href":"https:\/\/www.paysagesrossignol.com\/en\/wp-json\/wp\/v2\/types\/product"}],"wp:featuredmedia":[{"embeddable":true,"href":"https:\/\/www.paysagesrossignol.com\/en\/wp-json\/wp\/v2\/media\/23707"}],"wp:attachment":[{"href":"https:\/\/www.paysagesrossignol.com\/en\/wp-json\/wp\/v2\/media?parent=12810"}],"wp:term":[{"taxonomy":"product_cat","embeddable":true,"href":"https:\/\/www.paysagesrossignol.com\/en\/wp-json\/wp\/v2\/product_cat?post=12810"},{"taxonomy":"product_tag","embeddable":true,"href":"https:\/\/www.paysagesrossignol.com\/en\/wp-json\/wp\/v2\/product_tag?post=12810"}],"curies":[{"name":"wp","href":"https:\/\/api.w.org\/{rel}","templated":true}]}}