{"id":12813,"date":"2026-03-10T00:00:58","date_gmt":"2026-03-10T04:00:58","guid":{"rendered":"https:\/\/www.paysagesrossignol.com\/produit\/tournesol-large-seeded-tall\/"},"modified":"2026-03-12T14:45:56","modified_gmt":"2026-03-12T18:45:56","slug":"tournesol-large-seeded-tall","status":"publish","type":"product","link":"https:\/\/www.paysagesrossignol.com\/en\/produit\/tournesol-large-seeded-tall\/","title":{"rendered":"Tournesol Large Seeded Tall"},"content":{"rendered":"<h1>Voir disponibilit\u00e9 en magasin<\/h1>\n<p>D&#8217;\u00e9normes et spectaculaires fleurs dor\u00e9es &#8211; des tournesols typiques &#8211; de 30 cm (12&#8243;) de diam\u00e8tre support\u00e9es par des tiges robustes. Tr\u00e8s facile et satisfaisant \u00e0 cultiver. Les grosses graines sont particuli\u00e8rement utiles pour nourrir les oiseaux et sont d\u00e9licieuses pour la consommation humaine, surtout une fois r\u00f4ties. Les tournesols conviennent \u00e0 l&#8217;arri\u00e8re-plan de la plate-bande et peuvent exiger un tuteur. Bien arroser. Une vari\u00e9t\u00e9 nonbranchue. Annuelle. Helianthus\u00a0Annuus<\/p>\n<p>75-90 jours \u00e0 la floraison<\/p>\n<p>McKenzie<\/p>\n","protected":false},"excerpt":{"rendered":"<p>Voir disponibilit\u00e9 en magasin D&#8217;\u00e9normes et spectaculaires fleurs dor\u00e9es &#8211; des tournesols typiques &#8211; de 30 cm (12&#8243;) de diam\u00e8tre support\u00e9es par des tiges robustes. Tr\u00e8s facile et satisfaisant \u00e0 cultiver. Les grosses graines sont particuli\u00e8rement utiles pour nourrir les oiseaux et sont d\u00e9licieuses pour la consommation humaine, surtout une fois r\u00f4ties. Les tournesols conviennent [&hellip;]<\/p>\n","protected":false},"featured_media":23057,"template":"","meta":[],"product_cat":[124],"product_tag":[],"acf":[],"_links":{"self":[{"href":"https:\/\/www.paysagesrossignol.com\/en\/wp-json\/wp\/v2\/product\/12813"}],"collection":[{"href":"https:\/\/www.paysagesrossignol.com\/en\/wp-json\/wp\/v2\/product"}],"about":[{"href":"https:\/\/www.paysagesrossignol.com\/en\/wp-json\/wp\/v2\/types\/product"}],"wp:featuredmedia":[{"embeddable":true,"href":"https:\/\/www.paysagesrossignol.com\/en\/wp-json\/wp\/v2\/media\/23057"}],"wp:attachment":[{"href":"https:\/\/www.paysagesrossignol.com\/en\/wp-json\/wp\/v2\/media?parent=12813"}],"wp:term":[{"taxonomy":"product_cat","embeddable":true,"href":"https:\/\/www.paysagesrossignol.com\/en\/wp-json\/wp\/v2\/product_cat?post=12813"},{"taxonomy":"product_tag","embeddable":true,"href":"https:\/\/www.paysagesrossignol.com\/en\/wp-json\/wp\/v2\/product_tag?post=12813"}],"curies":[{"name":"wp","href":"https:\/\/api.w.org\/{rel}","templated":true}]}}