{"id":12816,"date":"2026-03-10T00:00:58","date_gmt":"2026-03-10T04:00:58","guid":{"rendered":"https:\/\/www.paysagesrossignol.com\/produit\/concombre-national-pickling-ruban\/"},"modified":"2026-03-12T11:46:33","modified_gmt":"2026-03-12T15:46:33","slug":"concombre-national-pickling-ruban","status":"publish","type":"product","link":"https:\/\/www.paysagesrossignol.com\/en\/produit\/concombre-national-pickling-ruban\/","title":{"rendered":"Concombre National Pickling Ruban"},"content":{"rendered":"<h1>Voir disponibilit\u00e9 en magasin<\/h1>\n<p>Une vari\u00e9t\u00e9 \u00e9prouv\u00e9e. Produit des concombres abondants et de haute qualit\u00e9 de 15 cm (6&#8243;) de long, cylindriques et vert fonc\u00e9. \u00c0 \u00e9pines noires.<\/p>\n<p>55 jours \u00e0 la r\u00e9colte<\/p>\n<p>McKenzie<\/p>\n","protected":false},"excerpt":{"rendered":"<p>Voir disponibilit\u00e9 en magasin Une vari\u00e9t\u00e9 \u00e9prouv\u00e9e. Produit des concombres abondants et de haute qualit\u00e9 de 15 cm (6&#8243;) de long, cylindriques et vert fonc\u00e9. \u00c0 \u00e9pines noires. 55 jours \u00e0 la r\u00e9colte McKenzie<\/p>\n","protected":false},"featured_media":23911,"template":"","meta":[],"product_cat":[125],"product_tag":[],"acf":[],"_links":{"self":[{"href":"https:\/\/www.paysagesrossignol.com\/en\/wp-json\/wp\/v2\/product\/12816"}],"collection":[{"href":"https:\/\/www.paysagesrossignol.com\/en\/wp-json\/wp\/v2\/product"}],"about":[{"href":"https:\/\/www.paysagesrossignol.com\/en\/wp-json\/wp\/v2\/types\/product"}],"wp:featuredmedia":[{"embeddable":true,"href":"https:\/\/www.paysagesrossignol.com\/en\/wp-json\/wp\/v2\/media\/23911"}],"wp:attachment":[{"href":"https:\/\/www.paysagesrossignol.com\/en\/wp-json\/wp\/v2\/media?parent=12816"}],"wp:term":[{"taxonomy":"product_cat","embeddable":true,"href":"https:\/\/www.paysagesrossignol.com\/en\/wp-json\/wp\/v2\/product_cat?post=12816"},{"taxonomy":"product_tag","embeddable":true,"href":"https:\/\/www.paysagesrossignol.com\/en\/wp-json\/wp\/v2\/product_tag?post=12816"}],"curies":[{"name":"wp","href":"https:\/\/api.w.org\/{rel}","templated":true}]}}