{"id":12818,"date":"2026-03-10T00:00:03","date_gmt":"2026-03-10T04:00:03","guid":{"rendered":"https:\/\/www.paysagesrossignol.com\/produit\/zucchini-dark-green\/"},"modified":"2026-03-10T14:54:32","modified_gmt":"2026-03-10T18:54:32","slug":"zucchini-dark-green","status":"publish","type":"product","link":"https:\/\/www.paysagesrossignol.com\/en\/produit\/zucchini-dark-green\/","title":{"rendered":"Zucchini Dark Green"},"content":{"rendered":"<h1>Voir disponibilit\u00e9 en magasin<\/h1>\n<p>Une courge particuli\u00e8rement populaire et polyvalente. Tr\u00e8s facile \u00e0 cultiver. Fruit cylindrique de 15-18 cm (6-7&#8243;) de longueur. Chair blanc cr\u00e8me \u00e0 la fois ferme et savoureuse. D\u00e9licieux cru ou saut\u00e9. Pr\u00e9f\u00e8re un sol riche et bien drain\u00e9. Arrosez g\u00e9n\u00e9reusement en p\u00e9riode de s\u00e9cheresse.<\/p>\n<p>52 jours \u00e0 la r\u00e9colte<\/p>\n<p>McKenzie<\/p>\n","protected":false},"excerpt":{"rendered":"<p>Voir disponibilit\u00e9 en magasin Une courge particuli\u00e8rement populaire et polyvalente. Tr\u00e8s facile \u00e0 cultiver. Fruit cylindrique de 15-18 cm (6-7&#8243;) de longueur. Chair blanc cr\u00e8me \u00e0 la fois ferme et savoureuse. D\u00e9licieux cru ou saut\u00e9. Pr\u00e9f\u00e8re un sol riche et bien drain\u00e9. Arrosez g\u00e9n\u00e9reusement en p\u00e9riode de s\u00e9cheresse. 52 jours \u00e0 la r\u00e9colte McKenzie<\/p>\n","protected":false},"featured_media":23696,"template":"","meta":[],"product_cat":[125],"product_tag":[],"acf":[],"_links":{"self":[{"href":"https:\/\/www.paysagesrossignol.com\/en\/wp-json\/wp\/v2\/product\/12818"}],"collection":[{"href":"https:\/\/www.paysagesrossignol.com\/en\/wp-json\/wp\/v2\/product"}],"about":[{"href":"https:\/\/www.paysagesrossignol.com\/en\/wp-json\/wp\/v2\/types\/product"}],"wp:featuredmedia":[{"embeddable":true,"href":"https:\/\/www.paysagesrossignol.com\/en\/wp-json\/wp\/v2\/media\/23696"}],"wp:attachment":[{"href":"https:\/\/www.paysagesrossignol.com\/en\/wp-json\/wp\/v2\/media?parent=12818"}],"wp:term":[{"taxonomy":"product_cat","embeddable":true,"href":"https:\/\/www.paysagesrossignol.com\/en\/wp-json\/wp\/v2\/product_cat?post=12818"},{"taxonomy":"product_tag","embeddable":true,"href":"https:\/\/www.paysagesrossignol.com\/en\/wp-json\/wp\/v2\/product_tag?post=12818"}],"curies":[{"name":"wp","href":"https:\/\/api.w.org\/{rel}","templated":true}]}}