{"id":12845,"date":"2026-03-10T00:00:10","date_gmt":"2026-03-10T04:00:10","guid":{"rendered":"https:\/\/www.paysagesrossignol.com\/produit\/chou-de-bruxelles-catskill\/"},"modified":"2026-03-12T12:14:32","modified_gmt":"2026-03-12T16:14:32","slug":"chou-de-bruxelles-catskill","status":"publish","type":"product","link":"https:\/\/www.paysagesrossignol.com\/en\/produit\/chou-de-bruxelles-catskill\/","title":{"rendered":"Chou de Bruxelles Catskill"},"content":{"rendered":"<h1>Voir disponibilit\u00e9 en magasin<\/h1>\n<p>Les nombreuses petites pommes de 2,5 \u00e0 5 cm (1 \u00e0 2&#8243;) de diam\u00e8tre ont un go\u00fbt ressemblant \u00e0 celui du chou et maturent par succession sur les grandes tiges. Facile \u00e0 r\u00e9colter. Faible teneur de calories. *apr\u00e8s la transplantation au jardin.<\/p>\n<p>*90 jours \u00e0 la r\u00e9colte<\/p>\n<p>McKenzie<\/p>\n","protected":false},"excerpt":{"rendered":"<p>Voir disponibilit\u00e9 en magasin Les nombreuses petites pommes de 2,5 \u00e0 5 cm (1 \u00e0 2&#8243;) de diam\u00e8tre ont un go\u00fbt ressemblant \u00e0 celui du chou et maturent par succession sur les grandes tiges. Facile \u00e0 r\u00e9colter. Faible teneur de calories. *apr\u00e8s la transplantation au jardin. *90 jours \u00e0 la r\u00e9colte McKenzie<\/p>\n","protected":false},"featured_media":28253,"template":"","meta":[],"product_cat":[125],"product_tag":[],"acf":[],"_links":{"self":[{"href":"https:\/\/www.paysagesrossignol.com\/en\/wp-json\/wp\/v2\/product\/12845"}],"collection":[{"href":"https:\/\/www.paysagesrossignol.com\/en\/wp-json\/wp\/v2\/product"}],"about":[{"href":"https:\/\/www.paysagesrossignol.com\/en\/wp-json\/wp\/v2\/types\/product"}],"wp:featuredmedia":[{"embeddable":true,"href":"https:\/\/www.paysagesrossignol.com\/en\/wp-json\/wp\/v2\/media\/28253"}],"wp:attachment":[{"href":"https:\/\/www.paysagesrossignol.com\/en\/wp-json\/wp\/v2\/media?parent=12845"}],"wp:term":[{"taxonomy":"product_cat","embeddable":true,"href":"https:\/\/www.paysagesrossignol.com\/en\/wp-json\/wp\/v2\/product_cat?post=12845"},{"taxonomy":"product_tag","embeddable":true,"href":"https:\/\/www.paysagesrossignol.com\/en\/wp-json\/wp\/v2\/product_tag?post=12845"}],"curies":[{"name":"wp","href":"https:\/\/api.w.org\/{rel}","templated":true}]}}