{"id":12853,"date":"2026-03-10T00:00:14","date_gmt":"2026-03-10T04:00:14","guid":{"rendered":"https:\/\/www.paysagesrossignol.com\/produit\/pois-des-neiges-snowflake-mckenzie\/"},"modified":"2026-03-12T12:57:09","modified_gmt":"2026-03-12T16:57:09","slug":"pois-des-neiges-snowflake-mckenzie","status":"publish","type":"product","link":"https:\/\/www.paysagesrossignol.com\/en\/produit\/pois-des-neiges-snowflake-mckenzie\/","title":{"rendered":"Pois des Neiges Snowflake"},"content":{"rendered":"<h1>Voir disponibilit\u00e9 en magasin<\/h1>\n<p>Le compl\u00e9ment id\u00e9al pour la cuisine au wok et un ajout exquis pour les salades fra\u00eeches. Cosses croquantes \u00e0 la saveur succulente et d\u00e9licate. Un sol bien drain\u00e9 et fertile convient mieux. Hauteur de la plante: 50-70 cm (22-28&#8243;)<\/p>\n<p>58-68 jours \u00e0 la r\u00e9colte<\/p>\n<p>McKenzie<\/p>\n<p>&nbsp;<\/p>\n<p>&nbsp;<\/p>\n","protected":false},"excerpt":{"rendered":"<p>Voir disponibilit\u00e9 en magasin Le compl\u00e9ment id\u00e9al pour la cuisine au wok et un ajout exquis pour les salades fra\u00eeches. Cosses croquantes \u00e0 la saveur succulente et d\u00e9licate. Un sol bien drain\u00e9 et fertile convient mieux. Hauteur de la plante: 50-70 cm (22-28&#8243;) 58-68 jours \u00e0 la r\u00e9colte McKenzie &nbsp; &nbsp;<\/p>\n","protected":false},"featured_media":23698,"template":"","meta":[],"product_cat":[125],"product_tag":[],"acf":[],"_links":{"self":[{"href":"https:\/\/www.paysagesrossignol.com\/en\/wp-json\/wp\/v2\/product\/12853"}],"collection":[{"href":"https:\/\/www.paysagesrossignol.com\/en\/wp-json\/wp\/v2\/product"}],"about":[{"href":"https:\/\/www.paysagesrossignol.com\/en\/wp-json\/wp\/v2\/types\/product"}],"wp:featuredmedia":[{"embeddable":true,"href":"https:\/\/www.paysagesrossignol.com\/en\/wp-json\/wp\/v2\/media\/23698"}],"wp:attachment":[{"href":"https:\/\/www.paysagesrossignol.com\/en\/wp-json\/wp\/v2\/media?parent=12853"}],"wp:term":[{"taxonomy":"product_cat","embeddable":true,"href":"https:\/\/www.paysagesrossignol.com\/en\/wp-json\/wp\/v2\/product_cat?post=12853"},{"taxonomy":"product_tag","embeddable":true,"href":"https:\/\/www.paysagesrossignol.com\/en\/wp-json\/wp\/v2\/product_tag?post=12853"}],"curies":[{"name":"wp","href":"https:\/\/api.w.org\/{rel}","templated":true}]}}