{"id":12856,"date":"2026-03-10T00:00:14","date_gmt":"2026-03-10T04:00:14","guid":{"rendered":"https:\/\/www.paysagesrossignol.com\/produit\/okra-clemson-spineless\/"},"modified":"2026-03-10T17:28:19","modified_gmt":"2026-03-10T21:28:19","slug":"okra-clemson-spineless","status":"publish","type":"product","link":"https:\/\/www.paysagesrossignol.com\/en\/produit\/okra-clemson-spineless\/","title":{"rendered":"Okra Clemson Spineless"},"content":{"rendered":"<h1>Voir disponibilit\u00e9 en magasin<\/h1>\n<p>Sa qualit\u00e9 exceptionnelle lui a permit de gagn\u00e9 le prix &#8216;All American Award&#8217;. Les cosses vertes de 15 \u00e0 17,5 cm (6 \u00e0 7&#8243;) sont droites, sans \u00e9pines et l\u00e9g\u00e8rement c\u00f4tel\u00e9es. Pour acc\u00e9l\u00e9rer la germination, faites tremper les semences dans l&#8217;eau ti\u00e8de pendant 24heures.<\/p>\n<p>56 jours \u00e0 la r\u00e9colte<\/p>\n<p>McKenzie<\/p>\n","protected":false},"excerpt":{"rendered":"<p>Voir disponibilit\u00e9 en magasin Sa qualit\u00e9 exceptionnelle lui a permit de gagn\u00e9 le prix &#8216;All American Award&#8217;. Les cosses vertes de 15 \u00e0 17,5 cm (6 \u00e0 7&#8243;) sont droites, sans \u00e9pines et l\u00e9g\u00e8rement c\u00f4tel\u00e9es. Pour acc\u00e9l\u00e9rer la germination, faites tremper les semences dans l&#8217;eau ti\u00e8de pendant 24heures. 56 jours \u00e0 la r\u00e9colte McKenzie<\/p>\n","protected":false},"featured_media":23222,"template":"","meta":[],"product_cat":[125],"product_tag":[],"acf":[],"_links":{"self":[{"href":"https:\/\/www.paysagesrossignol.com\/en\/wp-json\/wp\/v2\/product\/12856"}],"collection":[{"href":"https:\/\/www.paysagesrossignol.com\/en\/wp-json\/wp\/v2\/product"}],"about":[{"href":"https:\/\/www.paysagesrossignol.com\/en\/wp-json\/wp\/v2\/types\/product"}],"wp:featuredmedia":[{"embeddable":true,"href":"https:\/\/www.paysagesrossignol.com\/en\/wp-json\/wp\/v2\/media\/23222"}],"wp:attachment":[{"href":"https:\/\/www.paysagesrossignol.com\/en\/wp-json\/wp\/v2\/media?parent=12856"}],"wp:term":[{"taxonomy":"product_cat","embeddable":true,"href":"https:\/\/www.paysagesrossignol.com\/en\/wp-json\/wp\/v2\/product_cat?post=12856"},{"taxonomy":"product_tag","embeddable":true,"href":"https:\/\/www.paysagesrossignol.com\/en\/wp-json\/wp\/v2\/product_tag?post=12856"}],"curies":[{"name":"wp","href":"https:\/\/api.w.org\/{rel}","templated":true}]}}